{"id":67912,"date":"2024-01-22T12:05:58","date_gmt":"2024-01-22T12:09:23","guid":{"rendered":"https:\/\/factory.sale\/?post_type=product&#038;p=67912"},"modified":"2024-06-26T21:27:24","modified_gmt":"2024-06-26T21:27:24","slug":"helo-elektrikeris-cup-45-d-grafiit","status":"publish","type":"product","link":"https:\/\/factory.sale\/et\/toode\/helo-elektrikeris-cup-45-d-grafiit\/","title":{"rendered":"Helo elektrikeris Cup 45 D grafiit"},"content":{"rendered":"<p><strong>Tootekood:<\/strong> 004701<\/p>\n<p>&nbsp;<\/p>\n<p>Seinale kinnitatav Cup elektrikeris on t\u00f5eline elektrikeriste klassika. Selle pikaajalise populaarsuse saladus peitub ajatus v\u00e4limuses, vastupidavuses ja kasutusmugavuses. Oma p\u00f5hifunktsioonidega on see ideaalne valik v\u00e4ikestele ja keskmise suurusega saunaruumidele. D-mudel n\u00f5uab eraldi ostetavat WE 30 releekarbi ja Pure\/Elite Free juhtpaneeli kombinatsiooni.<\/p>\n<ul>\n<li>Kompaktne k\u00fcttekeha, mis soojendab sauna ruumi kiiresti<\/li>\n<li>4,5 kW<\/li>\n<li>Ideaalne 3 kuni 6 kuupmeetri suurustele saunaruumidele<\/li>\n<\/ul>\n<p>&nbsp;<\/p>\n<p><strong>Tehnilised andmed:<\/strong><\/p>\n<ul>\n<li>V\u00e4rv: Grafiit<\/li>\n<li>Kaal (kg): 10.2<\/li>\n<li>Kivide kogus (kg): 15<\/li>\n<li>Efekt (kW): 4,5<\/li>\n<li>M\u00f5\u00f5tmed (LxKxS): 410 x 580 x 280<\/li>\n<li>Sauna suurus (m\u00b3): 3-6<\/li>\n<li>Ohutuskaugus, tagant: 0<\/li>\n<li>Ohutuskaugus, \u00fclalt: 1200<\/li>\n<li>Ohutuskaugus, k\u00fcljelt: 50<\/li>\n<li>Ohutuskaugus, eest: 80<\/li>\n<\/ul>\n<p>&nbsp;<\/p>\n<p>&nbsp;<\/p>\n<p><a href=\"https:\/\/factory.sale\/wp-content\/uploads\/2024\/01\/Cup-D-Installation-manual-and-user-guide.pdf\" target=\"_blank\" rel=\"noopener\">Cup D &#8211; kasutus &#8211; ja paigaldusjuhend<\/a><\/p>\n<p><a href=\"https:\/\/factory.sale\/wp-content\/uploads\/2024\/01\/Cup-D-Pure-and-Elite-Instruction-manual-and-user-guide.pdf\" target=\"_blank\" rel=\"noopener\">Cup D &#8211; Pure and Elite &#8211; kasutus-ja paigaldusjuhend<\/a><\/p>\n<p><a href=\"https:\/\/factory.sale\/wp-content\/uploads\/2024\/01\/Cup-D-Declaration-of-conformity.pdf\" target=\"_blank\" rel=\"noopener\">Cup D &#8211; deklaratsioon<\/a><\/p>\n<p><a href=\"https:\/\/factory.sale\/wp-content\/uploads\/2024\/01\/Warranty-policy.pdf\" target=\"_blank\" rel=\"noopener\">Garantii<\/a><\/p>\n","protected":false},"excerpt":{"rendered":"<p>Seinale kinnitatav Cup elektrikeris on t\u00f5eline elektrikeriste klassika. Selle pikaajalise populaarsuse saladus peitub ajatus v\u00e4limuses, vastupidavuses ja kasutusmugavuses. Oma p\u00f5hifunktsioonidega on see ideaalne valik v\u00e4ikestele ja keskmise suurusega saunaruumidele. D-mudel n\u00f5uab eraldi ostetavat WE 30 releekarbi ja Pure\/Elite Free juhtpaneeli kombinatsiooni.<\/p>\n","protected":false},"featured_media":67889,"comment_status":"open","ping_status":"closed","template":"","meta":{"_acf_changed":false},"factory":[],"free-shipment":[],"product_brand":[],"product_cat":[2638,306],"product_tag":[2179,811,2176],"class_list":{"0":"post-67912","1":"product","2":"type-product","3":"status-publish","4":"has-post-thumbnail","6":"product_cat-helo-et","7":"product_cat-saunakerised","8":"product_tag-electric-heater-et","9":"product_tag-sauna-et","10":"product_tag-sauna-heater-et","12":"first","13":"instock","14":"sale","15":"taxable","16":"shipping-taxable","17":"purchasable","18":"product-type-simple"},"acf":[],"_links":{"self":[{"href":"https:\/\/factory.sale\/et\/wp-json\/wp\/v2\/product\/67912","targetHints":{"allow":["GET"]}}],"collection":[{"href":"https:\/\/factory.sale\/et\/wp-json\/wp\/v2\/product"}],"about":[{"href":"https:\/\/factory.sale\/et\/wp-json\/wp\/v2\/types\/product"}],"replies":[{"embeddable":true,"href":"https:\/\/factory.sale\/et\/wp-json\/wp\/v2\/comments?post=67912"}],"wp:featuredmedia":[{"embeddable":true,"href":"https:\/\/factory.sale\/et\/wp-json\/wp\/v2\/media\/67889"}],"wp:attachment":[{"href":"https:\/\/factory.sale\/et\/wp-json\/wp\/v2\/media?parent=67912"}],"wp:term":[{"taxonomy":"factory","embeddable":true,"href":"https:\/\/factory.sale\/et\/wp-json\/wp\/v2\/factory?post=67912"},{"taxonomy":"free-shipment","embeddable":true,"href":"https:\/\/factory.sale\/et\/wp-json\/wp\/v2\/free-shipment?post=67912"},{"taxonomy":"product_brand","embeddable":true,"href":"https:\/\/factory.sale\/et\/wp-json\/wp\/v2\/product_brand?post=67912"},{"taxonomy":"product_cat","embeddable":true,"href":"https:\/\/factory.sale\/et\/wp-json\/wp\/v2\/product_cat?post=67912"},{"taxonomy":"product_tag","embeddable":true,"href":"https:\/\/factory.sale\/et\/wp-json\/wp\/v2\/product_tag?post=67912"}],"curies":[{"name":"wp","href":"https:\/\/api.w.org\/{rel}","templated":true}]}}