{"id":6624,"date":"2022-06-09T04:27:22","date_gmt":"2022-06-09T14:10:25","guid":{"rendered":"https:\/\/factory.sale\/?post_type=product&#038;p=6624"},"modified":"2024-06-26T11:52:10","modified_gmt":"2024-06-26T11:52:10","slug":"ks-n12-pro-elektriline-toukeratas","status":"publish","type":"product","link":"https:\/\/factory.sale\/et\/toode\/ks-n12-pro-elektriline-toukeratas\/","title":{"rendered":"KS-N12 PRO elektriline t\u00f5ukeratas"},"content":{"rendered":"<p><img loading=\"lazy\" decoding=\"async\" class=\"alignnone wp-image-7133\" src=\"https:\/\/factory.sale\/wp-content\/uploads\/2022\/04\/Screen-Shot-2022-05-08-at-14.13.03-300x123.jpg\" alt=\"\" width=\"993\" height=\"407\" srcset=\"https:\/\/factory.sale\/wp-content\/uploads\/2022\/04\/Screen-Shot-2022-05-08-at-14.13.03-300x123.jpg 300w, https:\/\/factory.sale\/wp-content\/uploads\/2022\/04\/Screen-Shot-2022-05-08-at-14.13.03-150x62.jpg 150w, https:\/\/factory.sale\/wp-content\/uploads\/2022\/04\/Screen-Shot-2022-05-08-at-14.13.03-1024x421.jpg 1024w, https:\/\/factory.sale\/wp-content\/uploads\/2022\/04\/Screen-Shot-2022-05-08-at-14.13.03-600x247.jpg 600w\" sizes=\"auto, (max-width: 993px) 100vw, 993px\" \/><\/p>\n<p><strong>Garantii tingimused:<\/strong><\/p>\n<ul>\n<li>Mootor, juhtplaat 365 p\u00e4eva jooksul alates kauba tehasest v\u00e4ljasaatmisest.<\/li>\n<li>Akupakett 183 p\u00e4eva alates kauba tehasest v\u00e4ljasaatmisest.<\/li>\n<\/ul>\n<p>&nbsp;<\/p>\n<p><strong><em>Tarneaeg on tavaliselt 45 t\u00f6\u00f6p\u00e4eva<\/em><\/strong><\/p>\n","protected":false},"excerpt":{"rendered":"<p><strong>Kasutajas\u00f5bralikud elektrit\u00f5ukerattad, astu peale ja s\u00f5ida!<\/strong><\/p>\n<p><strong>King Song N12<\/strong> on uusim elektriline t\u00f5ukeratas oma 1000 W mootori ja topeltvedrustusega. King Song arendas N12 mugavaks ja elegantseks s\u00f5iduvahendiks.<\/p>\n","protected":false},"featured_media":6630,"comment_status":"open","ping_status":"closed","template":"","meta":{"_acf_changed":false},"factory":[],"free-shipment":[],"product_brand":[],"product_cat":[857,738],"product_tag":[],"class_list":{"0":"post-6624","1":"product","2":"type-product","3":"status-publish","4":"has-post-thumbnail","6":"product_cat-e-toukerattad-et","7":"product_cat-elektrilised-liikurid","9":"first","10":"instock","11":"sale","12":"taxable","13":"shipping-taxable","14":"purchasable","15":"product-type-simple"},"acf":[],"_links":{"self":[{"href":"https:\/\/factory.sale\/et\/wp-json\/wp\/v2\/product\/6624","targetHints":{"allow":["GET"]}}],"collection":[{"href":"https:\/\/factory.sale\/et\/wp-json\/wp\/v2\/product"}],"about":[{"href":"https:\/\/factory.sale\/et\/wp-json\/wp\/v2\/types\/product"}],"replies":[{"embeddable":true,"href":"https:\/\/factory.sale\/et\/wp-json\/wp\/v2\/comments?post=6624"}],"wp:featuredmedia":[{"embeddable":true,"href":"https:\/\/factory.sale\/et\/wp-json\/wp\/v2\/media\/6630"}],"wp:attachment":[{"href":"https:\/\/factory.sale\/et\/wp-json\/wp\/v2\/media?parent=6624"}],"wp:term":[{"taxonomy":"factory","embeddable":true,"href":"https:\/\/factory.sale\/et\/wp-json\/wp\/v2\/factory?post=6624"},{"taxonomy":"free-shipment","embeddable":true,"href":"https:\/\/factory.sale\/et\/wp-json\/wp\/v2\/free-shipment?post=6624"},{"taxonomy":"product_brand","embeddable":true,"href":"https:\/\/factory.sale\/et\/wp-json\/wp\/v2\/product_brand?post=6624"},{"taxonomy":"product_cat","embeddable":true,"href":"https:\/\/factory.sale\/et\/wp-json\/wp\/v2\/product_cat?post=6624"},{"taxonomy":"product_tag","embeddable":true,"href":"https:\/\/factory.sale\/et\/wp-json\/wp\/v2\/product_tag?post=6624"}],"curies":[{"name":"wp","href":"https:\/\/api.w.org\/{rel}","templated":true}]}}