{"id":65989,"date":"2024-01-19T09:28:06","date_gmt":"2024-01-19T09:37:19","guid":{"rendered":"https:\/\/factory.sale\/?post_type=product&#038;p=65989"},"modified":"2024-06-27T22:15:26","modified_gmt":"2024-06-27T22:15:26","slug":"helo-juhtpaneel-elite-free","status":"publish","type":"product","link":"https:\/\/factory.sale\/et\/toode\/helo-juhtpaneel-elite-free\/","title":{"rendered":"Helo juhtpaneel Elite Free"},"content":{"rendered":"<p><strong>Tootekood:<\/strong> 72005030<\/p>\n<p>&nbsp;<\/p>\n<p>Uus juhtpaneel Elite Free on n\u00fc\u00fcd uuendatud pilvep\u00f5hise funktsionaalsusega, mis v\u00f5imaldab teil oma sauna juhtida igal ajal ja igal pool. Mitmek\u00fclgne Elite Free juhtpaneel on m\u00f5eldud nii saunadele kui ka aurusaunadele ning see on varustatud k\u00f5rgtasemeliste omadustega. Lisaks isikup\u00e4rastatud seadistustele saab Elite Free programmeerida vastavalt teie isiklikule ajakavale. Lisage funktsioone nagu lisaventilaatorid, l\u00f5hnapumbad (aurugeneraatorid) v\u00f5i valgustid \u2013 Elite Free juhtpaneel haldab k\u00f5ike selgelt ja t\u00e4pselt. 4,5-tolline puutetundlik ekraan kuvab reaalajas informatsiooni iga sauna- ja auruvanni aspekti kohta. Paneel sisaldab energias\u00e4\u00e4stu funktsioone. Laadige alla Helo Control\u2122 rakendus App-store&#8217;ist ja Google-Play&#8217;st v\u00f5i kasutage PC jaoks m\u00f5eldud programmi. Helo Control \u2122 rakendusega saate juhtida sauna ja aurugeneraatori funktsioone igal ajal ja igal pool. Olgu te siis k\u00fclmast v\u00e4risemas ja suusam\u00e4gedelt koju minemas v\u00f5i p\u00e4rast pikka ja v\u00e4sitavat t\u00f6\u00f6p\u00e4eva koju s\u00f5itmas. Mis v\u00f5iks olla parem kui eelsoojendatud saun, kui j\u00f5uate koju? Elite Free juhtpaneeli ja Helo Control \u2122 rakendusega on k\u00f5ik see v\u00f5imalik.<\/p>\n<p>&nbsp;<\/p>\n<p><strong>\u00dcHILDUVUS<\/strong><\/p>\n<p>Elite Free on \u00fchilduv k\u00f5igi aurugeneraatoritega ja elektrikeristega, kus Elite Free on kerisega kaasas. Elite Free juhtpaneeli tuleks sel juhul pidada varuosaks.<\/p>\n<p>&nbsp;<\/p>\n<p><strong>Elite Free on \u00fchilduv j\u00e4rgmiste keristega:<\/strong><\/p>\n<p>Himalaya 70 WT Elite Helo-WT<br \/>\nHimalaya 105 WT Elite Helo-WT<br \/>\nRocher 70 Elite<br \/>\nRocher 105 Elite<br \/>\nRoxx 60 Elite Helo-WT<br \/>\nRoxx 90 Elite Helo-WT<\/p>\n<p>&nbsp;<\/p>\n<p>&nbsp;<\/p>\n<p><strong>Seinale kinnitatavad D-kerised WE40 kontaktorkastiga Elite Free on samuti \u00fchilduv j\u00e4rgmiste kerise + kontaktorkasti kombinatsioonidega:<\/strong><\/p>\n<p>Laava (Elite Free + WE40 kontaktorkast)<br \/>\nMagma (Elite Free + WE50 kontaktorkast)<br \/>\nSKLE (Elite Free + WE40 kontaktorkast)<br \/>\nSKLA (Elite Free + WE50 kontaktorkast)<\/p>\n<p>&nbsp;<\/p>\n<p>\u2022 \u00a0Helo Control rakendusega olete alati kontrolli all. Olgu te siis lemmiktoolis lugemas v\u00f5i tagaaias muru niitmas.<\/p>\n<p>\u2022 \u00a0Juhtige oma sauna ja aurufunktsioone kohaliku WiFi-v\u00f5rgu kaudu. Kasutage t\u00e4ieliku paindlikkuse tagamiseks oma arvutit v\u00f5i mobiilseadet.<\/p>\n<p>\u2022 \u00a0Soovitame juhtpaneeli paigaldada sauna v\u00e4lispuole madalamate temperatuuride t\u00f5ttu. Kui juhtpaneel asetatakse sauna siseruumi, veenduge, et temperatuur j\u00e4\u00e4ks alati alla 80 kraadi (\u00b0C).<\/p>\n<p>&nbsp;<\/p>\n<p><strong>Tehnilised andmed:<\/strong><\/p>\n<ul>\n<li>V\u00e4rv: Must<\/li>\n<li>Kaal (kg): 0.41<\/li>\n<li>M\u00f5\u00f5tmed (LxKxS): 85 x 127 x 14<\/li>\n<\/ul>\n<p>&nbsp;<\/p>\n<p>&nbsp;<\/p>\n<p><a href=\"https:\/\/factory.sale\/wp-content\/uploads\/2024\/01\/Elite-Free-Installation-manual-and-user-guide.pdf\" target=\"_blank\" rel=\"noopener\">Elite Free &#8211; kasutus-ja paigaldusjuhend<\/a><\/p>\n<p><a href=\"https:\/\/factory.sale\/wp-content\/uploads\/2024\/01\/Warranty-policy.pdf\" target=\"_blank\" rel=\"noopener\">Garantii<\/a><\/p>\n","protected":false},"excerpt":{"rendered":"<p>Uus juhtpaneel Elite Free on n\u00fc\u00fcd uuendatud pilvep\u00f5hise funktsionaalsusega, mis v\u00f5imaldab teil oma sauna juhtida igal ajal ja igal pool. Mitmek\u00fclgne Elite Free juhtpaneel on m\u00f5eldud nii saunadele kui ka aurusaunadele ning see on varustatud k\u00f5rgtasemeliste omadustega. Lisaks isikup\u00e4rastatud seadistustele saab Elite Free programmeerida vastavalt teie isiklikule ajakavale. Lisage funktsioone nagu lisaventilaatorid, l\u00f5hnapumbad (aurugeneraatorid) v\u00f5i valgustid \u2013 Elite Free juhtpaneel haldab k\u00f5ike selgelt ja t\u00e4pselt. 4,5-tolline puutetundlik ekraan kuvab reaalajas informatsiooni iga sauna- ja auruvanni aspekti kohta.<\/p>\n","protected":false},"featured_media":65978,"comment_status":"open","ping_status":"closed","template":"","meta":{"_acf_changed":false},"factory":[],"free-shipment":[],"product_brand":[],"product_cat":[1345],"product_tag":[811],"class_list":{"0":"post-65989","1":"product","2":"type-product","3":"status-publish","4":"has-post-thumbnail","6":"product_cat-juhtpuldid","7":"product_tag-sauna-et","9":"first","10":"instock","11":"sale","12":"taxable","13":"shipping-taxable","14":"purchasable","15":"product-type-simple"},"acf":[],"_links":{"self":[{"href":"https:\/\/factory.sale\/et\/wp-json\/wp\/v2\/product\/65989","targetHints":{"allow":["GET"]}}],"collection":[{"href":"https:\/\/factory.sale\/et\/wp-json\/wp\/v2\/product"}],"about":[{"href":"https:\/\/factory.sale\/et\/wp-json\/wp\/v2\/types\/product"}],"replies":[{"embeddable":true,"href":"https:\/\/factory.sale\/et\/wp-json\/wp\/v2\/comments?post=65989"}],"wp:featuredmedia":[{"embeddable":true,"href":"https:\/\/factory.sale\/et\/wp-json\/wp\/v2\/media\/65978"}],"wp:attachment":[{"href":"https:\/\/factory.sale\/et\/wp-json\/wp\/v2\/media?parent=65989"}],"wp:term":[{"taxonomy":"factory","embeddable":true,"href":"https:\/\/factory.sale\/et\/wp-json\/wp\/v2\/factory?post=65989"},{"taxonomy":"free-shipment","embeddable":true,"href":"https:\/\/factory.sale\/et\/wp-json\/wp\/v2\/free-shipment?post=65989"},{"taxonomy":"product_brand","embeddable":true,"href":"https:\/\/factory.sale\/et\/wp-json\/wp\/v2\/product_brand?post=65989"},{"taxonomy":"product_cat","embeddable":true,"href":"https:\/\/factory.sale\/et\/wp-json\/wp\/v2\/product_cat?post=65989"},{"taxonomy":"product_tag","embeddable":true,"href":"https:\/\/factory.sale\/et\/wp-json\/wp\/v2\/product_tag?post=65989"}],"curies":[{"name":"wp","href":"https:\/\/api.w.org\/{rel}","templated":true}]}}