{"id":65965,"date":"2024-01-19T09:12:44","date_gmt":"2024-01-19T09:19:41","guid":{"rendered":"https:\/\/factory.sale\/?post_type=product&#038;p=65965"},"modified":"2024-06-27T17:38:31","modified_gmt":"2024-06-27T17:38:31","slug":"helo-juhtpaneel-pure","status":"publish","type":"product","link":"https:\/\/factory.sale\/et\/toode\/helo-juhtpaneel-pure\/","title":{"rendered":"Helo juhtpaneel Pure"},"content":{"rendered":"<p><strong>Tootekood:<\/strong> 72001420<\/p>\n<p>&nbsp;<\/p>\n<p>Pure juhtpaneeli elegantne ja kompaktne disain muudab selle esimeseks valikuks neile, kes hindavad funktsionaalsust ja lihtsust. \u00d5huke must juhtpaneel v\u00f5imaldab valgustuse, temperatuuri ja sauna aja seadistamist vaid m\u00f5ne puudutusega. Loomulikult t\u00e4hendab algusaja valimine kuni k\u00fcmme tundi ette, et saate koju j\u00f5udes kohe imeliselt kuumasse sauna v\u00f5i auru astuda. Soovitame juhtpaneeli paigaldada sauna v\u00e4lispuole madalamate temperatuuride t\u00f5ttu. Kui juhtpaneel asetatakse sauna siseruumi, veenduge, et temperatuur j\u00e4\u00e4ks alati alla 80 kraadi.<\/p>\n<p>&nbsp;<\/p>\n<p>&nbsp;<\/p>\n<p><strong>Tehnilised andmed:<\/strong><\/p>\n<ul>\n<li>V\u00e4rv: Must<\/li>\n<li>Kaal (kg): 0.23<\/li>\n<li>M\u00f5\u00f5tmed (LxKxS): 85 x 127 x 14<\/li>\n<\/ul>\n<p>&nbsp;<\/p>\n<p>&nbsp;<\/p>\n<p>&nbsp;<\/p>\n<p>&nbsp;<\/p>\n<p><a href=\"https:\/\/factory.sale\/wp-content\/uploads\/2024\/01\/Pure-Installation-manual-and-user-guide-1.pdf\" target=\"_blank\" rel=\"noopener\">Pure &#8211; kasutus-ja paigaldusjuhend<\/a><\/p>\n<p><a href=\"https:\/\/factory.sale\/wp-content\/uploads\/2024\/01\/Warranty-policy.pdf\" target=\"_blank\" rel=\"noopener\">Garantii<\/a><\/p>\n","protected":false},"excerpt":{"rendered":"<p>Pure juhtpaneeli elegantne ja kompaktne disain muudab selle esimeseks valikuks neile, kes hindavad funktsionaalsust ja lihtsust. \u00d5huke must juhtpaneel v\u00f5imaldab valgustuse, temperatuuri ja sauna aja seadistamist vaid m\u00f5ne puudutusega. Loomulikult t\u00e4hendab algusaja valimine kuni k\u00fcmme tundi ette, et saate koju j\u00f5udes kohe imeliselt kuumasse sauna v\u00f5i auru astuda. Soovitame juhtpaneeli paigaldada sauna v\u00e4lispuole madalamate temperatuuride t\u00f5ttu. Kui juhtpaneel asetatakse sauna siseruumi, veenduge, et temperatuur j\u00e4\u00e4ks alati alla 80 kraadi.<\/p>\n","protected":false},"featured_media":65960,"comment_status":"open","ping_status":"closed","template":"","meta":{"_acf_changed":false},"factory":[],"free-shipment":[],"product_brand":[],"product_cat":[1345],"product_tag":[811],"class_list":{"0":"post-65965","1":"product","2":"type-product","3":"status-publish","4":"has-post-thumbnail","6":"product_cat-juhtpuldid","7":"product_tag-sauna-et","9":"first","10":"instock","11":"sale","12":"taxable","13":"shipping-taxable","14":"purchasable","15":"product-type-simple"},"acf":[],"_links":{"self":[{"href":"https:\/\/factory.sale\/et\/wp-json\/wp\/v2\/product\/65965","targetHints":{"allow":["GET"]}}],"collection":[{"href":"https:\/\/factory.sale\/et\/wp-json\/wp\/v2\/product"}],"about":[{"href":"https:\/\/factory.sale\/et\/wp-json\/wp\/v2\/types\/product"}],"replies":[{"embeddable":true,"href":"https:\/\/factory.sale\/et\/wp-json\/wp\/v2\/comments?post=65965"}],"wp:featuredmedia":[{"embeddable":true,"href":"https:\/\/factory.sale\/et\/wp-json\/wp\/v2\/media\/65960"}],"wp:attachment":[{"href":"https:\/\/factory.sale\/et\/wp-json\/wp\/v2\/media?parent=65965"}],"wp:term":[{"taxonomy":"factory","embeddable":true,"href":"https:\/\/factory.sale\/et\/wp-json\/wp\/v2\/factory?post=65965"},{"taxonomy":"free-shipment","embeddable":true,"href":"https:\/\/factory.sale\/et\/wp-json\/wp\/v2\/free-shipment?post=65965"},{"taxonomy":"product_brand","embeddable":true,"href":"https:\/\/factory.sale\/et\/wp-json\/wp\/v2\/product_brand?post=65965"},{"taxonomy":"product_cat","embeddable":true,"href":"https:\/\/factory.sale\/et\/wp-json\/wp\/v2\/product_cat?post=65965"},{"taxonomy":"product_tag","embeddable":true,"href":"https:\/\/factory.sale\/et\/wp-json\/wp\/v2\/product_tag?post=65965"}],"curies":[{"name":"wp","href":"https:\/\/api.w.org\/{rel}","templated":true}]}}