{"id":64677,"date":"2024-01-17T10:35:08","date_gmt":"2024-01-17T10:38:02","guid":{"rendered":"https:\/\/factory.sale\/?post_type=product&#038;p=64677"},"modified":"2024-06-27T22:04:54","modified_gmt":"2024-06-27T22:04:54","slug":"rest-42x49-cm-roostevaba","status":"publish","type":"product","link":"https:\/\/factory.sale\/et\/toode\/rest-42x49-cm-roostevaba\/","title":{"rendered":"Rest 42\u00d749 cm (roostevaba)"},"content":{"rendered":"<p><strong>Tootekood:<\/strong> 21701130<\/p>\n<p>&nbsp;<\/p>\n<p><strong>Rest sobib kasutamiseks:<\/strong><\/p>\n<ul>\n<li><a href=\"https:\/\/factory.sale\/et\/toode\/kuumsuitsuahi-suur\/\" target=\"_blank\" rel=\"noopener\">Suure kuumsuitsuahjuga<\/a><\/li>\n<li><a href=\"https:\/\/factory.sale\/et\/toode\/kulmsuitsuahi-suur\/\" target=\"_blank\" rel=\"noopener\">Suure k\u00fclmsuitsuahjuga<\/a><\/li>\n<\/ul>\n<p>&nbsp;<\/p>\n<p><strong>Tehniline informatsioon:<\/strong><\/p>\n<ul>\n<li>Kaal: 0.9 kg<\/li>\n<li>M\u00f5\u00f5tmed: 42\u00d749 cm<\/li>\n<li>Materjal: roostevaba teras<\/li>\n<\/ul>\n","protected":false},"excerpt":{"rendered":"<p><strong>Rest sobib kasutamiseks:<\/strong><\/p>\n<ul>\n<li><a href=\"https:\/\/factory.sale\/et\/toode\/kuumsuitsuahi-suur\/\" target=\"_blank\" rel=\"noopener\">Suure kuumsuitsuahjuga<\/a><\/li>\n<li><a href=\"https:\/\/factory.sale\/et\/toode\/kulmsuitsuahi-suur\/\" target=\"_blank\" rel=\"noopener\">Suure k\u00fclmsuitsuahjuga<\/a><\/li>\n<\/ul>\n","protected":false},"featured_media":64657,"comment_status":"open","ping_status":"closed","template":"","meta":{"_acf_changed":false},"factory":[],"free-shipment":[],"product_brand":[],"product_cat":[924,2753],"product_tag":[],"class_list":{"0":"post-64677","1":"product","2":"type-product","3":"status-publish","4":"has-post-thumbnail","6":"product_cat-aiatooted","7":"product_cat-grillid-ja-ahjud","9":"first","10":"instock","11":"sale","12":"taxable","13":"shipping-taxable","14":"purchasable","15":"product-type-simple"},"acf":[],"_links":{"self":[{"href":"https:\/\/factory.sale\/et\/wp-json\/wp\/v2\/product\/64677","targetHints":{"allow":["GET"]}}],"collection":[{"href":"https:\/\/factory.sale\/et\/wp-json\/wp\/v2\/product"}],"about":[{"href":"https:\/\/factory.sale\/et\/wp-json\/wp\/v2\/types\/product"}],"replies":[{"embeddable":true,"href":"https:\/\/factory.sale\/et\/wp-json\/wp\/v2\/comments?post=64677"}],"wp:featuredmedia":[{"embeddable":true,"href":"https:\/\/factory.sale\/et\/wp-json\/wp\/v2\/media\/64657"}],"wp:attachment":[{"href":"https:\/\/factory.sale\/et\/wp-json\/wp\/v2\/media?parent=64677"}],"wp:term":[{"taxonomy":"factory","embeddable":true,"href":"https:\/\/factory.sale\/et\/wp-json\/wp\/v2\/factory?post=64677"},{"taxonomy":"free-shipment","embeddable":true,"href":"https:\/\/factory.sale\/et\/wp-json\/wp\/v2\/free-shipment?post=64677"},{"taxonomy":"product_brand","embeddable":true,"href":"https:\/\/factory.sale\/et\/wp-json\/wp\/v2\/product_brand?post=64677"},{"taxonomy":"product_cat","embeddable":true,"href":"https:\/\/factory.sale\/et\/wp-json\/wp\/v2\/product_cat?post=64677"},{"taxonomy":"product_tag","embeddable":true,"href":"https:\/\/factory.sale\/et\/wp-json\/wp\/v2\/product_tag?post=64677"}],"curies":[{"name":"wp","href":"https:\/\/api.w.org\/{rel}","templated":true}]}}