{"id":64659,"date":"2024-01-17T09:57:17","date_gmt":"2024-01-17T10:13:50","guid":{"rendered":"https:\/\/factory.sale\/?post_type=product&#038;p=64659"},"modified":"2024-06-26T10:22:18","modified_gmt":"2024-06-26T10:22:18","slug":"rest-39x365-cm-roostevaba","status":"publish","type":"product","link":"https:\/\/factory.sale\/et\/toode\/rest-39x365-cm-roostevaba\/","title":{"rendered":"Rest 39\u00d736,5 cm (roostevaba)"},"content":{"rendered":"<p><strong>Tootekood:<\/strong> 21701120<\/p>\n<p>&nbsp;<\/p>\n<p><strong>Rest sobib kasutamiseks:<\/strong><\/p>\n<ul>\n<li><a href=\"https:\/\/factory.sale\/et\/toode\/stoveman-grill-profi\/\" target=\"_blank\" rel=\"noopener\">Stoveman gillile PROFI<\/a><\/li>\n<li><a href=\"https:\/\/factory.sale\/et\/toode\/lokkealus-vorguga\/\" target=\"_blank\" rel=\"noopener\">Stoveman l\u00f5kkeasemele<\/a><\/li>\n<li><a href=\"https:\/\/factory.sale\/et\/toode\/stoveman-lokkease-profi\/\" target=\"_blank\" rel=\"noopener\">Stoveman l\u00f5kkeasemele PROFI<\/a><\/li>\n<li><a href=\"https:\/\/factory.sale\/et\/toode\/kuumsuitsuahi-suur\/\" target=\"_blank\" rel=\"noopener\">Kuumsuitsuahjule (v\u00e4ike)<\/a><\/li>\n<li><a href=\"https:\/\/factory.sale\/et\/toode\/kulmsuitsuahi-vaike\/\" target=\"_blank\" rel=\"noopener\">K\u00fclmsuitsuahjule (v\u00e4ike)<\/a><\/li>\n<\/ul>\n<p>&nbsp;<\/p>\n<p><strong>Tehnilised andmed:<\/strong><\/p>\n<ul>\n<li>Kaal: 0.4 kg<\/li>\n<li>M\u00f5\u00f5dud: 39 \u00d7 36,5 cm<\/li>\n<li>Material: roostevaba<\/li>\n<\/ul>\n","protected":false},"excerpt":{"rendered":"<p><strong>Rest sobib kasutamiseks:<\/strong><\/p>\n<ul>\n<li><a href=\"https:\/\/factory.sale\/et\/toode\/stoveman-grill-profi\/\" target=\"_blank\" rel=\"noopener\">Stoveman gillile PROFI<\/a><\/li>\n<li><a href=\"https:\/\/factory.sale\/et\/toode\/lokkealus-vorguga\/\" target=\"_blank\" rel=\"noopener\">Stoveman l\u00f5kkeasemele<\/a><\/li>\n<li><a href=\"https:\/\/factory.sale\/et\/toode\/stoveman-lokkease-profi\/\" target=\"_blank\" rel=\"noopener\">Stoveman l\u00f5kkeasemele PROFI<\/a><\/li>\n<li><a href=\"https:\/\/factory.sale\/et\/toode\/kuumsuitsuahi-suur\/\" target=\"_blank\" rel=\"noopener\">Kuumsuitsuahjule (v\u00e4ike)<\/a><\/li>\n<li><a href=\"https:\/\/factory.sale\/et\/toode\/kulmsuitsuahi-vaike\/\" target=\"_blank\" rel=\"noopener\">K\u00fclmsuitsuahjule (v\u00e4ike)<\/a><\/li>\n<\/ul>\n<p>&nbsp;<\/p>\n","protected":false},"featured_media":64657,"comment_status":"open","ping_status":"closed","template":"","meta":{"_acf_changed":false},"factory":[],"free-shipment":[],"product_brand":[],"product_cat":[924,2753],"product_tag":[928],"class_list":{"0":"post-64659","1":"product","2":"type-product","3":"status-publish","4":"has-post-thumbnail","6":"product_cat-aiatooted","7":"product_cat-grillid-ja-ahjud","8":"product_tag-grill-et","10":"first","11":"instock","12":"sale","13":"taxable","14":"shipping-taxable","15":"purchasable","16":"product-type-simple"},"acf":[],"_links":{"self":[{"href":"https:\/\/factory.sale\/et\/wp-json\/wp\/v2\/product\/64659","targetHints":{"allow":["GET"]}}],"collection":[{"href":"https:\/\/factory.sale\/et\/wp-json\/wp\/v2\/product"}],"about":[{"href":"https:\/\/factory.sale\/et\/wp-json\/wp\/v2\/types\/product"}],"replies":[{"embeddable":true,"href":"https:\/\/factory.sale\/et\/wp-json\/wp\/v2\/comments?post=64659"}],"wp:featuredmedia":[{"embeddable":true,"href":"https:\/\/factory.sale\/et\/wp-json\/wp\/v2\/media\/64657"}],"wp:attachment":[{"href":"https:\/\/factory.sale\/et\/wp-json\/wp\/v2\/media?parent=64659"}],"wp:term":[{"taxonomy":"factory","embeddable":true,"href":"https:\/\/factory.sale\/et\/wp-json\/wp\/v2\/factory?post=64659"},{"taxonomy":"free-shipment","embeddable":true,"href":"https:\/\/factory.sale\/et\/wp-json\/wp\/v2\/free-shipment?post=64659"},{"taxonomy":"product_brand","embeddable":true,"href":"https:\/\/factory.sale\/et\/wp-json\/wp\/v2\/product_brand?post=64659"},{"taxonomy":"product_cat","embeddable":true,"href":"https:\/\/factory.sale\/et\/wp-json\/wp\/v2\/product_cat?post=64659"},{"taxonomy":"product_tag","embeddable":true,"href":"https:\/\/factory.sale\/et\/wp-json\/wp\/v2\/product_tag?post=64659"}],"curies":[{"name":"wp","href":"https:\/\/api.w.org\/{rel}","templated":true}]}}