{"id":64605,"date":"2024-01-17T09:12:40","date_gmt":"2024-01-17T09:15:45","guid":{"rendered":"https:\/\/factory.sale\/?post_type=product&#038;p=64605"},"modified":"2024-06-26T05:24:18","modified_gmt":"2024-06-26T05:24:18","slug":"stoveman-grillvardad-5-tk","status":"publish","type":"product","link":"https:\/\/factory.sale\/et\/toode\/stoveman-grillvardad-5-tk\/","title":{"rendered":"Stoveman grillvardad 5 tk"},"content":{"rendered":"<p><strong>Tootekood:<\/strong> 12120065<\/p>\n<p>&nbsp;<\/p>\n<ul>\n<li>Pikkus: 53 cm<\/li>\n<li>Pakendi m\u00f5\u00f5tmed: 53 \u00d7 1 \u00d7 1 cm (P\/L\/K)<\/li>\n<li>Kaal: 1 kg<\/li>\n<\/ul>\n","protected":false},"excerpt":{"rendered":"<p>53 cm pikkusega grillvardad on ideaalsed maitsvate \u0161a\u0161l\u00f5kkide, k\u00f6\u00f6giviljade v\u00f5i liha h\u00f5lpsaks valmistamiseks. Valmistatud kvaliteetsetest materjalidest, on need vastupidavad, kergesti puhastatavad ja m\u00f5eldud \u00fchtlaseks k\u00fcpsetamiseks. Olgu tegemist taga\u00f5ue grillpeoga v\u00f5i pere\u00f5htus\u00f6\u00f6giga, meie grillvardad on ideaalne vahend suussulavate maitseelamuste vaevatuks pakkumiseks.<\/p>\n","protected":false},"featured_media":64602,"comment_status":"open","ping_status":"closed","template":"","meta":{"_acf_changed":false},"factory":[],"free-shipment":[],"product_brand":[],"product_cat":[924,2753],"product_tag":[928,1484,2714],"class_list":{"0":"post-64605","1":"product","2":"type-product","3":"status-publish","4":"has-post-thumbnail","6":"product_cat-aiatooted","7":"product_cat-grillid-ja-ahjud","8":"product_tag-grill-et","9":"product_tag-yard-et","10":"product_tag-yard-and-garden-et","12":"first","13":"instock","14":"sale","15":"taxable","16":"shipping-taxable","17":"purchasable","18":"product-type-simple"},"acf":[],"_links":{"self":[{"href":"https:\/\/factory.sale\/et\/wp-json\/wp\/v2\/product\/64605","targetHints":{"allow":["GET"]}}],"collection":[{"href":"https:\/\/factory.sale\/et\/wp-json\/wp\/v2\/product"}],"about":[{"href":"https:\/\/factory.sale\/et\/wp-json\/wp\/v2\/types\/product"}],"replies":[{"embeddable":true,"href":"https:\/\/factory.sale\/et\/wp-json\/wp\/v2\/comments?post=64605"}],"wp:featuredmedia":[{"embeddable":true,"href":"https:\/\/factory.sale\/et\/wp-json\/wp\/v2\/media\/64602"}],"wp:attachment":[{"href":"https:\/\/factory.sale\/et\/wp-json\/wp\/v2\/media?parent=64605"}],"wp:term":[{"taxonomy":"factory","embeddable":true,"href":"https:\/\/factory.sale\/et\/wp-json\/wp\/v2\/factory?post=64605"},{"taxonomy":"free-shipment","embeddable":true,"href":"https:\/\/factory.sale\/et\/wp-json\/wp\/v2\/free-shipment?post=64605"},{"taxonomy":"product_brand","embeddable":true,"href":"https:\/\/factory.sale\/et\/wp-json\/wp\/v2\/product_brand?post=64605"},{"taxonomy":"product_cat","embeddable":true,"href":"https:\/\/factory.sale\/et\/wp-json\/wp\/v2\/product_cat?post=64605"},{"taxonomy":"product_tag","embeddable":true,"href":"https:\/\/factory.sale\/et\/wp-json\/wp\/v2\/product_tag?post=64605"}],"curies":[{"name":"wp","href":"https:\/\/api.w.org\/{rel}","templated":true}]}}