{"id":64148,"date":"2024-01-16T14:20:32","date_gmt":"2024-01-16T14:23:27","guid":{"rendered":"https:\/\/factory.sale\/?post_type=product&#038;p=64148"},"modified":"2024-06-25T13:59:06","modified_gmt":"2024-06-25T13:59:06","slug":"grillplank-lepp-40cm","status":"publish","type":"product","link":"https:\/\/factory.sale\/et\/toode\/grillplank-lepp-40cm\/","title":{"rendered":"Grillplank (lepp) 40cm"},"content":{"rendered":"<p><strong>Tootekood:<\/strong> 13290030<\/p>\n<p>&nbsp;<\/p>\n<p>Grillpank kala v\u00f5i liha k\u00fcpsetamiseks.<\/p>\n<p><strong>Kasutamine:<\/strong> Leota planku enne grillile panekut v\u00e4hemalt 30 minutit vees. Kui k\u00fcpsetate kala koos nahaga, m\u00e4\u00e4rige enne plangule asetamist nahka toidu\u00f5liga. Asetage kala nahaga plangu poole. L\u00fckka s\u00f6egrillil valmis s\u00f6ed grilli \u00fchele poolele ja aseta plank toiduga restile grilli teisel poolel. Sule k\u00fcpsetamise ajaks grill.<\/p>\n<p>Serveeri toit otse plangul. Grillplanku saab kasutada paar-kolm korda ja l\u00f5puks v\u00f5id murda s\u00f6estunud j\u00e4\u00e4gid grillile ning kasuta suitsu saamiseks grillimisel. Uuesti kasutamiseks lihtsalt loputa planku veega ja s\u00e4ilita puhtas, kuivas kohas. \u00c4ra kasuta seepi, see muudab plangu maitseomadusi.<\/p>\n<p><strong>PANE T\u00c4HELE!<\/strong> On normaalne, et plank v\u00f5ib kasutamisel s\u00fcttida. Hoia valmis ja kasuta pihustiga veepudelit, et kustutada tekkida v\u00f5ivaid leeke ja pidurdada plangu p\u00f5lemist. Kindlasti kasta kasutatud plank p\u00e4rast grillimist vette kuna plangu sees v\u00f5ib olla tulekoldeid ja h\u00f5\u00f5guvaid osakesi, mis v\u00f5ivad hiljem uuesti s\u00fcttida.<\/p>\n<p>&nbsp;<\/p>\n<p><strong>Tehnilised andmed:\u00a0<\/strong><\/p>\n<ul>\n<li>Pakendi m\u00f5\u00f5tmed: 12-22 \u00d7 40 \u00d7 1.5 cm (P\/L\/K)<\/li>\n<li>Kaal: 0.7 kg<\/li>\n<\/ul>\n","protected":false},"excerpt":{"rendered":"<p>Grillpank kala v\u00f5i liha k\u00fcpsetamiseks.<\/p>\n","protected":false},"featured_media":64136,"comment_status":"open","ping_status":"closed","template":"","meta":{"_acf_changed":false},"factory":[],"free-shipment":[],"product_brand":[],"product_cat":[924,2753],"product_tag":[1483,1484],"class_list":{"0":"post-64148","1":"product","2":"type-product","3":"status-publish","4":"has-post-thumbnail","6":"product_cat-aiatooted","7":"product_cat-grillid-ja-ahjud","8":"product_tag-garden-et","9":"product_tag-yard-et","11":"first","12":"instock","13":"sale","14":"taxable","15":"shipping-taxable","16":"purchasable","17":"product-type-simple"},"acf":[],"_links":{"self":[{"href":"https:\/\/factory.sale\/et\/wp-json\/wp\/v2\/product\/64148","targetHints":{"allow":["GET"]}}],"collection":[{"href":"https:\/\/factory.sale\/et\/wp-json\/wp\/v2\/product"}],"about":[{"href":"https:\/\/factory.sale\/et\/wp-json\/wp\/v2\/types\/product"}],"replies":[{"embeddable":true,"href":"https:\/\/factory.sale\/et\/wp-json\/wp\/v2\/comments?post=64148"}],"wp:featuredmedia":[{"embeddable":true,"href":"https:\/\/factory.sale\/et\/wp-json\/wp\/v2\/media\/64136"}],"wp:attachment":[{"href":"https:\/\/factory.sale\/et\/wp-json\/wp\/v2\/media?parent=64148"}],"wp:term":[{"taxonomy":"factory","embeddable":true,"href":"https:\/\/factory.sale\/et\/wp-json\/wp\/v2\/factory?post=64148"},{"taxonomy":"free-shipment","embeddable":true,"href":"https:\/\/factory.sale\/et\/wp-json\/wp\/v2\/free-shipment?post=64148"},{"taxonomy":"product_brand","embeddable":true,"href":"https:\/\/factory.sale\/et\/wp-json\/wp\/v2\/product_brand?post=64148"},{"taxonomy":"product_cat","embeddable":true,"href":"https:\/\/factory.sale\/et\/wp-json\/wp\/v2\/product_cat?post=64148"},{"taxonomy":"product_tag","embeddable":true,"href":"https:\/\/factory.sale\/et\/wp-json\/wp\/v2\/product_tag?post=64148"}],"curies":[{"name":"wp","href":"https:\/\/api.w.org\/{rel}","templated":true}]}}