{"id":64109,"date":"2024-01-16T13:41:29","date_gmt":"2024-01-16T13:47:01","guid":{"rendered":"https:\/\/factory.sale\/?post_type=product&#038;p=64109"},"modified":"2024-06-28T13:16:35","modified_gmt":"2024-06-28T13:16:35","slug":"suitsutuslaast-lepp-pakk-3l","status":"publish","type":"product","link":"https:\/\/factory.sale\/et\/toode\/suitsutuslaast-lepp-pakk-3l\/","title":{"rendered":"Suitsutuslaast lepp (pakk 3L)"},"content":{"rendered":"<p><strong>Tootekood:<\/strong> 20900340<\/p>\n<p>&nbsp;<\/p>\n<p>Spetsiaalselt grillis\u00f5prade jaoks loodud, infundeerivad need laastud teie lihad ja k\u00f6\u00f6giviljad \u00f5rna, maheda magusa suitsumaitsega, tuues autentse \u00f5ues toiduvalmistamise maitse otse teie tagaaeda. Olgu te grillimas l\u00f5het, veiseliha, kana v\u00f5i k\u00f6\u00f6givilju, meie lepalaastud tagavad t\u00e4iuslikult tasakaalustatud maitse, mis j\u00e4tavad teie k\u00fclalistele s\u00fcgava mulje. Lihtne kasutada ja sobilik k\u00f5ikidele suitsetajatele ja grillidele, on need laastud teie kindel valik unustamatute s\u00f6\u00f6gikordade loomiseks.<\/p>\n<p>&nbsp;<\/p>\n<p>&nbsp;<\/p>\n<p><strong>Tehnilised andmed:<\/strong><\/p>\n<ul>\n<li>Kastis: 24 pk<\/li>\n<li>Pakendi m\u00f5\u00f5tmed: 30 \u00d7 18 \u00d7 6 cm (P\/L\/K)<\/li>\n<li>Kaal: 0.5 kg<\/li>\n<\/ul>\n<p>&nbsp;<\/p>\n<p>&nbsp;<\/p>\n<p>&nbsp;<\/p>\n","protected":false},"excerpt":{"rendered":"<p>Spetsiaalselt grillis\u00f5prade jaoks loodud, infundeerivad need laastud teie lihad ja k\u00f6\u00f6giviljad \u00f5rna, maheda magusa suitsumaitsega, tuues autentse \u00f5ues toiduvalmistamise maitse otse teie tagaaeda. Olgu te grillimas l\u00f5het, veiseliha, kana v\u00f5i k\u00f6\u00f6givilju, meie lepalaastud tagavad t\u00e4iuslikult tasakaalustatud maitse, mis j\u00e4tavad teie k\u00fclalistele s\u00fcgava mulje. Lihtne kasutada ja sobilik k\u00f5ikidele suitsetajatele ja grillidele, on need laastud teie kindel valik unustamatute s\u00f6\u00f6gikordade loomiseks.<\/p>\n","protected":false},"featured_media":64104,"comment_status":"open","ping_status":"closed","template":"","meta":{"_acf_changed":false},"factory":[],"free-shipment":[],"product_brand":[],"product_cat":[924,2753],"product_tag":[1483,2714],"class_list":{"0":"post-64109","1":"product","2":"type-product","3":"status-publish","4":"has-post-thumbnail","6":"product_cat-aiatooted","7":"product_cat-grillid-ja-ahjud","8":"product_tag-garden-et","9":"product_tag-yard-and-garden-et","11":"first","12":"instock","13":"sale","14":"taxable","15":"shipping-taxable","16":"purchasable","17":"product-type-simple"},"acf":[],"_links":{"self":[{"href":"https:\/\/factory.sale\/et\/wp-json\/wp\/v2\/product\/64109","targetHints":{"allow":["GET"]}}],"collection":[{"href":"https:\/\/factory.sale\/et\/wp-json\/wp\/v2\/product"}],"about":[{"href":"https:\/\/factory.sale\/et\/wp-json\/wp\/v2\/types\/product"}],"replies":[{"embeddable":true,"href":"https:\/\/factory.sale\/et\/wp-json\/wp\/v2\/comments?post=64109"}],"wp:featuredmedia":[{"embeddable":true,"href":"https:\/\/factory.sale\/et\/wp-json\/wp\/v2\/media\/64104"}],"wp:attachment":[{"href":"https:\/\/factory.sale\/et\/wp-json\/wp\/v2\/media?parent=64109"}],"wp:term":[{"taxonomy":"factory","embeddable":true,"href":"https:\/\/factory.sale\/et\/wp-json\/wp\/v2\/factory?post=64109"},{"taxonomy":"free-shipment","embeddable":true,"href":"https:\/\/factory.sale\/et\/wp-json\/wp\/v2\/free-shipment?post=64109"},{"taxonomy":"product_brand","embeddable":true,"href":"https:\/\/factory.sale\/et\/wp-json\/wp\/v2\/product_brand?post=64109"},{"taxonomy":"product_cat","embeddable":true,"href":"https:\/\/factory.sale\/et\/wp-json\/wp\/v2\/product_cat?post=64109"},{"taxonomy":"product_tag","embeddable":true,"href":"https:\/\/factory.sale\/et\/wp-json\/wp\/v2\/product_tag?post=64109"}],"curies":[{"name":"wp","href":"https:\/\/api.w.org\/{rel}","templated":true}]}}