{"id":64095,"date":"2024-01-16T13:31:03","date_gmt":"2024-01-16T13:32:48","guid":{"rendered":"https:\/\/factory.sale\/?post_type=product&#038;p=64095"},"modified":"2024-06-26T02:04:01","modified_gmt":"2024-06-26T02:04:01","slug":"suitsuahju-kate-suur","status":"publish","type":"product","link":"https:\/\/factory.sale\/et\/toode\/suitsuahju-kate-suur\/","title":{"rendered":"Suitsuahju kate suur"},"content":{"rendered":"<p><strong>Tootekood:<\/strong> 11350020<\/p>\n<p>&nbsp;<\/p>\n<p>Suitsuahju kate sobib Stoveman suurele kuum -ja k\u00fclmsuitsuahjudele.<\/p>\n<p>&nbsp;<\/p>\n<p><strong>Tehnilised andmed:<\/strong><\/p>\n<ul>\n<li>Pakendi m\u00f5\u00f5tmed: 24 \u00d7 30 \u00d7 1 cm (P\/L\/K)<\/li>\n<li>Kaal: 0.6 kg<\/li>\n<\/ul>\n","protected":false},"excerpt":{"rendered":"<p>Suitsuahju kate sobib Stoveman suurele kuum -ja k\u00fclmsuitsuahjudele.<\/p>\n","protected":false},"featured_media":64085,"comment_status":"open","ping_status":"closed","template":"","meta":{"_acf_changed":false},"factory":[],"free-shipment":[],"product_brand":[],"product_cat":[924,2753],"product_tag":[1484,2714],"class_list":{"0":"post-64095","1":"product","2":"type-product","3":"status-publish","4":"has-post-thumbnail","6":"product_cat-aiatooted","7":"product_cat-grillid-ja-ahjud","8":"product_tag-yard-et","9":"product_tag-yard-and-garden-et","11":"first","12":"instock","13":"sale","14":"taxable","15":"shipping-taxable","16":"purchasable","17":"product-type-simple"},"acf":[],"_links":{"self":[{"href":"https:\/\/factory.sale\/et\/wp-json\/wp\/v2\/product\/64095","targetHints":{"allow":["GET"]}}],"collection":[{"href":"https:\/\/factory.sale\/et\/wp-json\/wp\/v2\/product"}],"about":[{"href":"https:\/\/factory.sale\/et\/wp-json\/wp\/v2\/types\/product"}],"replies":[{"embeddable":true,"href":"https:\/\/factory.sale\/et\/wp-json\/wp\/v2\/comments?post=64095"}],"wp:featuredmedia":[{"embeddable":true,"href":"https:\/\/factory.sale\/et\/wp-json\/wp\/v2\/media\/64085"}],"wp:attachment":[{"href":"https:\/\/factory.sale\/et\/wp-json\/wp\/v2\/media?parent=64095"}],"wp:term":[{"taxonomy":"factory","embeddable":true,"href":"https:\/\/factory.sale\/et\/wp-json\/wp\/v2\/factory?post=64095"},{"taxonomy":"free-shipment","embeddable":true,"href":"https:\/\/factory.sale\/et\/wp-json\/wp\/v2\/free-shipment?post=64095"},{"taxonomy":"product_brand","embeddable":true,"href":"https:\/\/factory.sale\/et\/wp-json\/wp\/v2\/product_brand?post=64095"},{"taxonomy":"product_cat","embeddable":true,"href":"https:\/\/factory.sale\/et\/wp-json\/wp\/v2\/product_cat?post=64095"},{"taxonomy":"product_tag","embeddable":true,"href":"https:\/\/factory.sale\/et\/wp-json\/wp\/v2\/product_tag?post=64095"}],"curies":[{"name":"wp","href":"https:\/\/api.w.org\/{rel}","templated":true}]}}