{"id":64022,"date":"2024-01-16T12:00:45","date_gmt":"2024-01-16T12:05:52","guid":{"rendered":"https:\/\/factory.sale\/?post_type=product&#038;p=64022"},"modified":"2025-02-25T09:29:10","modified_gmt":"2025-02-25T06:29:10","slug":"grillkoja-lokkease-koos-kubu-ja-korstnaga","status":"publish","type":"product","link":"https:\/\/factory.sale\/et\/toode\/grillkoja-lokkease-koos-kubu-ja-korstnaga\/","title":{"rendered":"Grillkoja l\u00f5kkease koos kubu ja korstnaga"},"content":{"rendered":"<p><strong>Tootekood:<\/strong> 12120120<\/p>\n<p>&nbsp;<\/p>\n<p>&nbsp;<\/p>\n<p>Stoveman Grillkoja L\u00f5kkease on m\u00f5eldud lahtise tule tegemiseks ja grillimiseks grillmajja v\u00f5i lehtlasse. Grillkoja l\u00f5kkease koosneb paljudest erinevatest detalidest, olles paigaldusjuhendi abil kergelt koostatav.<\/p>\n<p><strong>Komplektis on<\/strong> kahest detailist koosnev jalaosa, tuhasahtel, roostevabast materjalist kandiline grillimisrest, \u00fcmar p\u00f6\u00f6ratav roostevabast materjalist grillrest, riputuskaar koos riputusaasaga, puidust \u00e4\u00e4relaud(6tk), korstnatoru komplekt koos kubu ja riputuskettidega . P\u00f6\u00f6ratavat grillresti on v\u00f5imalik fikseerida kolme eri tasapinda.<\/p>\n<p>L\u00f5kkease on valmistatud 2 mm lehtterasest (tuharest 4 mm) ja viimistletud k\u00f5rgeid temperatuure taluva kuumuskindla v\u00e4rviga.<\/p>\n<p>L\u00f5kkeasemel tohib grillimisel kasutada vaid kvaliteetset puitu v\u00f5i spetsiaalset grills\u00fctt. Keelatud on muu p\u00f5leva materjali kasutamine!<br \/>\nKasutamise ajal ja p\u00e4rast kasutamise l\u00f5petamist ei tohi j\u00e4tta v\u00e4ligrilli j\u00e4relvalveta kuni p\u00f5levmaterjal (puit , s\u00f6ed vms) on t\u00e4ielikult p\u00f5lenud v\u00f5i p\u00f5lemisj\u00e4\u00e4gid veega kustutatud!<\/p>\n<p>&nbsp;<\/p>\n<p><strong>Tehnilised andmed:<\/strong><\/p>\n<ul>\n<li>Pakendi m\u00f5\u00f5tmed: 100 \u00d7 120 \u00d7 150 cm (P\/L\/K)<\/li>\n<li>Kaal: 95 kg<\/li>\n<\/ul>\n<p>&nbsp;<\/p>\n<p>&nbsp;<\/p>\n<p><a href=\"https:\/\/factory.sale\/wp-content\/uploads\/2024\/01\/Grillkoja_lokkeaseme_paigaldus_kasutusjuhend_Est.pdf\" target=\"_blank\" rel=\"noopener\">Kasutusjuhend<\/a><\/p>\n<p><a href=\"https:\/\/factory.sale\/wp-content\/uploads\/2024\/01\/grillkoda_joonis.pdf\" target=\"_blank\" rel=\"noopener\">Joonis<\/a><\/p>\n","protected":false},"excerpt":{"rendered":"<p>Stoveman Grillkoja L\u00f5kkease on m\u00f5eldud lahtise tule tegemiseks ja grillimiseks grillmajja v\u00f5i lehtlasse. Grillkoja l\u00f5kkease koosneb paljudest erinevatest detalidest, olles paigaldusjuhendi abil kergelt koostatav.<\/p>\n<p>&nbsp;<\/p>\n<p><strong>EI OLE HETKEL SAADAVAL!<\/strong><\/p>\n","protected":false},"featured_media":64018,"comment_status":"open","ping_status":"closed","template":"","meta":{"_acf_changed":false},"factory":[],"free-shipment":[],"product_brand":[],"product_cat":[924,2753],"product_tag":[1483,2714],"class_list":{"0":"post-64022","1":"product","2":"type-product","3":"status-publish","4":"has-post-thumbnail","6":"product_cat-aiatooted","7":"product_cat-grillid-ja-ahjud","8":"product_tag-garden-et","9":"product_tag-yard-and-garden-et","11":"first","12":"instock","13":"sale","14":"taxable","15":"shipping-taxable","16":"purchasable","17":"product-type-simple"},"acf":[],"_links":{"self":[{"href":"https:\/\/factory.sale\/et\/wp-json\/wp\/v2\/product\/64022","targetHints":{"allow":["GET"]}}],"collection":[{"href":"https:\/\/factory.sale\/et\/wp-json\/wp\/v2\/product"}],"about":[{"href":"https:\/\/factory.sale\/et\/wp-json\/wp\/v2\/types\/product"}],"replies":[{"embeddable":true,"href":"https:\/\/factory.sale\/et\/wp-json\/wp\/v2\/comments?post=64022"}],"wp:featuredmedia":[{"embeddable":true,"href":"https:\/\/factory.sale\/et\/wp-json\/wp\/v2\/media\/64018"}],"wp:attachment":[{"href":"https:\/\/factory.sale\/et\/wp-json\/wp\/v2\/media?parent=64022"}],"wp:term":[{"taxonomy":"factory","embeddable":true,"href":"https:\/\/factory.sale\/et\/wp-json\/wp\/v2\/factory?post=64022"},{"taxonomy":"free-shipment","embeddable":true,"href":"https:\/\/factory.sale\/et\/wp-json\/wp\/v2\/free-shipment?post=64022"},{"taxonomy":"product_brand","embeddable":true,"href":"https:\/\/factory.sale\/et\/wp-json\/wp\/v2\/product_brand?post=64022"},{"taxonomy":"product_cat","embeddable":true,"href":"https:\/\/factory.sale\/et\/wp-json\/wp\/v2\/product_cat?post=64022"},{"taxonomy":"product_tag","embeddable":true,"href":"https:\/\/factory.sale\/et\/wp-json\/wp\/v2\/product_tag?post=64022"}],"curies":[{"name":"wp","href":"https:\/\/api.w.org\/{rel}","templated":true}]}}