{"id":64001,"date":"2024-01-16T11:37:53","date_gmt":"2024-01-16T11:47:12","guid":{"rendered":"https:\/\/factory.sale\/?post_type=product&#038;p=64001"},"modified":"2024-06-28T01:18:36","modified_gmt":"2024-06-28T01:18:36","slug":"stoveman-lokkease-kubuga-premium","status":"publish","type":"product","link":"https:\/\/factory.sale\/et\/toode\/stoveman-lokkease-kubuga-premium\/","title":{"rendered":"Stoveman l\u00f5kkease kubuga Premium"},"content":{"rendered":"<p><strong>Tootekood:<\/strong> 12120134<\/p>\n<p>&nbsp;<\/p>\n<p>&nbsp;<\/p>\n<p>Stoveman l\u00f5kkease kubuga Premium on m\u00f5eldud lahtise tule tegemiseks ja grillimiseks koduaeda, suvilasse, turismitallu ja maakodusse. L\u00f5kkease koosneb paljudest erinevatest detalidest, olles samas on paigaldusjuhendi abil kergelt koostatav. Toode on valmistatud tugevast ja vastupidavast terasest ja viimistletud k\u00f5rgeid temperatuure taluva kuumuskindla v\u00e4rviga.<\/p>\n<p><strong>Komplektis on<\/strong> kaks tuulet\u00f5kke plaati, grillimisrestid (2tk) ja grillvardad (5tk)<\/p>\n<p>V\u00e4ligrillis tohib k\u00fctmiseks kasutada vaid kvaliteetset puitu v\u00f5i spetsiaalset grills\u00fctt. Keelatud on muu p\u00f5leva materjali kasutamine!<br \/>\nKasutamise ajal ja p\u00e4rast kasutamise l\u00f5petamist ei tohi j\u00e4tta v\u00e4ligrilli j\u00e4relvalveta kuni p\u00f5levmaterjal (puit , s\u00f6ed vms) on t\u00e4ielikult p\u00f5lenud v\u00f5i p\u00f5lemisj\u00e4\u00e4gid veega kustutatud!<\/p>\n<p>&nbsp;<\/p>\n<p><strong>Tooteteave:<\/strong><\/p>\n<ul>\n<li>M\u00f5\u00f5dud:\u00a080 x 70 x 250 cm<\/li>\n<li>Pakendi m\u00f5\u00f5tmed: 100 \u00d7 120 \u00d7 85 cm (P\/L\/K)<\/li>\n<li>Kaal: 90 kg<\/li>\n<\/ul>\n","protected":false},"excerpt":{"rendered":"<p>Stoveman l\u00f5kkease kubuga Premium on m\u00f5eldud lahtise tule tegemiseks ja grillimiseks koduaeda, suvilasse, turismitallu ja maakodusse. L\u00f5kkease koosneb paljudest erinevatest detalidest, olles samas on paigaldusjuhendi abil kergelt koostatav. Toode on valmistatud tugevast ja vastupidavast terasest ja viimistletud k\u00f5rgeid temperatuure taluva kuumuskindla v\u00e4rviga.<\/p>\n","protected":false},"featured_media":63997,"comment_status":"open","ping_status":"closed","template":"","meta":{"_acf_changed":false},"factory":[],"free-shipment":[],"product_brand":[],"product_cat":[924,2753],"product_tag":[1484,2714],"class_list":{"0":"post-64001","1":"product","2":"type-product","3":"status-publish","4":"has-post-thumbnail","6":"product_cat-aiatooted","7":"product_cat-grillid-ja-ahjud","8":"product_tag-yard-et","9":"product_tag-yard-and-garden-et","11":"first","12":"instock","13":"sale","14":"taxable","15":"shipping-taxable","16":"purchasable","17":"product-type-simple"},"acf":[],"_links":{"self":[{"href":"https:\/\/factory.sale\/et\/wp-json\/wp\/v2\/product\/64001","targetHints":{"allow":["GET"]}}],"collection":[{"href":"https:\/\/factory.sale\/et\/wp-json\/wp\/v2\/product"}],"about":[{"href":"https:\/\/factory.sale\/et\/wp-json\/wp\/v2\/types\/product"}],"replies":[{"embeddable":true,"href":"https:\/\/factory.sale\/et\/wp-json\/wp\/v2\/comments?post=64001"}],"wp:featuredmedia":[{"embeddable":true,"href":"https:\/\/factory.sale\/et\/wp-json\/wp\/v2\/media\/63997"}],"wp:attachment":[{"href":"https:\/\/factory.sale\/et\/wp-json\/wp\/v2\/media?parent=64001"}],"wp:term":[{"taxonomy":"factory","embeddable":true,"href":"https:\/\/factory.sale\/et\/wp-json\/wp\/v2\/factory?post=64001"},{"taxonomy":"free-shipment","embeddable":true,"href":"https:\/\/factory.sale\/et\/wp-json\/wp\/v2\/free-shipment?post=64001"},{"taxonomy":"product_brand","embeddable":true,"href":"https:\/\/factory.sale\/et\/wp-json\/wp\/v2\/product_brand?post=64001"},{"taxonomy":"product_cat","embeddable":true,"href":"https:\/\/factory.sale\/et\/wp-json\/wp\/v2\/product_cat?post=64001"},{"taxonomy":"product_tag","embeddable":true,"href":"https:\/\/factory.sale\/et\/wp-json\/wp\/v2\/product_tag?post=64001"}],"curies":[{"name":"wp","href":"https:\/\/api.w.org\/{rel}","templated":true}]}}