{"id":63617,"date":"2024-01-15T15:11:09","date_gmt":"2024-01-15T15:13:29","guid":{"rendered":"https:\/\/factory.sale\/?post_type=product&#038;p=63617"},"modified":"2024-06-25T13:39:54","modified_gmt":"2024-06-25T13:39:54","slug":"stovemani-lokkease","status":"publish","type":"product","link":"https:\/\/factory.sale\/et\/toode\/stovemani-lokkease\/","title":{"rendered":"Stovemani l\u00f5kkease"},"content":{"rendered":"<p><strong>Tootekood:<\/strong> 12120360<\/p>\n<p>&nbsp;<\/p>\n<p>Stoveman L\u00d5KKEASE on m\u00f5eldud lahtise tule tegemiseks ja grillimiseks koduaeda, suvilasse, turismitallu ja maakodusse. Stovemani l\u00f5kkease koosneb paljudest erinevatest detalidest, olles paigaldusjuhendi abil kergelt koostatav.<\/p>\n<p>Komplektis on kahest detailist koosnev jalaosa, tuhasahtel ja roostevabast materjalist grillimisrest. L\u00f5kkease on valmistatud 2mm lehtterasest (tuharest 4mm) ja viimistletud k\u00f5rgeid temperatuure taluva kuumuskindla v\u00e4rviga.<\/p>\n<p>L\u00f5kkeasemel tohib k\u00fctmiseks kasutada vaid kvaliteetset puitu v\u00f5i spetsiaalset grills\u00fctt. Keelatud on muu p\u00f5leva materjali kasutamine!<br \/>\nKasutamise ajal ja p\u00e4rast kasutamise l\u00f5petamist ei tohi j\u00e4tta v\u00e4ligrilli j\u00e4relvalveta kuni p\u00f5levmaterjal (puit , s\u00f6ed vms) on t\u00e4ielikult p\u00f5lenud v\u00f5i p\u00f5lemisj\u00e4\u00e4gid veega kustutatud!<\/p>\n<p>&nbsp;<\/p>\n<p>&nbsp;<\/p>\n<p><strong>\u00dcldandmed:<\/strong><\/p>\n<ul>\n<li>Jalgade k\u00f5rgus: 40 cm<\/li>\n<li>L\u00f5kkealuse l\u00e4bim\u00f5\u00f5t: 91 cm (s\u00fcgavus keskelt 16 cm, \u00e4\u00e4rest 10 cm)<\/li>\n<li>Roostevabast materjalist grillrest: 39 \u00d7 36,5 cm<\/li>\n<li>L\u00f5kkeaseme \u00fcldk\u00f5rgus: 57 cm<\/li>\n<li>Pakendi m\u00f5\u00f5tmed: 100 \u00d7 90 \u00d7 37 cm (P\/L\/K)<\/li>\n<li>Kaal: 38 kg<\/li>\n<\/ul>\n","protected":false},"excerpt":{"rendered":"<p>Stoveman L\u00d5KKEASE on m\u00f5eldud lahtise tule tegemiseks ja grillimiseks koduaeda, suvilasse, turismitallu ja maakodusse. Stovemani l\u00f5kkease koosneb paljudest erinevatest detalidest, olles paigaldusjuhendi abil kergelt koostatav.<\/p>\n","protected":false},"featured_media":63615,"comment_status":"open","ping_status":"closed","template":"","meta":{"_acf_changed":false},"factory":[],"free-shipment":[],"product_brand":[],"product_cat":[924,2753],"product_tag":[1483,2714],"class_list":{"0":"post-63617","1":"product","2":"type-product","3":"status-publish","4":"has-post-thumbnail","6":"product_cat-aiatooted","7":"product_cat-grillid-ja-ahjud","8":"product_tag-garden-et","9":"product_tag-yard-and-garden-et","11":"first","12":"instock","13":"sale","14":"taxable","15":"shipping-taxable","16":"purchasable","17":"product-type-simple"},"acf":[],"_links":{"self":[{"href":"https:\/\/factory.sale\/et\/wp-json\/wp\/v2\/product\/63617","targetHints":{"allow":["GET"]}}],"collection":[{"href":"https:\/\/factory.sale\/et\/wp-json\/wp\/v2\/product"}],"about":[{"href":"https:\/\/factory.sale\/et\/wp-json\/wp\/v2\/types\/product"}],"replies":[{"embeddable":true,"href":"https:\/\/factory.sale\/et\/wp-json\/wp\/v2\/comments?post=63617"}],"wp:featuredmedia":[{"embeddable":true,"href":"https:\/\/factory.sale\/et\/wp-json\/wp\/v2\/media\/63615"}],"wp:attachment":[{"href":"https:\/\/factory.sale\/et\/wp-json\/wp\/v2\/media?parent=63617"}],"wp:term":[{"taxonomy":"factory","embeddable":true,"href":"https:\/\/factory.sale\/et\/wp-json\/wp\/v2\/factory?post=63617"},{"taxonomy":"free-shipment","embeddable":true,"href":"https:\/\/factory.sale\/et\/wp-json\/wp\/v2\/free-shipment?post=63617"},{"taxonomy":"product_brand","embeddable":true,"href":"https:\/\/factory.sale\/et\/wp-json\/wp\/v2\/product_brand?post=63617"},{"taxonomy":"product_cat","embeddable":true,"href":"https:\/\/factory.sale\/et\/wp-json\/wp\/v2\/product_cat?post=63617"},{"taxonomy":"product_tag","embeddable":true,"href":"https:\/\/factory.sale\/et\/wp-json\/wp\/v2\/product_tag?post=63617"}],"curies":[{"name":"wp","href":"https:\/\/api.w.org\/{rel}","templated":true}]}}