{"id":63603,"date":"2024-01-15T13:50:00","date_gmt":"2024-01-15T14:50:48","guid":{"rendered":"https:\/\/factory.sale\/?post_type=product&#038;p=63603"},"modified":"2024-07-04T03:00:39","modified_gmt":"2024-07-04T03:00:39","slug":"stoveman-tulekorv","status":"publish","type":"product","link":"https:\/\/factory.sale\/et\/toode\/stoveman-tulekorv\/","title":{"rendered":"Stoveman tulekorv"},"content":{"rendered":"<p><strong>Tootekood:<\/strong> 12120200<\/p>\n<p>&nbsp;<\/p>\n<p>&nbsp;<\/p>\n<p>Tulekorv on m\u00f5eldud lahtise tule tegemiseks koduaeda, suvilasse, turismitallu ja maakodusse.<\/p>\n<p>Lihtsasti paigaldatav ja hoiustatav l\u00f5kkealus.<\/p>\n<p>Kasutamise ajal ja p\u00e4rast kasutamise l\u00f5petamist ei tohi j\u00e4tta l\u00f5kkealust j\u00e4relvalveta kuni p\u00f5levmaterjal (puit , s\u00f6ed vms) on t\u00e4ielikult p\u00f5lenud v\u00f5i p\u00f5lemisj\u00e4\u00e4gid veega kustutatud!<\/p>\n<p>&nbsp;<\/p>\n<p><strong>\u00dcldandmed:<\/strong><\/p>\n<ul>\n<li>Pakendi m\u00f5\u00f5tmed: 25 \u00d7 25 \u00d7 75 cm (P\/L\/K)<\/li>\n<li>Kaal: 8 kg<\/li>\n<\/ul>\n","protected":false},"excerpt":{"rendered":"<p>Tulekorv on m\u00f5eldud lahtise tule tegemiseks koduaeda, suvilasse, turismitallu ja maakodusse.<\/p>\n","protected":false},"featured_media":63593,"comment_status":"open","ping_status":"closed","template":"","meta":{"_acf_changed":false},"factory":[],"free-shipment":[],"product_brand":[],"product_cat":[924,2753],"product_tag":[1483,2714],"class_list":{"0":"post-63603","1":"product","2":"type-product","3":"status-publish","4":"has-post-thumbnail","6":"product_cat-aiatooted","7":"product_cat-grillid-ja-ahjud","8":"product_tag-garden-et","9":"product_tag-yard-and-garden-et","11":"first","12":"instock","13":"sale","14":"taxable","15":"shipping-taxable","16":"purchasable","17":"product-type-simple"},"acf":[],"_links":{"self":[{"href":"https:\/\/factory.sale\/et\/wp-json\/wp\/v2\/product\/63603","targetHints":{"allow":["GET"]}}],"collection":[{"href":"https:\/\/factory.sale\/et\/wp-json\/wp\/v2\/product"}],"about":[{"href":"https:\/\/factory.sale\/et\/wp-json\/wp\/v2\/types\/product"}],"replies":[{"embeddable":true,"href":"https:\/\/factory.sale\/et\/wp-json\/wp\/v2\/comments?post=63603"}],"wp:featuredmedia":[{"embeddable":true,"href":"https:\/\/factory.sale\/et\/wp-json\/wp\/v2\/media\/63593"}],"wp:attachment":[{"href":"https:\/\/factory.sale\/et\/wp-json\/wp\/v2\/media?parent=63603"}],"wp:term":[{"taxonomy":"factory","embeddable":true,"href":"https:\/\/factory.sale\/et\/wp-json\/wp\/v2\/factory?post=63603"},{"taxonomy":"free-shipment","embeddable":true,"href":"https:\/\/factory.sale\/et\/wp-json\/wp\/v2\/free-shipment?post=63603"},{"taxonomy":"product_brand","embeddable":true,"href":"https:\/\/factory.sale\/et\/wp-json\/wp\/v2\/product_brand?post=63603"},{"taxonomy":"product_cat","embeddable":true,"href":"https:\/\/factory.sale\/et\/wp-json\/wp\/v2\/product_cat?post=63603"},{"taxonomy":"product_tag","embeddable":true,"href":"https:\/\/factory.sale\/et\/wp-json\/wp\/v2\/product_tag?post=63603"}],"curies":[{"name":"wp","href":"https:\/\/api.w.org\/{rel}","templated":true}]}}