{"id":63560,"date":"2024-01-15T13:12:54","date_gmt":"2024-01-15T13:21:21","guid":{"rendered":"https:\/\/factory.sale\/?post_type=product&#038;p=63560"},"modified":"2024-06-25T13:41:05","modified_gmt":"2024-06-25T13:41:05","slug":"lokkealus-vorguga","status":"publish","type":"product","link":"https:\/\/factory.sale\/et\/toode\/lokkealus-vorguga\/","title":{"rendered":"L\u00f5kkealus v\u00f5rguga"},"content":{"rendered":"<p><strong>Tootekood:<\/strong> 13120153<\/p>\n<p>&nbsp;<\/p>\n<p>&nbsp;<\/p>\n<p>L\u00f5kkealus on m\u00f5eldud lahtise tule tegemiseks ja grillimiseks koduaeda, suvilasse, turismitallu ja maakodusse. L\u00f5kkealuse seina moodustavad kivid , mis asuvad kahe v\u00f5rgu vahel. Kivid ei ole komplektiga kaasas.<\/p>\n<p>Kasutamise ajal ja p\u00e4rast kasutamise l\u00f5petamist ei tohi j\u00e4tta l\u00f5kkealust j\u00e4relvalveta kuni p\u00f5levmaterjal (puit , s\u00f6ed vms) on t\u00e4ielikult p\u00f5lenud v\u00f5i p\u00f5lemisj\u00e4\u00e4gid veega kustutatud!<\/p>\n<p>&nbsp;<\/p>\n<p><strong>Tehnilised andmed:<\/strong><\/p>\n<ul>\n<li>Materjal : Metall<\/li>\n<li>V\u00e4rv: Must<\/li>\n<li>Pakendi m\u00f5\u00f5tmed: 75 \u00d7 75 \u00d7 61 cm (P\/L\/K)<\/li>\n<li>Kaal: 29.3 kg<\/li>\n<\/ul>\n<p>&nbsp;<\/p>\n<p><strong>Kasutamine<\/strong><\/p>\n<p>1. L\u00f5kkease on m\u00f5eldud l\u00f5kketule nautimiseks ja\/v\u00f5i toiduainete k\u00fcpsetamiseks lahtisel tulel v\u00f5i s\u00fctel v\u00e4listingimustes.<\/p>\n<p>2. Kasutamise ajal ja p\u00e4rast kasutamise l\u00f5petamist ei tohi j\u00e4tta l\u00f5kkeaset j\u00e4relvalveta kuni p\u00f5levmaterjal (puit, s\u00f6ed vms) on t\u00e4ielikult p\u00f5lenud v\u00f5i p\u00f5lemisj\u00e4\u00e4gid veega kustutatud.<\/p>\n<p>3. L\u00f5kkease tuleb peale kasutamist puhastada p\u00f5lemisj\u00e4\u00e4kidest.<\/p>\n<p>4. Meie toodetes tohib k\u00fctmiseks kasutada vaid puitu v\u00f5i spetsiaalset grills\u00fctt. Keelatud on muu p\u00f5leva materjali kasutamine.<\/p>\n<p>5. Kui l\u00f5kkeaset ei kasutata \u00fcle \u00fche kuu, on soovitatav seda hoida varju all v\u00f5i kinni katta, mis tagab toote parema vastupidavuse v\u00e4listingimustes.<\/p>\n<p>&nbsp;<\/p>\n<p>&nbsp;<\/p>\n","protected":false},"excerpt":{"rendered":"<p>L\u00f5kkealus on m\u00f5eldud lahtise tule tegemiseks ja grillimiseks koduaeda, suvilasse, turismitallu ja maakodusse. L\u00f5kkealuse seina moodustavad kivid , mis asuvad kahe v\u00f5rgu vahel. Kivid ei ole komplektiga kaasas.<\/p>\n","protected":false},"featured_media":63551,"comment_status":"open","ping_status":"closed","template":"","meta":{"_acf_changed":false},"factory":[],"free-shipment":[],"product_brand":[],"product_cat":[924,2753],"product_tag":[2714],"class_list":{"0":"post-63560","1":"product","2":"type-product","3":"status-publish","4":"has-post-thumbnail","6":"product_cat-aiatooted","7":"product_cat-grillid-ja-ahjud","8":"product_tag-yard-and-garden-et","10":"first","11":"instock","12":"sale","13":"taxable","14":"shipping-taxable","15":"purchasable","16":"product-type-simple"},"acf":[],"_links":{"self":[{"href":"https:\/\/factory.sale\/et\/wp-json\/wp\/v2\/product\/63560","targetHints":{"allow":["GET"]}}],"collection":[{"href":"https:\/\/factory.sale\/et\/wp-json\/wp\/v2\/product"}],"about":[{"href":"https:\/\/factory.sale\/et\/wp-json\/wp\/v2\/types\/product"}],"replies":[{"embeddable":true,"href":"https:\/\/factory.sale\/et\/wp-json\/wp\/v2\/comments?post=63560"}],"wp:featuredmedia":[{"embeddable":true,"href":"https:\/\/factory.sale\/et\/wp-json\/wp\/v2\/media\/63551"}],"wp:attachment":[{"href":"https:\/\/factory.sale\/et\/wp-json\/wp\/v2\/media?parent=63560"}],"wp:term":[{"taxonomy":"factory","embeddable":true,"href":"https:\/\/factory.sale\/et\/wp-json\/wp\/v2\/factory?post=63560"},{"taxonomy":"free-shipment","embeddable":true,"href":"https:\/\/factory.sale\/et\/wp-json\/wp\/v2\/free-shipment?post=63560"},{"taxonomy":"product_brand","embeddable":true,"href":"https:\/\/factory.sale\/et\/wp-json\/wp\/v2\/product_brand?post=63560"},{"taxonomy":"product_cat","embeddable":true,"href":"https:\/\/factory.sale\/et\/wp-json\/wp\/v2\/product_cat?post=63560"},{"taxonomy":"product_tag","embeddable":true,"href":"https:\/\/factory.sale\/et\/wp-json\/wp\/v2\/product_tag?post=63560"}],"curies":[{"name":"wp","href":"https:\/\/api.w.org\/{rel}","templated":true}]}}