{"id":63482,"date":"2024-01-15T11:22:04","date_gmt":"2024-01-15T11:26:04","guid":{"rendered":"https:\/\/factory.sale\/?post_type=product&#038;p=63482"},"modified":"2024-06-26T14:37:17","modified_gmt":"2024-06-26T14:37:17","slug":"stoveman-grill-piknik","status":"publish","type":"product","link":"https:\/\/factory.sale\/et\/toode\/stoveman-grill-piknik\/","title":{"rendered":"Stoveman grill Piknik"},"content":{"rendered":"<p><strong>Tootekood:<\/strong> 13120450<\/p>\n<p>&nbsp;<\/p>\n<p>&nbsp;<\/p>\n<p>Grill \u201ePiknik\u201c on m\u00f5eldud toiduainete k\u00fcpsetamiseks lahtisel tulel aias v\u00f5i mujal v\u00e4litingimustes.<\/p>\n<p>GRILLVANN on valmistatud kvaliteetsest 2 mm lehtterasest.<\/p>\n<p>Grill on v\u00e4ike ja lihtsalt kokku pandav.<\/p>\n<p>Grillimisel tohib kasutada vaid kvaliteetset puitu v\u00f5i spetsiaalset grills\u00fctt. Keelatud on muu p\u00f5leva materjali kasutamine!<\/p>\n<p>&nbsp;<\/p>\n<p><strong>\u00dcldandmed:<\/strong><\/p>\n<ul>\n<li>Pakendi m\u00f5\u00f5tmed: 28 \u00d7 40 \u00d7 37.5 cm (P\/L\/K)<\/li>\n<li>Kaal: 7 kg<\/li>\n<\/ul>\n","protected":false},"excerpt":{"rendered":"<p>Grill \u201ePiknik\u201c on m\u00f5eldud toiduainete k\u00fcpsetamiseks lahtisel tulel aias v\u00f5i mujal v\u00e4litingimustes.<\/p>\n","protected":false},"featured_media":63479,"comment_status":"open","ping_status":"closed","template":"","meta":{"_acf_changed":false},"factory":[],"free-shipment":[],"product_brand":[],"product_cat":[924,2753],"product_tag":[1483,928,1484,2714],"class_list":{"0":"post-63482","1":"product","2":"type-product","3":"status-publish","4":"has-post-thumbnail","6":"product_cat-aiatooted","7":"product_cat-grillid-ja-ahjud","8":"product_tag-garden-et","9":"product_tag-grill-et","10":"product_tag-yard-et","11":"product_tag-yard-and-garden-et","13":"first","14":"instock","15":"sale","16":"taxable","17":"shipping-taxable","18":"purchasable","19":"product-type-simple"},"acf":[],"_links":{"self":[{"href":"https:\/\/factory.sale\/et\/wp-json\/wp\/v2\/product\/63482","targetHints":{"allow":["GET"]}}],"collection":[{"href":"https:\/\/factory.sale\/et\/wp-json\/wp\/v2\/product"}],"about":[{"href":"https:\/\/factory.sale\/et\/wp-json\/wp\/v2\/types\/product"}],"replies":[{"embeddable":true,"href":"https:\/\/factory.sale\/et\/wp-json\/wp\/v2\/comments?post=63482"}],"wp:featuredmedia":[{"embeddable":true,"href":"https:\/\/factory.sale\/et\/wp-json\/wp\/v2\/media\/63479"}],"wp:attachment":[{"href":"https:\/\/factory.sale\/et\/wp-json\/wp\/v2\/media?parent=63482"}],"wp:term":[{"taxonomy":"factory","embeddable":true,"href":"https:\/\/factory.sale\/et\/wp-json\/wp\/v2\/factory?post=63482"},{"taxonomy":"free-shipment","embeddable":true,"href":"https:\/\/factory.sale\/et\/wp-json\/wp\/v2\/free-shipment?post=63482"},{"taxonomy":"product_brand","embeddable":true,"href":"https:\/\/factory.sale\/et\/wp-json\/wp\/v2\/product_brand?post=63482"},{"taxonomy":"product_cat","embeddable":true,"href":"https:\/\/factory.sale\/et\/wp-json\/wp\/v2\/product_cat?post=63482"},{"taxonomy":"product_tag","embeddable":true,"href":"https:\/\/factory.sale\/et\/wp-json\/wp\/v2\/product_tag?post=63482"}],"curies":[{"name":"wp","href":"https:\/\/api.w.org\/{rel}","templated":true}]}}