{"id":63469,"date":"2024-01-15T11:01:58","date_gmt":"2024-01-15T11:06:27","guid":{"rendered":"https:\/\/factory.sale\/?post_type=product&#038;p=63469"},"modified":"2024-06-26T15:13:16","modified_gmt":"2024-06-26T15:13:16","slug":"stoveman-grill-turismo","status":"publish","type":"product","link":"https:\/\/factory.sale\/et\/toode\/stoveman-grill-turismo\/","title":{"rendered":"Stoveman grill Turismo"},"content":{"rendered":"<p><strong>Tootekood:<\/strong> 13120090<\/p>\n<p>&nbsp;<\/p>\n<p>Stoveman GRILL TURISMO on m\u00f5eldud lahtise tule tegemiseks ja toiduainete grillimiseks koduaeda, suvilasse, turismitallu maakodusse v\u00f5i isegi matkale.<\/p>\n<p>&nbsp;<\/p>\n<p>&nbsp;<\/p>\n<p><strong>Grill Turismo komplekti kuulub:<\/strong><\/p>\n<p>\u2013 GRILLVANN mis on valmistatud kvaliteetsest 2mm lehtterasest<br \/>\n\u2013 GRILLIMISREST mis on valmistatud mustast metallv\u00f5rgust<br \/>\n\u2013 JALAD<\/p>\n<p>Grill on v\u00e4ike ja lihtsalt kokku pandav.<\/p>\n<p>Grillimisel tohib kasutada vaid kvaliteetset puitu v\u00f5i spetsiaalset grills\u00fctt. Keelatud on muu p\u00f5leva materjali kasutamine!<\/p>\n<p>&nbsp;<\/p>\n<p>&nbsp;<\/p>\n<p><strong>Tehnilised andmed:<\/strong><\/p>\n<ul>\n<li>Pakendi m\u00f5\u00f5tmed: 42 \u00d7 26 \u00d7 18 cm (P\/L\/K)<\/li>\n<li>Kaal: 8 kg<\/li>\n<\/ul>\n","protected":false},"excerpt":{"rendered":"<p>Stoveman GRILL TURISMO on m\u00f5eldud lahtise tule tegemiseks ja toiduainete grillimiseks koduaeda, suvilasse, turismitallu maakodusse v\u00f5i isegi matkale.<\/p>\n","protected":false},"featured_media":63467,"comment_status":"open","ping_status":"closed","template":"","meta":{"_acf_changed":false},"factory":[],"free-shipment":[],"product_brand":[],"product_cat":[924,2753],"product_tag":[1483,928,1484,2714],"class_list":{"0":"post-63469","1":"product","2":"type-product","3":"status-publish","4":"has-post-thumbnail","6":"product_cat-aiatooted","7":"product_cat-grillid-ja-ahjud","8":"product_tag-garden-et","9":"product_tag-grill-et","10":"product_tag-yard-et","11":"product_tag-yard-and-garden-et","13":"first","14":"instock","15":"sale","16":"taxable","17":"shipping-taxable","18":"purchasable","19":"product-type-simple"},"acf":[],"_links":{"self":[{"href":"https:\/\/factory.sale\/et\/wp-json\/wp\/v2\/product\/63469","targetHints":{"allow":["GET"]}}],"collection":[{"href":"https:\/\/factory.sale\/et\/wp-json\/wp\/v2\/product"}],"about":[{"href":"https:\/\/factory.sale\/et\/wp-json\/wp\/v2\/types\/product"}],"replies":[{"embeddable":true,"href":"https:\/\/factory.sale\/et\/wp-json\/wp\/v2\/comments?post=63469"}],"wp:featuredmedia":[{"embeddable":true,"href":"https:\/\/factory.sale\/et\/wp-json\/wp\/v2\/media\/63467"}],"wp:attachment":[{"href":"https:\/\/factory.sale\/et\/wp-json\/wp\/v2\/media?parent=63469"}],"wp:term":[{"taxonomy":"factory","embeddable":true,"href":"https:\/\/factory.sale\/et\/wp-json\/wp\/v2\/factory?post=63469"},{"taxonomy":"free-shipment","embeddable":true,"href":"https:\/\/factory.sale\/et\/wp-json\/wp\/v2\/free-shipment?post=63469"},{"taxonomy":"product_brand","embeddable":true,"href":"https:\/\/factory.sale\/et\/wp-json\/wp\/v2\/product_brand?post=63469"},{"taxonomy":"product_cat","embeddable":true,"href":"https:\/\/factory.sale\/et\/wp-json\/wp\/v2\/product_cat?post=63469"},{"taxonomy":"product_tag","embeddable":true,"href":"https:\/\/factory.sale\/et\/wp-json\/wp\/v2\/product_tag?post=63469"}],"curies":[{"name":"wp","href":"https:\/\/api.w.org\/{rel}","templated":true}]}}