{"id":63455,"date":"2024-01-15T10:45:49","date_gmt":"2024-01-15T10:49:47","guid":{"rendered":"https:\/\/factory.sale\/?post_type=product&#038;p=63455"},"modified":"2024-06-26T15:28:18","modified_gmt":"2024-06-26T15:28:18","slug":"stoveman-grill-villu","status":"publish","type":"product","link":"https:\/\/factory.sale\/et\/toode\/stoveman-grill-villu\/","title":{"rendered":"Stoveman Grill Villu"},"content":{"rendered":"<p><strong>Tootekood:<\/strong> 12120070<\/p>\n<p>&nbsp;<\/p>\n<p>Stoveman GRILL VILLU on m\u00f5eldud lahtise tule tegemiseks ja toiduainete grillimiseks koduaeda, suvilasse, turismitallu ja maakodusse.<\/p>\n<p>&nbsp;<\/p>\n<p><strong>Grill Villu komplekti kuulub:<\/strong><\/p>\n<p>\u2013 GRILLVANN mis on valmistatud kvaliteetsest 2mm lehtterasest<br \/>\n\u2013 GRILLIMISREST m\u00f5\u00f5tudega 31\u00d735 mis on valmistatud mustast metallv\u00f5rgust<br \/>\n\u2013 JALAD mis on valmistatud nelikanttorust 20\u00d720<\/p>\n<p>&nbsp;<\/p>\n<p>Grillil on kaks kasepuidust lakitud k\u00e4epidet. Kui komplekti kuuluvast \u00fchest grillrestist j\u00e4\u00e4b v\u00e4heks siis k\u00fcsige julgelt juurde lisaresti.<\/p>\n<p>Grill on viimistletud k\u00f5rgeid temperatuure taluva kuumuskindla v\u00e4rviga.<\/p>\n<p>Grillimisel tohib kasutada vaid kvaliteetset puitu v\u00f5i spetsiaalset grills\u00fctt. Keelatud on muu p\u00f5leva materjali kasutamine!<\/p>\n<p>&nbsp;<\/p>\n<p>&nbsp;<\/p>\n<p><strong>Tehnilised andmed:<\/strong><\/p>\n<ul>\n<li>Grillvann: 70 x 32 x 15 cm<\/li>\n<li>Grillrest: 31 x 35 cm<\/li>\n<li>\u00dcldk\u00f5rgus: 75 cm<\/li>\n<li>Pakendi m\u00f5\u00f5tmed: 94 \u00d7 32 \u00d7 17 cm (P\/L\/K)<\/li>\n<li>Kaal: 13 kg<\/li>\n<\/ul>\n","protected":false},"excerpt":{"rendered":"<p>Stoveman GRILL VILLU on m\u00f5eldud lahtise tule tegemiseks ja toiduainete grillimiseks koduaeda, suvilasse, turismitallu ja maakodusse.<\/p>\n","protected":false},"featured_media":63453,"comment_status":"open","ping_status":"closed","template":"","meta":{"_acf_changed":false},"factory":[],"free-shipment":[],"product_brand":[],"product_cat":[924,2753],"product_tag":[928,2714],"class_list":{"0":"post-63455","1":"product","2":"type-product","3":"status-publish","4":"has-post-thumbnail","6":"product_cat-aiatooted","7":"product_cat-grillid-ja-ahjud","8":"product_tag-grill-et","9":"product_tag-yard-and-garden-et","11":"first","12":"instock","13":"sale","14":"taxable","15":"shipping-taxable","16":"purchasable","17":"product-type-simple"},"acf":[],"_links":{"self":[{"href":"https:\/\/factory.sale\/et\/wp-json\/wp\/v2\/product\/63455","targetHints":{"allow":["GET"]}}],"collection":[{"href":"https:\/\/factory.sale\/et\/wp-json\/wp\/v2\/product"}],"about":[{"href":"https:\/\/factory.sale\/et\/wp-json\/wp\/v2\/types\/product"}],"replies":[{"embeddable":true,"href":"https:\/\/factory.sale\/et\/wp-json\/wp\/v2\/comments?post=63455"}],"wp:featuredmedia":[{"embeddable":true,"href":"https:\/\/factory.sale\/et\/wp-json\/wp\/v2\/media\/63453"}],"wp:attachment":[{"href":"https:\/\/factory.sale\/et\/wp-json\/wp\/v2\/media?parent=63455"}],"wp:term":[{"taxonomy":"factory","embeddable":true,"href":"https:\/\/factory.sale\/et\/wp-json\/wp\/v2\/factory?post=63455"},{"taxonomy":"free-shipment","embeddable":true,"href":"https:\/\/factory.sale\/et\/wp-json\/wp\/v2\/free-shipment?post=63455"},{"taxonomy":"product_brand","embeddable":true,"href":"https:\/\/factory.sale\/et\/wp-json\/wp\/v2\/product_brand?post=63455"},{"taxonomy":"product_cat","embeddable":true,"href":"https:\/\/factory.sale\/et\/wp-json\/wp\/v2\/product_cat?post=63455"},{"taxonomy":"product_tag","embeddable":true,"href":"https:\/\/factory.sale\/et\/wp-json\/wp\/v2\/product_tag?post=63455"}],"curies":[{"name":"wp","href":"https:\/\/api.w.org\/{rel}","templated":true}]}}