{"id":63444,"date":"2024-01-15T10:29:11","date_gmt":"2024-01-15T10:32:50","guid":{"rendered":"https:\/\/factory.sale\/?post_type=product&#038;p=63444"},"modified":"2024-06-27T16:02:47","modified_gmt":"2024-06-27T16:02:47","slug":"stoveman-grill-profi-katus","status":"publish","type":"product","link":"https:\/\/factory.sale\/et\/toode\/stoveman-grill-profi-katus\/","title":{"rendered":"Stoveman grill \u201dProfi\u201d katus"},"content":{"rendered":"<p><strong>Tootekood:<\/strong> 12120050<\/p>\n<p>&nbsp;<\/p>\n<p>Grill -i KATUS koos nelja tugijalaga on lisatarvik Profi grillile mis annab sellele teistmoodi v\u00e4ljan\u00e4gemise ja hoiab \u00e4ra otsese sademete sattumise grillvannile.<\/p>\n<p>Katus valmistatakse 2mm lehtterasest ja viimistletakse k\u00f5rgeid temperatuure taluva kuumuskindla v\u00e4rviga.<\/p>\n<p>&nbsp;<\/p>\n<p><strong>\u00dcldandmed:<\/strong><\/p>\n<ul>\n<li>\u00dcldk\u00f5rgus asetatuna grillvannile: 141 cm<\/li>\n<li>Pakendi m\u00f5\u00f5tmed: 88 \u00d7 48 \u00d7 15 cm (P\/L\/K)<\/li>\n<li>Kaal: 15 kg<\/li>\n<\/ul>\n","protected":false},"excerpt":{"rendered":"<p>Grill -i KATUS koos nelja tugijalaga on lisatarvik Profi grillile mis annab sellele teistmoodi v\u00e4ljan\u00e4gemise ja hoiab \u00e4ra otsese sademete sattumise grillvannile.\u00a0Katus valmistatakse 2mm lehtterasest ja viimistletakse k\u00f5rgeid temperatuure taluva kuumuskindla v\u00e4rviga.<\/p>\n","protected":false},"featured_media":63442,"comment_status":"open","ping_status":"closed","template":"","meta":{"_acf_changed":false},"factory":[],"free-shipment":[],"product_brand":[],"product_cat":[924,2753],"product_tag":[1483,928,1484],"class_list":{"0":"post-63444","1":"product","2":"type-product","3":"status-publish","4":"has-post-thumbnail","6":"product_cat-aiatooted","7":"product_cat-grillid-ja-ahjud","8":"product_tag-garden-et","9":"product_tag-grill-et","10":"product_tag-yard-et","12":"first","13":"instock","14":"sale","15":"taxable","16":"shipping-taxable","17":"purchasable","18":"product-type-simple"},"acf":[],"_links":{"self":[{"href":"https:\/\/factory.sale\/et\/wp-json\/wp\/v2\/product\/63444","targetHints":{"allow":["GET"]}}],"collection":[{"href":"https:\/\/factory.sale\/et\/wp-json\/wp\/v2\/product"}],"about":[{"href":"https:\/\/factory.sale\/et\/wp-json\/wp\/v2\/types\/product"}],"replies":[{"embeddable":true,"href":"https:\/\/factory.sale\/et\/wp-json\/wp\/v2\/comments?post=63444"}],"wp:featuredmedia":[{"embeddable":true,"href":"https:\/\/factory.sale\/et\/wp-json\/wp\/v2\/media\/63442"}],"wp:attachment":[{"href":"https:\/\/factory.sale\/et\/wp-json\/wp\/v2\/media?parent=63444"}],"wp:term":[{"taxonomy":"factory","embeddable":true,"href":"https:\/\/factory.sale\/et\/wp-json\/wp\/v2\/factory?post=63444"},{"taxonomy":"free-shipment","embeddable":true,"href":"https:\/\/factory.sale\/et\/wp-json\/wp\/v2\/free-shipment?post=63444"},{"taxonomy":"product_brand","embeddable":true,"href":"https:\/\/factory.sale\/et\/wp-json\/wp\/v2\/product_brand?post=63444"},{"taxonomy":"product_cat","embeddable":true,"href":"https:\/\/factory.sale\/et\/wp-json\/wp\/v2\/product_cat?post=63444"},{"taxonomy":"product_tag","embeddable":true,"href":"https:\/\/factory.sale\/et\/wp-json\/wp\/v2\/product_tag?post=63444"}],"curies":[{"name":"wp","href":"https:\/\/api.w.org\/{rel}","templated":true}]}}