{"id":63432,"date":"2024-01-15T10:09:24","date_gmt":"2024-01-15T10:15:16","guid":{"rendered":"https:\/\/factory.sale\/?post_type=product&#038;p=63432"},"modified":"2024-06-26T22:24:31","modified_gmt":"2024-06-26T22:24:31","slug":"stoveman-grill-profi-kaas","status":"publish","type":"product","link":"https:\/\/factory.sale\/et\/toode\/stoveman-grill-profi-kaas\/","title":{"rendered":"Stoveman Grill \u201cProfi\u201d kaas"},"content":{"rendered":"<p><strong>Tootekood:<\/strong> 12120060<\/p>\n<p>&nbsp;<\/p>\n<p>KAAS koos raamiga on lisatarvik Profi grill -ile, kaas on m\u00f5eldud paigaldamiseks otse grillile. Kaanel on oma raam, mis kinnitatakse kahe liblikpoldi abil grillvannile ning raam ja kaas on omavahel \u00fchendatud hingedega. Kaane eesmisel k\u00fcljel\/serval on avamiseks kasepuidust lakitud k\u00e4epide ja kaane tagumises servas on s\u00fcte h\u00f5\u00f5gumise reguleerimiseks suletav p\u00f6\u00f6rdsiiber.<\/p>\n<p>Kaas valmistatakse 2mm lehtterasest ja viimistletakse k\u00f5rgeid temperatuure taluva kuumuskindla v\u00e4rviga.<\/p>\n<p>Grillspetsid soovitavad!<\/p>\n<p>&nbsp;<\/p>\n<p><strong>Tehnilised andmed:<\/strong><\/p>\n<ul>\n<li>Kaane k\u00f5rgus: 7 cm<\/li>\n<li>Pakendi m\u00f5\u00f5tmed: 84 \u00d7 50 \u00d7 10 cm (P\/L\/K)<\/li>\n<li>Kaal: 10 kg<\/li>\n<\/ul>\n","protected":false},"excerpt":{"rendered":"<p>KAAS koos raamiga on lisatarvik Profi grill -ile, kaas on m\u00f5eldud paigaldamiseks otse grillile. Kaanel on oma raam, mis kinnitatakse kahe liblikpoldi abil grillvannile ning raam ja kaas on omavahel \u00fchendatud hingedega. Kaane eesmisel k\u00fcljel\/serval on avamiseks kasepuidust lakitud k\u00e4epide ja kaane tagumises servas on s\u00fcte h\u00f5\u00f5gumise reguleerimiseks suletav p\u00f6\u00f6rdsiiber.<\/p>\n","protected":false},"featured_media":63428,"comment_status":"open","ping_status":"closed","template":"","meta":{"_acf_changed":false},"factory":[],"free-shipment":[],"product_brand":[],"product_cat":[924,2753],"product_tag":[928,2714],"class_list":{"0":"post-63432","1":"product","2":"type-product","3":"status-publish","4":"has-post-thumbnail","6":"product_cat-aiatooted","7":"product_cat-grillid-ja-ahjud","8":"product_tag-grill-et","9":"product_tag-yard-and-garden-et","11":"first","12":"instock","13":"sale","14":"taxable","15":"shipping-taxable","16":"purchasable","17":"product-type-simple"},"acf":[],"_links":{"self":[{"href":"https:\/\/factory.sale\/et\/wp-json\/wp\/v2\/product\/63432","targetHints":{"allow":["GET"]}}],"collection":[{"href":"https:\/\/factory.sale\/et\/wp-json\/wp\/v2\/product"}],"about":[{"href":"https:\/\/factory.sale\/et\/wp-json\/wp\/v2\/types\/product"}],"replies":[{"embeddable":true,"href":"https:\/\/factory.sale\/et\/wp-json\/wp\/v2\/comments?post=63432"}],"wp:featuredmedia":[{"embeddable":true,"href":"https:\/\/factory.sale\/et\/wp-json\/wp\/v2\/media\/63428"}],"wp:attachment":[{"href":"https:\/\/factory.sale\/et\/wp-json\/wp\/v2\/media?parent=63432"}],"wp:term":[{"taxonomy":"factory","embeddable":true,"href":"https:\/\/factory.sale\/et\/wp-json\/wp\/v2\/factory?post=63432"},{"taxonomy":"free-shipment","embeddable":true,"href":"https:\/\/factory.sale\/et\/wp-json\/wp\/v2\/free-shipment?post=63432"},{"taxonomy":"product_brand","embeddable":true,"href":"https:\/\/factory.sale\/et\/wp-json\/wp\/v2\/product_brand?post=63432"},{"taxonomy":"product_cat","embeddable":true,"href":"https:\/\/factory.sale\/et\/wp-json\/wp\/v2\/product_cat?post=63432"},{"taxonomy":"product_tag","embeddable":true,"href":"https:\/\/factory.sale\/et\/wp-json\/wp\/v2\/product_tag?post=63432"}],"curies":[{"name":"wp","href":"https:\/\/api.w.org\/{rel}","templated":true}]}}