{"id":62732,"date":"2024-01-12T10:05:12","date_gmt":"2024-01-12T10:13:19","guid":{"rendered":"https:\/\/factory.sale\/?post_type=product&#038;p=62732"},"modified":"2026-04-02T13:55:15","modified_gmt":"2026-04-02T10:55:15","slug":"kuumsuitsuahi-turismo","status":"publish","type":"product","link":"https:\/\/factory.sale\/et\/toode\/kuumsuitsuahi-turismo\/","title":{"rendered":"Kuumsuitsuahi Turismo"},"content":{"rendered":"<p><strong>Tootekood:<\/strong> 13120330<\/p>\n<p>&nbsp;<\/p>\n<p>Kuumsuitsuahi \u201eTURISMO\u201d on m\u00f5eldud kala-, liha- ja linnuliha suitsutamiseks. T\u00e4nu oma v\u00e4iksusele ja kergele kaalule on seda mugav v\u00f5tta kaasa suvilasse, maakodusse, kalale v\u00f5i mere \u00e4\u00e4rde puhkama minnes. Kuumsuitsuahju paigaldamisel ja kasutamisel tuleb j\u00e4lgida tuleohutusn\u00f5udeid ning vajalikke vahekaugusi.<\/p>\n<p>Kuumsuitsuahi on kahekambriline, m\u00f5lemad kambrid on uksega suletavad. Alumine koldeosa on m\u00f5eldud k\u00fctmiseks, mille kaudu toimub suitsutamiseks vajaliku temperatuuri tagamine. \u00dclemine osa on suitsutamisruum, milles asuvad kolm k\u00fcpsetusresti ja koldelae kohal rasvapann mis v\u00e4ldib suitsutamisel rasva tilkumise koldelaele ja selle p\u00f5lemamineku.<\/p>\n<p>Kuumsuitsuahju t\u00f6\u00f6temperatuur on 110 kraadist \u00fclespoole!<\/p>\n<p>K\u00fctmiseks tohib kasutada k\u00f5iki puuliike! K\u00fcpsetuskambri p\u00f5hjal tohib kasutada vaid suitsutamiseks etten\u00e4htud puuliikide puulaastu!<\/p>\n<p>Suitsuahjude sise- ja v\u00e4lisseinad on valmistatud 2mm lehtterasest, tulekolde p\u00f5hi ja lagi 2,5mm lehtterasest ja uksed, rasvapann ja korstnam\u00fcts on valmistatud 2mm lehtterasest. V\u00e4liselt on Stoveman suitsuahjud viimistletud k\u00f5rgeid temperatuure taluva kuumuskindla v\u00e4rviga.<\/p>\n<p>&nbsp;<\/p>\n<p>&nbsp;<\/p>\n<p><strong>Tehnilised andmed:<\/strong><\/p>\n<ul>\n<li>V\u00e4lism\u00f5\u00f5tmed: 45 \u00d7 45 \u00d7 78 cm (pikkus\/laius\/k\u00f5rgus)<\/li>\n<li>Kaal: 32 kg\n<p>&nbsp;<\/li>\n<\/ul>\n<p>&nbsp;<\/p>\n<p><a href=\"https:\/\/factory.sale\/wp-content\/uploads\/2024\/01\/Kuumsuitsuahi-TURISMO-juhend_est.pdf\" target=\"_blank\" rel=\"noopener\">Kasutusjuhend<\/a><\/p>\n","protected":false},"excerpt":{"rendered":"<p>Kuumsuitsuahi \u201eTURISMO\u201d on m\u00f5eldud kala-, liha- ja linnuliha suitsutamiseks. T\u00e4nu oma v\u00e4iksusele ja kergele kaalule on seda mugav v\u00f5tta kaasa suvilasse, maakodusse, kalale v\u00f5i mere \u00e4\u00e4rde puhkama minnes. Kuumsuitsuahju paigaldamisel ja kasutamisel tuleb j\u00e4lgida tuleohutusn\u00f5udeid ning vajalikke vahekaugusi.<\/p>\n","protected":false},"featured_media":62738,"comment_status":"open","ping_status":"closed","template":"","meta":{"_acf_changed":false},"factory":[],"free-shipment":[],"product_brand":[],"product_cat":[924,2753],"product_tag":[],"class_list":{"0":"post-62732","1":"product","2":"type-product","3":"status-publish","4":"has-post-thumbnail","6":"product_cat-aiatooted","7":"product_cat-grillid-ja-ahjud","9":"first","10":"instock","11":"sale","12":"taxable","13":"shipping-taxable","14":"purchasable","15":"product-type-simple"},"acf":[],"_links":{"self":[{"href":"https:\/\/factory.sale\/et\/wp-json\/wp\/v2\/product\/62732","targetHints":{"allow":["GET"]}}],"collection":[{"href":"https:\/\/factory.sale\/et\/wp-json\/wp\/v2\/product"}],"about":[{"href":"https:\/\/factory.sale\/et\/wp-json\/wp\/v2\/types\/product"}],"replies":[{"embeddable":true,"href":"https:\/\/factory.sale\/et\/wp-json\/wp\/v2\/comments?post=62732"}],"wp:featuredmedia":[{"embeddable":true,"href":"https:\/\/factory.sale\/et\/wp-json\/wp\/v2\/media\/62738"}],"wp:attachment":[{"href":"https:\/\/factory.sale\/et\/wp-json\/wp\/v2\/media?parent=62732"}],"wp:term":[{"taxonomy":"factory","embeddable":true,"href":"https:\/\/factory.sale\/et\/wp-json\/wp\/v2\/factory?post=62732"},{"taxonomy":"free-shipment","embeddable":true,"href":"https:\/\/factory.sale\/et\/wp-json\/wp\/v2\/free-shipment?post=62732"},{"taxonomy":"product_brand","embeddable":true,"href":"https:\/\/factory.sale\/et\/wp-json\/wp\/v2\/product_brand?post=62732"},{"taxonomy":"product_cat","embeddable":true,"href":"https:\/\/factory.sale\/et\/wp-json\/wp\/v2\/product_cat?post=62732"},{"taxonomy":"product_tag","embeddable":true,"href":"https:\/\/factory.sale\/et\/wp-json\/wp\/v2\/product_tag?post=62732"}],"curies":[{"name":"wp","href":"https:\/\/api.w.org\/{rel}","templated":true}]}}