{"id":62707,"date":"2024-01-12T09:29:37","date_gmt":"2024-01-12T09:39:15","guid":{"rendered":"https:\/\/factory.sale\/?post_type=product&#038;p=62707"},"modified":"2024-06-27T12:13:46","modified_gmt":"2024-06-27T12:13:46","slug":"kulmsuitsuahi-vaike","status":"publish","type":"product","link":"https:\/\/factory.sale\/et\/toode\/kulmsuitsuahi-vaike\/","title":{"rendered":"K\u00fclmsuitsuahi v\u00e4ike"},"content":{"rendered":"<p><strong>Tootekood:\u00a0<\/strong>12120340<\/p>\n<p>&nbsp;<\/p>\n<p>K\u00fclmsuitsuahi \u201eStoveman\u201d on m\u00f5eldud kala-, liha- ja linnuliha suitsutamiseks. Sobib kasutamiseks koduaeda, suvilasse, turismitallu ja maakodusse. K\u00fclmsuitsuahi on kahekambriline, m\u00f5lemad on uksega suletavad. Alumine koldeosa on m\u00f5eldud k\u00fctmiseks, mille kaudu toimub suitsutamiseks vajaliku temperatuuri ja suitsu tagamine. \u00dclemine osa on suitsutamisruum, milles asuvad neli roostevabast materjalist k\u00fcpsetusresti ja kerisekivid (tuleb lisaks osta), viimased tagavad \u00fchtlase temperatuuri hoidmise suitsuahjus ja kerisekivide kohal\/peal k\u00e4ib rasvapann, mis v\u00e4ldib suitsutamisel rasva tilkumise kerisele ja selle p\u00f5lemamineku.<\/p>\n<p>K\u00fcpsetuskolde laes on toodete riputamiseks \u00fcks 8mm \u00fcmarterasest varras. Stoveman k\u00fclmsuitsuahju t\u00f6\u00f6temperatuur on alates 50\u00b0C \u00fclespoole (mitte \u00fcle 70\u00b0C )! K\u00fclmsuitsuahju \u00fcks osa (tulekode kohale, resti peale) tuleb t\u00e4ita kerisekividega (kulu ca 30kg), mis akumuleerivad energiat, hoides sellega ahju temperatuuri madala ja \u00fchtlasena. Suitsuahi on varustatud ka mehhaanilise termomeetriga 0 \u2013 220\u00b0C.<\/p>\n<p>K\u00fctmiseks tohib kasutada vaid suitsutamiseks etten\u00e4htud puuliike!<\/p>\n<p>Suitsuahjude sise- ja v\u00e4lisseinad on valmistatud 3mm lehtterasest, tulekolde p\u00f5hi 4mm lehtterasest ja uksed, rasvapann ja korstnam\u00fcts on valmistatud 2mm lehtterasest. V\u00e4liselt on Stoveman suitsuahjud viimistletud k\u00f5rgeid temperatuure taluva kuumuskindla v\u00e4rviga.<\/p>\n<p>&nbsp;<\/p>\n<p>&nbsp;<\/p>\n<p>&nbsp;<\/p>\n<p><strong>\u00dcldandmed:<\/strong><\/p>\n<ul>\n<li>Ahju v\u00e4lism\u00f5\u00f5t: 120 x 45 \u00a0x 45 cm (K\/L\/S)<\/li>\n<li>K\u00fcpsetuskambri m\u00f5\u00f5t: 37 x 38 x 41 cm (K\/L\/S)<\/li>\n<li>K\u00fcpsetusresti m\u00f5\u00f5t: 36,5 x 39 cm (4tk) (L\/S)<\/li>\n<li>Restide vahe: 6cm<\/li>\n<li>Pakendi m\u00f5\u00f5tmed: 120 \u00d7 45 \u00d7 45 cm (P\/L\/K)<\/li>\n<li>Kaal: 86 kg<\/li>\n<\/ul>\n<p>&nbsp;<\/p>\n<p>&nbsp;<\/p>\n<p><a href=\"https:\/\/factory.sale\/wp-content\/uploads\/2024\/01\/Kulmsuitsuahju-kasutusjuhend.pdf\" target=\"_blank\" rel=\"noopener\">Kasutusjuhend<\/a><\/p>\n","protected":false},"excerpt":{"rendered":"<p>K\u00fclmsuitsuahi \u201eStoveman\u201d on m\u00f5eldud kala-, liha- ja linnuliha suitsutamiseks. Sobib kasutamiseks koduaeda, suvilasse, turismitallu ja maakodusse. K\u00fclmsuitsuahi on kahekambriline, m\u00f5lemad on uksega suletavad. Alumine koldeosa on m\u00f5eldud k\u00fctmiseks, mille kaudu toimub suitsutamiseks vajaliku temperatuuri ja suitsu tagamine. \u00dclemine osa on suitsutamisruum, milles asuvad neli roostevabast materjalist k\u00fcpsetusresti ja kerisekivid (tuleb lisaks osta), viimased tagavad \u00fchtlase temperatuuri hoidmise suitsuahjus ja kerisekivide kohal\/peal k\u00e4ib rasvapann, mis v\u00e4ldib suitsutamisel rasva tilkumise kerisele ja selle p\u00f5lemamineku.<\/p>\n","protected":false},"featured_media":62702,"comment_status":"open","ping_status":"closed","template":"","meta":{"_acf_changed":false},"factory":[],"free-shipment":[],"product_brand":[],"product_cat":[4797,924,2753,4803,4540],"product_tag":[],"class_list":{"0":"post-62707","1":"product","2":"type-product","3":"status-publish","4":"has-post-thumbnail","6":"product_cat-aia-ja-ouetooted","7":"product_cat-aiatooted","8":"product_cat-grillid-ja-ahjud","9":"product_cat-grillid-ja-ahjud-et","10":"product_cat-laotooted","12":"first","13":"instock","14":"sale","15":"taxable","16":"shipping-taxable","17":"purchasable","18":"product-type-simple"},"acf":[],"_links":{"self":[{"href":"https:\/\/factory.sale\/et\/wp-json\/wp\/v2\/product\/62707","targetHints":{"allow":["GET"]}}],"collection":[{"href":"https:\/\/factory.sale\/et\/wp-json\/wp\/v2\/product"}],"about":[{"href":"https:\/\/factory.sale\/et\/wp-json\/wp\/v2\/types\/product"}],"replies":[{"embeddable":true,"href":"https:\/\/factory.sale\/et\/wp-json\/wp\/v2\/comments?post=62707"}],"wp:featuredmedia":[{"embeddable":true,"href":"https:\/\/factory.sale\/et\/wp-json\/wp\/v2\/media\/62702"}],"wp:attachment":[{"href":"https:\/\/factory.sale\/et\/wp-json\/wp\/v2\/media?parent=62707"}],"wp:term":[{"taxonomy":"factory","embeddable":true,"href":"https:\/\/factory.sale\/et\/wp-json\/wp\/v2\/factory?post=62707"},{"taxonomy":"free-shipment","embeddable":true,"href":"https:\/\/factory.sale\/et\/wp-json\/wp\/v2\/free-shipment?post=62707"},{"taxonomy":"product_brand","embeddable":true,"href":"https:\/\/factory.sale\/et\/wp-json\/wp\/v2\/product_brand?post=62707"},{"taxonomy":"product_cat","embeddable":true,"href":"https:\/\/factory.sale\/et\/wp-json\/wp\/v2\/product_cat?post=62707"},{"taxonomy":"product_tag","embeddable":true,"href":"https:\/\/factory.sale\/et\/wp-json\/wp\/v2\/product_tag?post=62707"}],"curies":[{"name":"wp","href":"https:\/\/api.w.org\/{rel}","templated":true}]}}