{"id":62674,"date":"2024-01-12T08:43:38","date_gmt":"2024-01-12T08:51:36","guid":{"rendered":"https:\/\/factory.sale\/?post_type=product&#038;p=62674"},"modified":"2024-06-26T21:53:41","modified_gmt":"2024-06-26T21:53:41","slug":"kuumsuitsuahi-vaike","status":"publish","type":"product","link":"https:\/\/factory.sale\/et\/toode\/kuumsuitsuahi-vaike\/","title":{"rendered":"Kuumsuitsuahi v\u00e4ike"},"content":{"rendered":"<p><strong>Tootekood:<\/strong> 12120310<\/p>\n<p>&nbsp;<\/p>\n<p>Kuumsuitsuahi \u201eStoveman\u201d on m\u00f5eldud kala-, liha- ja linnuliha suitsutamiseks. Sobib kasutamiseks koduaeda, suvilasse, turismitallu ja maakodusse. Kuumsuitsuahi on kahekambriline, m\u00f5lemad on uksega suletavad. Alumine koldeosa on m\u00f5eldud k\u00fctmiseks, mille kaudu toimub suitsutamiseks vajaliku temperatuuri tagamine. \u00dclemine osa on suitsutamisruum, milles asuvad viis roostevabast materjalist k\u00fcpsetusresti ja koldelae kohal rasvapann mis v\u00e4ldib suitsutamisel rasva tilkumise koldelaele ja selle p\u00f5lemamineku.<\/p>\n<p>K\u00fcpsetuskolde laes on toodete riputamiseks \u00fcks 8mm \u00fcmarterasest varras. Suitsuahi on varustatud mehhaanilise termomeetriga 0 \u2013 220 kraadi. Stoveman kuumsuitsuahju t\u00f6\u00f6temperatuur on 110 kraadist \u00fclespoole!<\/p>\n<p>K\u00fctmiseks tohib kasutada k\u00f5iki puuliike! K\u00fcpsetuskambri p\u00f5hjal tohib kasutada vaid suitsutamiseks etten\u00e4htud puuliikide puulaastu!<\/p>\n<p>Suitsuahjude sise- ja v\u00e4lisseinad on valmistatud 3mm lehtterasest, tulekolde p\u00f5hi ja lagi 4mm lehtterasest ja uksed, rasvapann ja korstnam\u00fcts on valmistatud 2mm lehtterasest. V\u00e4liselt on Stoveman suitsuahjud viimistletud k\u00f5rgeid temperatuure taluva kuumuskindla v\u00e4rviga.<\/p>\n<p>&nbsp;<\/p>\n<p><strong>\u00dcldandmed:<\/strong><\/p>\n<ul>\n<li>Ahju v\u00e4lism\u00f5\u00f5t: 120 x 45 x 45 cm (K\/L\/S)<\/li>\n<li>K\u00fcpsetuskambri m\u00f5\u00f5t: 52 x 38 x 41 cm (K\/L\/S)<\/li>\n<li>K\u00fcpsetusresti m\u00f5\u00f5t: 36,5 \u00d7 39 cm (5tk) (L\/S)<\/li>\n<li>Restide vahe: 6 cm<\/li>\n<li>Pakendi m\u00f5\u00f5tmed: 120 \u00d7 45 \u00d7 45 cm (P\/L\/K)<\/li>\n<li>Kaal: 82 kg<\/li>\n<\/ul>\n<p>&nbsp;<\/p>\n<p><a href=\"https:\/\/factory.sale\/wp-content\/uploads\/2024\/01\/Kuumsuitsuahju-juhend_est.pdf\" target=\"_blank\" rel=\"noopener\">Kasutusjuhend<\/a><\/p>\n","protected":false},"excerpt":{"rendered":"<p>Kuumsuitsuahi \u201eStoveman\u201d on m\u00f5eldud kala-, liha- ja linnuliha suitsutamiseks. Sobib kasutamiseks koduaeda, suvilasse, turismitallu ja maakodusse. Kuumsuitsuahi on kahekambriline, m\u00f5lemad on uksega suletavad. Alumine koldeosa on m\u00f5eldud k\u00fctmiseks, mille kaudu toimub suitsutamiseks vajaliku temperatuuri tagamine. \u00dclemine osa on suitsutamisruum, milles asuvad viis roostevabast materjalist k\u00fcpsetusresti ja koldelae kohal rasvapann mis v\u00e4ldib suitsutamisel rasva tilkumise koldelaele ja selle p\u00f5lemamineku.<\/p>\n","protected":false},"featured_media":62665,"comment_status":"open","ping_status":"closed","template":"","meta":{"_acf_changed":false},"factory":[],"free-shipment":[],"product_brand":[],"product_cat":[4797,924,2753,4803,4540],"product_tag":[1483],"class_list":{"0":"post-62674","1":"product","2":"type-product","3":"status-publish","4":"has-post-thumbnail","6":"product_cat-aia-ja-ouetooted","7":"product_cat-aiatooted","8":"product_cat-grillid-ja-ahjud","9":"product_cat-grillid-ja-ahjud-et","10":"product_cat-laotooted","11":"product_tag-garden-et","13":"first","14":"instock","15":"sale","16":"taxable","17":"shipping-taxable","18":"purchasable","19":"product-type-simple"},"acf":[],"_links":{"self":[{"href":"https:\/\/factory.sale\/et\/wp-json\/wp\/v2\/product\/62674","targetHints":{"allow":["GET"]}}],"collection":[{"href":"https:\/\/factory.sale\/et\/wp-json\/wp\/v2\/product"}],"about":[{"href":"https:\/\/factory.sale\/et\/wp-json\/wp\/v2\/types\/product"}],"replies":[{"embeddable":true,"href":"https:\/\/factory.sale\/et\/wp-json\/wp\/v2\/comments?post=62674"}],"wp:featuredmedia":[{"embeddable":true,"href":"https:\/\/factory.sale\/et\/wp-json\/wp\/v2\/media\/62665"}],"wp:attachment":[{"href":"https:\/\/factory.sale\/et\/wp-json\/wp\/v2\/media?parent=62674"}],"wp:term":[{"taxonomy":"factory","embeddable":true,"href":"https:\/\/factory.sale\/et\/wp-json\/wp\/v2\/factory?post=62674"},{"taxonomy":"free-shipment","embeddable":true,"href":"https:\/\/factory.sale\/et\/wp-json\/wp\/v2\/free-shipment?post=62674"},{"taxonomy":"product_brand","embeddable":true,"href":"https:\/\/factory.sale\/et\/wp-json\/wp\/v2\/product_brand?post=62674"},{"taxonomy":"product_cat","embeddable":true,"href":"https:\/\/factory.sale\/et\/wp-json\/wp\/v2\/product_cat?post=62674"},{"taxonomy":"product_tag","embeddable":true,"href":"https:\/\/factory.sale\/et\/wp-json\/wp\/v2\/product_tag?post=62674"}],"curies":[{"name":"wp","href":"https:\/\/api.w.org\/{rel}","templated":true}]}}