{"id":62462,"date":"2024-01-11T12:45:04","date_gmt":"2024-01-11T12:50:37","guid":{"rendered":"https:\/\/factory.sale\/?post_type=product&#038;p=62462"},"modified":"2024-06-27T03:16:46","modified_gmt":"2024-06-27T03:16:46","slug":"helo-elektrikeris-rocher-105-elite","status":"publish","type":"product","link":"https:\/\/factory.sale\/et\/toode\/helo-elektrikeris-rocher-105-elite\/","title":{"rendered":"Helo elektrikeris ROCHER 105 ELITE"},"content":{"rendered":"<p><strong>Tootekood:<\/strong> 002731<\/p>\n<p>&nbsp;<\/p>\n<p>Rocher tagab imeliselt pehme, tilkade-sarnase leili ja nauditava saunatunde 100 kg kividega kerises. Rocher&#8217;i \u00fcmar, ajatu ja elegantne disain on imetletav igast k\u00fcljest. Keris on n\u00fc\u00fcd saadaval uute stiilsete juhtpaneelidega, Pure (kaasas).<\/p>\n<p>\u2022 Ajatu disain<br \/>\n\u2022 Tahke 100 kilo saunakive tagab t\u00f5elise sauna tunde<br \/>\n\u2022 T\u00e4ispikkusega elemendid soojendavad kogu kerise pikkust<\/p>\n<p>&nbsp;<\/p>\n<p><strong>Tehnilised andmed:<\/strong><\/p>\n<ul>\n<li>V\u00e4rv: KROOM<\/li>\n<li>Kaal (kg): 22.0<\/li>\n<li>Kivide kogus (kg): 100<\/li>\n<li>V\u00f5imsus (kW): 10,5<\/li>\n<li>M\u00f5\u00f5tmed (LxKxS): 425 x 1130 x 425<\/li>\n<li>Sauna suurus (m\u00b3): 9-15<\/li>\n<li>Ohutuskaugus, tagant: 60<\/li>\n<li>Ohutuskaugus, \u00fclalt: 770<\/li>\n<li>Ohutuskaugus, k\u00fcljelt: 60<\/li>\n<li>Ohutuskaugus, eest: 60<\/li>\n<\/ul>\n<p>&nbsp;<\/p>\n<p>&nbsp;<\/p>\n<p>&nbsp;<\/p>\n<p><a href=\"https:\/\/factory.sale\/wp-content\/uploads\/2024\/01\/Rocher-Elite-Installation-manual-and-user-guide.pdf\" target=\"_blank\" rel=\"noopener\">ROCHER ELITE kasutus &#8211; ja paigaldusjuhend<\/a><\/p>\n<p><a href=\"https:\/\/factory.sale\/wp-content\/uploads\/2023\/12\/Warranty-policy.pdf\" target=\"_blank\" rel=\"noopener\">Garantiipoliitika<\/a><\/p>\n","protected":false},"excerpt":{"rendered":"<p>Rocher tagab imeliselt pehme, tilkade-sarnase leili ja nauditava saunatunde 100 kg kividega kerises. Rocher&#8217;i \u00fcmar, ajatu ja elegantne disain on imetletav igast k\u00fcljest. Keris on n\u00fc\u00fcd saadaval uute stiilsete juhtpaneelidega, Pure (kaasas).<\/p>\n","protected":false},"featured_media":62437,"comment_status":"open","ping_status":"closed","template":"","meta":{"_acf_changed":false},"factory":[],"free-shipment":[],"product_brand":[],"product_cat":[2638,306],"product_tag":[2179,811,2176],"class_list":{"0":"post-62462","1":"product","2":"type-product","3":"status-publish","4":"has-post-thumbnail","6":"product_cat-helo-et","7":"product_cat-saunakerised","8":"product_tag-electric-heater-et","9":"product_tag-sauna-et","10":"product_tag-sauna-heater-et","12":"first","13":"instock","14":"sale","15":"taxable","16":"shipping-taxable","17":"purchasable","18":"product-type-simple"},"acf":[],"_links":{"self":[{"href":"https:\/\/factory.sale\/et\/wp-json\/wp\/v2\/product\/62462","targetHints":{"allow":["GET"]}}],"collection":[{"href":"https:\/\/factory.sale\/et\/wp-json\/wp\/v2\/product"}],"about":[{"href":"https:\/\/factory.sale\/et\/wp-json\/wp\/v2\/types\/product"}],"replies":[{"embeddable":true,"href":"https:\/\/factory.sale\/et\/wp-json\/wp\/v2\/comments?post=62462"}],"wp:featuredmedia":[{"embeddable":true,"href":"https:\/\/factory.sale\/et\/wp-json\/wp\/v2\/media\/62437"}],"wp:attachment":[{"href":"https:\/\/factory.sale\/et\/wp-json\/wp\/v2\/media?parent=62462"}],"wp:term":[{"taxonomy":"factory","embeddable":true,"href":"https:\/\/factory.sale\/et\/wp-json\/wp\/v2\/factory?post=62462"},{"taxonomy":"free-shipment","embeddable":true,"href":"https:\/\/factory.sale\/et\/wp-json\/wp\/v2\/free-shipment?post=62462"},{"taxonomy":"product_brand","embeddable":true,"href":"https:\/\/factory.sale\/et\/wp-json\/wp\/v2\/product_brand?post=62462"},{"taxonomy":"product_cat","embeddable":true,"href":"https:\/\/factory.sale\/et\/wp-json\/wp\/v2\/product_cat?post=62462"},{"taxonomy":"product_tag","embeddable":true,"href":"https:\/\/factory.sale\/et\/wp-json\/wp\/v2\/product_tag?post=62462"}],"curies":[{"name":"wp","href":"https:\/\/api.w.org\/{rel}","templated":true}]}}