{"id":62402,"date":"2024-01-11T11:05:35","date_gmt":"2024-01-11T11:13:23","guid":{"rendered":"https:\/\/factory.sale\/?post_type=product&#038;p=62402"},"modified":"2024-06-27T15:29:16","modified_gmt":"2024-06-27T15:29:16","slug":"helo-elektrikeris-laava-10511","status":"publish","type":"product","link":"https:\/\/factory.sale\/et\/toode\/helo-elektrikeris-laava-10511\/","title":{"rendered":"Helo elektrikeris LAAVA 10511"},"content":{"rendered":"<p><strong>Tootekood:<\/strong> 000916<\/p>\n<p>&nbsp;<\/p>\n<p>Vabaltseisev Laava saunakeris on olnud t\u00f6\u00f6stusstandardiks \u00fcle 25 aasta. Selle v\u00f5imekus teeb sellest suurep\u00e4rase valiku 8-24 kuupmeetri suurustele saunaruumidele. Kvaliteetne disain ja tehnoloogia tagavad pikaajalise kerise klassikalise v\u00e4limusega. Elite\/Pure + WE40 ei ole kaasas.<\/p>\n<p>\u2022 Helo-WT tehnoloogia valikuliselt saadaval<br \/>\n\u2022 Kulus\u00e4\u00e4stlik energia kasutamine<br \/>\n\u2022 Probleemivaba kasutamine<br \/>\n\u2022 Lihtne hooldus<\/p>\n<p>&nbsp;<\/p>\n<p>&nbsp;<\/p>\n<p><strong>Tehnilised andmed:<\/strong><\/p>\n<ul>\n<li>V\u00e4rv: GRAFIITHALL<\/li>\n<li>Kaal (kg): 30.0<\/li>\n<li>Kivide kogus (kg): 60<\/li>\n<li>V\u00f5imsus (kW): 10,5<\/li>\n<li>M\u00f5\u00f5tmed (LxKxS): 540 x 730 x 500<\/li>\n<li>Sauna suurus (m\u00b3): 9-15<\/li>\n<li>Ohutuskaugus, tagant: 110<\/li>\n<li>Ohutuskaugus, \u00fclalt: 1200<\/li>\n<li>Ohutuskaugus, k\u00fcljelt: 80<\/li>\n<li>Ohutuskaugus, eest: 50<\/li>\n<\/ul>\n<p>&nbsp;<\/p>\n<p>&nbsp;<\/p>\n<p><a href=\"https:\/\/factory.sale\/wp-content\/uploads\/2024\/01\/Laava-Installation-manual-and-user-guide.pdf\" target=\"_blank\" rel=\"noopener\">LAAVA paigaldus -ja kasutusjuhend<\/a><\/p>\n<p><a href=\"https:\/\/factory.sale\/wp-content\/uploads\/2024\/01\/Stone-Set-Stone-Cassette-Installation-manual-and-user-guide.pdf\" target=\"_blank\" rel=\"noopener\">Kivikomplekt ja kivikassett &#8211; Paigaldusjuhend ja kasutusjuhend<\/a><\/p>\n<p><a href=\"https:\/\/factory.sale\/wp-content\/uploads\/2023\/12\/Warranty-policy.pdf\" target=\"_blank\" rel=\"noopener\">Garantiipoliitika<\/a><\/p>\n","protected":false},"excerpt":{"rendered":"<p>Vabaltseisev Laava saunakeris on olnud t\u00f6\u00f6stusstandardiks \u00fcle 25 aasta. Selle v\u00f5imekus teeb sellest suurep\u00e4rase valiku 8-24 kuupmeetri suurustele saunaruumidele. Kvaliteetne disain ja tehnoloogia tagavad pikaajalise kerise klassikalise v\u00e4limusega. Elite\/Pure + WE40 ei ole kaasas.<\/p>\n","protected":false},"featured_media":62382,"comment_status":"open","ping_status":"closed","template":"","meta":{"_acf_changed":false},"factory":[],"free-shipment":[],"product_brand":[],"product_cat":[2638,306],"product_tag":[2179,811,2176],"class_list":{"0":"post-62402","1":"product","2":"type-product","3":"status-publish","4":"has-post-thumbnail","6":"product_cat-helo-et","7":"product_cat-saunakerised","8":"product_tag-electric-heater-et","9":"product_tag-sauna-et","10":"product_tag-sauna-heater-et","12":"first","13":"instock","14":"sale","15":"taxable","16":"shipping-taxable","17":"purchasable","18":"product-type-simple"},"acf":[],"_links":{"self":[{"href":"https:\/\/factory.sale\/et\/wp-json\/wp\/v2\/product\/62402","targetHints":{"allow":["GET"]}}],"collection":[{"href":"https:\/\/factory.sale\/et\/wp-json\/wp\/v2\/product"}],"about":[{"href":"https:\/\/factory.sale\/et\/wp-json\/wp\/v2\/types\/product"}],"replies":[{"embeddable":true,"href":"https:\/\/factory.sale\/et\/wp-json\/wp\/v2\/comments?post=62402"}],"wp:featuredmedia":[{"embeddable":true,"href":"https:\/\/factory.sale\/et\/wp-json\/wp\/v2\/media\/62382"}],"wp:attachment":[{"href":"https:\/\/factory.sale\/et\/wp-json\/wp\/v2\/media?parent=62402"}],"wp:term":[{"taxonomy":"factory","embeddable":true,"href":"https:\/\/factory.sale\/et\/wp-json\/wp\/v2\/factory?post=62402"},{"taxonomy":"free-shipment","embeddable":true,"href":"https:\/\/factory.sale\/et\/wp-json\/wp\/v2\/free-shipment?post=62402"},{"taxonomy":"product_brand","embeddable":true,"href":"https:\/\/factory.sale\/et\/wp-json\/wp\/v2\/product_brand?post=62402"},{"taxonomy":"product_cat","embeddable":true,"href":"https:\/\/factory.sale\/et\/wp-json\/wp\/v2\/product_cat?post=62402"},{"taxonomy":"product_tag","embeddable":true,"href":"https:\/\/factory.sale\/et\/wp-json\/wp\/v2\/product_tag?post=62402"}],"curies":[{"name":"wp","href":"https:\/\/api.w.org\/{rel}","templated":true}]}}