{"id":62395,"date":"2024-01-11T10:32:39","date_gmt":"2024-01-11T10:52:17","guid":{"rendered":"https:\/\/factory.sale\/?post_type=product&#038;p=62395"},"modified":"2024-06-27T22:18:59","modified_gmt":"2024-06-27T22:18:59","slug":"helo-elektrikeris-laava-9011","status":"publish","type":"product","link":"https:\/\/factory.sale\/et\/toode\/helo-elektrikeris-laava-9011\/","title":{"rendered":"Helo elektrikeris LAAVA 9011"},"content":{"rendered":"<p><strong>Tootekood:<\/strong> 000915<\/p>\n<p>&nbsp;<\/p>\n<p>Vabaltseisev Laava saunakeris on olnud t\u00f6\u00f6stusstandardiks \u00fcle 25 aasta. Selle v\u00f5imekus teeb sellest suurep\u00e4rase valiku 8-24 kuupmeetri suurustele saunaruumidele. Kvaliteetne disain ja tehnoloogia tagavad pikaajalise kerise klassikalise v\u00e4limusega. Elite\/Pure + WE40 ei ole kaasas.<\/p>\n<p>\u2022 Helo-WT tehnoloogia valikuliselt saadaval<br \/>\n\u2022 Kulus\u00e4\u00e4stlik energia kasutamine<br \/>\n\u2022 Probleemivaba kasutamine<br \/>\n\u2022 Lihtne hooldus<\/p>\n<p>&nbsp;<\/p>\n<p><strong>Tehnilised andmed:<\/strong><\/p>\n<ul>\n<li>V\u00e4rv: GRAFIITHALL<\/li>\n<li>Kaal (kg): 30.0<\/li>\n<li>Kivide kogus (kg): 60<\/li>\n<li>Efekt (kW): 9,0<\/li>\n<li>M\u00f5\u00f5tmed (LxKxS): 540 x 730 x 500<\/li>\n<li>Sauna suurus (m\u00b3): 8-13<\/li>\n<li>Ohutuskaugus, tagant: 110<\/li>\n<li>Ohutuskaugus, \u00fclalt: 1200<\/li>\n<li>Ohutuskaugus, k\u00fcljelt: 80<\/li>\n<li>Ohutuskaugus, eest: 50<\/li>\n<\/ul>\n<p>&nbsp;<\/p>\n<p><a href=\"https:\/\/factory.sale\/wp-content\/uploads\/2024\/01\/Laava-Installation-manual-and-user-guide.pdf\" target=\"_blank\" rel=\"noopener\">LAAVA paigaldus -ja kasutusjuhend<\/a><\/p>\n<p><a href=\"https:\/\/factory.sale\/wp-content\/uploads\/2024\/01\/Stone-Set-Stone-Cassette-Installation-manual-and-user-guide.pdf\" target=\"_blank\" rel=\"noopener\">Kivikomplekt ja kivikassett &#8211; Paigaldusjuhend ja kasutusjuhend<\/a><\/p>\n<p><a href=\"https:\/\/factory.sale\/wp-content\/uploads\/2023\/12\/Warranty-policy.pdf\" target=\"_blank\" rel=\"noopener\">Garantiipoliitika<\/a><\/p>\n","protected":false},"excerpt":{"rendered":"<p>The freestanding Laava sauna heater has set the industry standard for over 25 years. Its capacity makes it a perfect option for sauna rooms 8-24 cubic metres. The top-quality design and technology guarantees a long-lasting heater with a classic look. Elite\/Pure + WE40 is not included.<\/p>\n","protected":false},"featured_media":62382,"comment_status":"open","ping_status":"closed","template":"","meta":{"_acf_changed":false},"factory":[],"free-shipment":[],"product_brand":[],"product_cat":[2638,306],"product_tag":[2179,811],"class_list":{"0":"post-62395","1":"product","2":"type-product","3":"status-publish","4":"has-post-thumbnail","6":"product_cat-helo-et","7":"product_cat-saunakerised","8":"product_tag-electric-heater-et","9":"product_tag-sauna-et","11":"first","12":"instock","13":"sale","14":"taxable","15":"shipping-taxable","16":"purchasable","17":"product-type-simple"},"acf":[],"_links":{"self":[{"href":"https:\/\/factory.sale\/et\/wp-json\/wp\/v2\/product\/62395","targetHints":{"allow":["GET"]}}],"collection":[{"href":"https:\/\/factory.sale\/et\/wp-json\/wp\/v2\/product"}],"about":[{"href":"https:\/\/factory.sale\/et\/wp-json\/wp\/v2\/types\/product"}],"replies":[{"embeddable":true,"href":"https:\/\/factory.sale\/et\/wp-json\/wp\/v2\/comments?post=62395"}],"wp:featuredmedia":[{"embeddable":true,"href":"https:\/\/factory.sale\/et\/wp-json\/wp\/v2\/media\/62382"}],"wp:attachment":[{"href":"https:\/\/factory.sale\/et\/wp-json\/wp\/v2\/media?parent=62395"}],"wp:term":[{"taxonomy":"factory","embeddable":true,"href":"https:\/\/factory.sale\/et\/wp-json\/wp\/v2\/factory?post=62395"},{"taxonomy":"free-shipment","embeddable":true,"href":"https:\/\/factory.sale\/et\/wp-json\/wp\/v2\/free-shipment?post=62395"},{"taxonomy":"product_brand","embeddable":true,"href":"https:\/\/factory.sale\/et\/wp-json\/wp\/v2\/product_brand?post=62395"},{"taxonomy":"product_cat","embeddable":true,"href":"https:\/\/factory.sale\/et\/wp-json\/wp\/v2\/product_cat?post=62395"},{"taxonomy":"product_tag","embeddable":true,"href":"https:\/\/factory.sale\/et\/wp-json\/wp\/v2\/product_tag?post=62395"}],"curies":[{"name":"wp","href":"https:\/\/api.w.org\/{rel}","templated":true}]}}