{"id":62184,"date":"2024-01-10T12:45:01","date_gmt":"2024-01-10T12:48:51","guid":{"rendered":"https:\/\/factory.sale\/?post_type=product&#038;p=62184"},"modified":"2024-06-27T22:19:32","modified_gmt":"2024-06-27T22:19:32","slug":"helo-elektrikeris-magma-2601","status":"publish","type":"product","link":"https:\/\/factory.sale\/et\/toode\/helo-elektrikeris-magma-2601\/","title":{"rendered":"Helo elektrikeris MAGMA 2601"},"content":{"rendered":"<p><strong>Tootekood:<\/strong> 000913<\/p>\n<p>&nbsp;<\/p>\n<p>Magma saunakeris on meister suurte koguste soojuse pakkumisel suurtes saunaruumides kommertsotstarbel ja muudes olukordades, kus n\u00f5udmised on k\u00f5rged. Vastupidavus, efektiivsus ja madal hooldusvajadus on muidugi selle p\u00f5hijooned. Pure\/Elite + WE50 ei ole kaasas.<\/p>\n<p>\u2022 Kavandatud vastama erakordselt k\u00f5rgetele n\u00f5udmistele<br \/>\n\u2022 Vastupidavus, j\u00f5udlus ja efektiivsus<br \/>\n\u2022 Digitaalselt juhitud<\/p>\n<p>&nbsp;<\/p>\n<p><strong>Tehnilised andmed:<\/strong><\/p>\n<ul>\n<li>V\u00e4rv: GRAFIITHALL<\/li>\n<li>Kaal (kg): 50.6<\/li>\n<li>Kivide kogus (kg): 80<\/li>\n<li>Efekt (kW): 26,0<\/li>\n<li>M\u00f5\u00f5tmed (LxKxS): 900x715x520<\/li>\n<li>Sauna suurus (m\u00b3): 30-46<\/li>\n<li>Ohutuskaugus, tagant: 160<\/li>\n<li>Ohutuskaugus, \u00fclalt: 1500<\/li>\n<li>Ohutuskaugus, k\u00fcljelt: 140<\/li>\n<li>Ohutuskaugus, eest: 160<\/li>\n<\/ul>\n<p>&nbsp;<\/p>\n<p>&nbsp;<\/p>\n<p><a href=\"https:\/\/factory.sale\/wp-content\/uploads\/2024\/01\/Magma-Installation-manual-and-user-guide.pdf\" target=\"_blank\" rel=\"noopener\">MAGMA paigaldus-ja kasutusjuhend<\/a><\/p>\n<p><a href=\"https:\/\/factory.sale\/wp-content\/uploads\/2024\/01\/Stone-Set-Stone-Cassette-Installation-manual-and-user-guide.pdf\" target=\"_blank\" rel=\"noopener\">Kivikomplekt ja kivikassett &#8211; Paigaldusjuhend ja kasutusjuhend<\/a><\/p>\n<p><a href=\"https:\/\/factory.sale\/wp-content\/uploads\/2023\/12\/Warranty-policy.pdf\" target=\"_blank\" rel=\"noopener\">Garantiipoliitika<\/a><\/p>\n","protected":false},"excerpt":{"rendered":"<p>Magma saunakeris on meister suurte koguste soojuse pakkumisel suurtes saunaruumides kommertsotstarbel ja muudes olukordades, kus n\u00f5udmised on k\u00f5rged. Vastupidavus, efektiivsus ja madal hooldusvajadus on muidugi selle p\u00f5hijooned. Pure\/Elite + WE50 ei ole kaasas.<\/p>\n","protected":false},"featured_media":61877,"comment_status":"open","ping_status":"closed","template":"","meta":{"_acf_changed":false},"factory":[],"free-shipment":[],"product_brand":[],"product_cat":[2638,306],"product_tag":[2179,811],"class_list":{"0":"post-62184","1":"product","2":"type-product","3":"status-publish","4":"has-post-thumbnail","6":"product_cat-helo-et","7":"product_cat-saunakerised","8":"product_tag-electric-heater-et","9":"product_tag-sauna-et","11":"first","12":"instock","13":"sale","14":"taxable","15":"shipping-taxable","16":"purchasable","17":"product-type-simple"},"acf":[],"_links":{"self":[{"href":"https:\/\/factory.sale\/et\/wp-json\/wp\/v2\/product\/62184","targetHints":{"allow":["GET"]}}],"collection":[{"href":"https:\/\/factory.sale\/et\/wp-json\/wp\/v2\/product"}],"about":[{"href":"https:\/\/factory.sale\/et\/wp-json\/wp\/v2\/types\/product"}],"replies":[{"embeddable":true,"href":"https:\/\/factory.sale\/et\/wp-json\/wp\/v2\/comments?post=62184"}],"wp:featuredmedia":[{"embeddable":true,"href":"https:\/\/factory.sale\/et\/wp-json\/wp\/v2\/media\/61877"}],"wp:attachment":[{"href":"https:\/\/factory.sale\/et\/wp-json\/wp\/v2\/media?parent=62184"}],"wp:term":[{"taxonomy":"factory","embeddable":true,"href":"https:\/\/factory.sale\/et\/wp-json\/wp\/v2\/factory?post=62184"},{"taxonomy":"free-shipment","embeddable":true,"href":"https:\/\/factory.sale\/et\/wp-json\/wp\/v2\/free-shipment?post=62184"},{"taxonomy":"product_brand","embeddable":true,"href":"https:\/\/factory.sale\/et\/wp-json\/wp\/v2\/product_brand?post=62184"},{"taxonomy":"product_cat","embeddable":true,"href":"https:\/\/factory.sale\/et\/wp-json\/wp\/v2\/product_cat?post=62184"},{"taxonomy":"product_tag","embeddable":true,"href":"https:\/\/factory.sale\/et\/wp-json\/wp\/v2\/product_tag?post=62184"}],"curies":[{"name":"wp","href":"https:\/\/api.w.org\/{rel}","templated":true}]}}