{"id":61853,"date":"2024-01-09T09:06:11","date_gmt":"2024-01-09T09:13:14","guid":{"rendered":"https:\/\/factory.sale\/?post_type=product&#038;p=61853"},"modified":"2024-06-27T20:35:03","modified_gmt":"2024-06-27T20:35:03","slug":"helo-elektrikeris-skla-260","status":"publish","type":"product","link":"https:\/\/factory.sale\/et\/toode\/helo-elektrikeris-skla-260\/","title":{"rendered":"Helo elektrikeris SKLA 260"},"content":{"rendered":"<p><strong>Tootekood:<\/strong> 000907<\/p>\n<p>Helo SKLA kerised on loodud v\u00f5imsaks, vastupidavaks ja t\u00f5husaks suurtes saunaruumides. Muljetavaldav 80 kilone kivikamber pakub suurep\u00e4rast sauna kogemust pika ja \u00fchtlase soojuse jaotusega. Pure\/Elite + WE50 ei ole kaasas.<\/p>\n<p>\u2022 Digitaalselt juhitav lihtsaks j\u00e4lgimiseks<br \/>\n\u2022 Energiat\u00f5hus tehnoloogia<br \/>\n\u2022 Arvukad valikud kohandatud sauna kogemuse jaoks<br \/>\n\u2022 Madala hooldusvajadusega valik suure liiklusega olukordades<\/p>\n<p>&nbsp;<\/p>\n<p>&nbsp;<\/p>\n<p><strong>Tehnilised andmed:<\/strong><\/p>\n<ul>\n<li>V\u00e4rv: KROOM<\/li>\n<li>Kaal (kg): 47.6<\/li>\n<li>Kivide kogus (kg): 80<\/li>\n<li>Efekt (kW): 26,0<\/li>\n<li>M\u00f5\u00f5tmed (LxKxS): 880 x 700 x 510<\/li>\n<li>Sauna suurus (m\u00b3): 30-45<\/li>\n<li>Ohutuskaugus, tagant: 160<\/li>\n<li>Ohutuskaugus, \u00fclalt: 1500<\/li>\n<li>Ohutuskaugus, k\u00fcljelt: 140<\/li>\n<li>Ohutuskaugus, eest: 160<\/li>\n<\/ul>\n<p>&nbsp;<\/p>\n<p><a href=\"https:\/\/factory.sale\/wp-content\/uploads\/2024\/01\/SKLAMAGMA-Installation-manual-and-user-guide.pdf\" target=\"_blank\" rel=\"noopener\">SKLA &#8211; kasutus-ja paigaldusjuhend<\/a><\/p>\n<p><a href=\"https:\/\/factory.sale\/wp-content\/uploads\/2024\/01\/Stone-Set-Stone-Cassette-Installation-manual-and-user-guide.pdf\" target=\"_blank\" rel=\"noopener\">Kivikomplekt ja kivikassett &#8211; Paigaldusjuhend ja kasutusjuhend<\/a><\/p>\n<p><a href=\"https:\/\/factory.sale\/wp-content\/uploads\/2023\/12\/Warranty-policy.pdf\" target=\"_blank\" rel=\"noopener\">Garantiipoliitika<\/a><\/p>\n","protected":false},"excerpt":{"rendered":"<p>Helo SKLA kerised on loodud v\u00f5imsaks, vastupidavaks ja t\u00f5husaks suurtes saunaruumides. Muljetavaldav 80 kilone kivikamber pakub suurep\u00e4rast sauna kogemust pika ja \u00fchtlase soojuse jaotusega. Pure\/Elite + WE50 ei ole kaasas.<\/p>\n","protected":false},"featured_media":61293,"comment_status":"open","ping_status":"closed","template":"","meta":{"_acf_changed":false},"factory":[],"free-shipment":[],"product_brand":[],"product_cat":[2637,265],"product_tag":[1149,809,1145],"class_list":{"0":"post-61853","1":"product","2":"type-product","3":"status-publish","4":"has-post-thumbnail","6":"product_cat-helo","7":"product_cat-sauna-heaters","8":"product_tag-electric-heater","9":"product_tag-sauna","10":"product_tag-sauna-heater","12":"first","13":"instock","14":"sale","15":"taxable","16":"shipping-taxable","17":"purchasable","18":"product-type-simple"},"acf":[],"_links":{"self":[{"href":"https:\/\/factory.sale\/et\/wp-json\/wp\/v2\/product\/61853","targetHints":{"allow":["GET"]}}],"collection":[{"href":"https:\/\/factory.sale\/et\/wp-json\/wp\/v2\/product"}],"about":[{"href":"https:\/\/factory.sale\/et\/wp-json\/wp\/v2\/types\/product"}],"replies":[{"embeddable":true,"href":"https:\/\/factory.sale\/et\/wp-json\/wp\/v2\/comments?post=61853"}],"wp:featuredmedia":[{"embeddable":true,"href":"https:\/\/factory.sale\/et\/wp-json\/wp\/v2\/media\/61293"}],"wp:attachment":[{"href":"https:\/\/factory.sale\/et\/wp-json\/wp\/v2\/media?parent=61853"}],"wp:term":[{"taxonomy":"factory","embeddable":true,"href":"https:\/\/factory.sale\/et\/wp-json\/wp\/v2\/factory?post=61853"},{"taxonomy":"free-shipment","embeddable":true,"href":"https:\/\/factory.sale\/et\/wp-json\/wp\/v2\/free-shipment?post=61853"},{"taxonomy":"product_brand","embeddable":true,"href":"https:\/\/factory.sale\/et\/wp-json\/wp\/v2\/product_brand?post=61853"},{"taxonomy":"product_cat","embeddable":true,"href":"https:\/\/factory.sale\/et\/wp-json\/wp\/v2\/product_cat?post=61853"},{"taxonomy":"product_tag","embeddable":true,"href":"https:\/\/factory.sale\/et\/wp-json\/wp\/v2\/product_tag?post=61853"}],"curies":[{"name":"wp","href":"https:\/\/api.w.org\/{rel}","templated":true}]}}