{"id":61306,"date":"2024-01-07T10:14:24","date_gmt":"2024-01-07T10:19:44","guid":{"rendered":"https:\/\/factory.sale\/?post_type=product&#038;p=61306"},"modified":"2024-06-27T20:35:29","modified_gmt":"2024-06-27T20:35:29","slug":"helo-elektrikeris-skla-181","status":"publish","type":"product","link":"https:\/\/factory.sale\/et\/toode\/helo-elektrikeris-skla-181\/","title":{"rendered":"Helo elektrikeris SKLA 181"},"content":{"rendered":"<p><strong>Tootekood:<\/strong> 000905<\/p>\n<p>&nbsp;<\/p>\n<p>Helo SKLA kerised on loodud v\u00f5imsateks, vastupidavateks ja efektiivseteks suurtes kommertssaunaruumides. Muljetavaldav 80 kilo kivikamber tagab suurep\u00e4rase saunakogemuse pika ja \u00fchtlase soojusjaotusega. Pure\/Elite + WE50 ei kuulu komplekti.<\/p>\n<p>\u2022 \u00a0Digitaalselt juhitav lihtsaks j\u00e4lgimiseks<br \/>\n\u2022 \u00a0Energias\u00e4\u00e4stlik tehnoloogia<br \/>\n\u2022 \u00a0Mitmed valikud kohandatud saunakogemuse jaoks<br \/>\n\u2022 \u00a0V\u00e4hehoolduslik valik suure k\u00fclastatavusega olukordades<\/p>\n<p>&nbsp;<\/p>\n<p><strong>Tehnilised andmed:<\/strong><\/p>\n<ul>\n<li>V\u00e4rvus: Kroom<\/li>\n<li>Kaal (kg): 45.6<\/li>\n<li>Kivide kogus (kg): 80<\/li>\n<li>V\u00f5imsus (kW): 18,0<\/li>\n<li>M\u00f5\u00f5tmed (LxKxS): 880 x 700 x 510<\/li>\n<li>Sauna suurus (m\u00b3): 18-30<\/li>\n<li>Ohutuskaugus, tagant: 160<\/li>\n<li>Ohutuskaugus, \u00fclevalt: 1400<\/li>\n<li>Ohutuskaugus, k\u00fcljelt: 140<\/li>\n<li>Ohutuskaugus, eest: 160<\/li>\n<\/ul>\n<p>&nbsp;<\/p>\n<p>&nbsp;<\/p>\n<p><a href=\"https:\/\/factory.sale\/wp-content\/uploads\/2024\/01\/SKLAMAGMA-Installation-manual-and-user-guide.pdf\" target=\"_blank\" rel=\"noopener\">SKLA &#8211; kasutus-ja paigaldusjuhend<\/a><\/p>\n<p><a href=\"https:\/\/factory.sale\/wp-content\/uploads\/2024\/01\/Stone-Set-Stone-Cassette-Installation-manual-and-user-guide.pdf\" target=\"_blank\" rel=\"noopener\">Kivikomplekt ja kivikassett &#8211; Paigaldusjuhend ja kasutusjuhend<\/a><\/p>\n<p><a href=\"https:\/\/factory.sale\/wp-content\/uploads\/2023\/12\/Warranty-policy.pdf\" target=\"_blank\" rel=\"noopener\">Garantiipoliitika<\/a><\/p>\n","protected":false},"excerpt":{"rendered":"<p>Helo SKLA kerised on loodud v\u00f5imsateks, vastupidavateks ja efektiivseteks suurtes kommertssaunaruumides. Muljetavaldav 80 kilo kivikamber tagab suurep\u00e4rase saunakogemuse pika ja \u00fchtlase soojusjaotusega. Pure\/Elite + WE50 ei kuulu komplekti.<\/p>\n","protected":false},"featured_media":61293,"comment_status":"open","ping_status":"closed","template":"","meta":{"_acf_changed":false},"factory":[],"free-shipment":[],"product_brand":[],"product_cat":[2638,306],"product_tag":[2179,811,2176],"class_list":{"0":"post-61306","1":"product","2":"type-product","3":"status-publish","4":"has-post-thumbnail","6":"product_cat-helo-et","7":"product_cat-saunakerised","8":"product_tag-electric-heater-et","9":"product_tag-sauna-et","10":"product_tag-sauna-heater-et","12":"first","13":"instock","14":"sale","15":"taxable","16":"shipping-taxable","17":"purchasable","18":"product-type-simple"},"acf":[],"_links":{"self":[{"href":"https:\/\/factory.sale\/et\/wp-json\/wp\/v2\/product\/61306","targetHints":{"allow":["GET"]}}],"collection":[{"href":"https:\/\/factory.sale\/et\/wp-json\/wp\/v2\/product"}],"about":[{"href":"https:\/\/factory.sale\/et\/wp-json\/wp\/v2\/types\/product"}],"replies":[{"embeddable":true,"href":"https:\/\/factory.sale\/et\/wp-json\/wp\/v2\/comments?post=61306"}],"wp:featuredmedia":[{"embeddable":true,"href":"https:\/\/factory.sale\/et\/wp-json\/wp\/v2\/media\/61293"}],"wp:attachment":[{"href":"https:\/\/factory.sale\/et\/wp-json\/wp\/v2\/media?parent=61306"}],"wp:term":[{"taxonomy":"factory","embeddable":true,"href":"https:\/\/factory.sale\/et\/wp-json\/wp\/v2\/factory?post=61306"},{"taxonomy":"free-shipment","embeddable":true,"href":"https:\/\/factory.sale\/et\/wp-json\/wp\/v2\/free-shipment?post=61306"},{"taxonomy":"product_brand","embeddable":true,"href":"https:\/\/factory.sale\/et\/wp-json\/wp\/v2\/product_brand?post=61306"},{"taxonomy":"product_cat","embeddable":true,"href":"https:\/\/factory.sale\/et\/wp-json\/wp\/v2\/product_cat?post=61306"},{"taxonomy":"product_tag","embeddable":true,"href":"https:\/\/factory.sale\/et\/wp-json\/wp\/v2\/product_tag?post=61306"}],"curies":[{"name":"wp","href":"https:\/\/api.w.org\/{rel}","templated":true}]}}