{"id":6060,"date":"2022-09-26T15:14:30","date_gmt":"2022-09-26T15:20:24","guid":{"rendered":"https:\/\/factory.sale\/?post_type=product&#038;p=6060"},"modified":"2026-03-05T16:53:17","modified_gmt":"2026-03-05T13:53:17","slug":"juhtpult-uku-wifi-glass","status":"publish","type":"product","link":"https:\/\/factory.sale\/et\/toode\/juhtpult-uku-wifi-glass\/","title":{"rendered":"HUUM UKU 4.2 Wi-Fi kontrolls\u00fcsteem &#8211; Glass black"},"content":{"rendered":"<h2><span style=\"font-size: 14pt;\">HUUM UKU 4.2 Wi-Fi kontrolls\u00fcsteem &#8211; Glass black<\/span><\/h2>\n<p><strong>UKU Glass<\/strong> sauna juhtpuldiga on sauna k\u00fctmine lihtne ja mugav. UKU Glass v\u00f5imaldab sauna k\u00fctta nii puldist kui ka HUUMi mobiilirakendusest. Mobiilirakenduse kasutamiseks tuleb pult \u00fchendada Wi-Fi v\u00f5rku. Meeldiva ja turvalise saunakogemuse pakkumiseks on UKU varustatud mitmete lisadega. Pulti saab kasutada erinevate tootjate elektrikeristega.<\/p>\n<p>Spetsifikatsioonid:<\/p>\n<div class=\"sub-title\">\n<ul>\n<li>Kaal: 1.7 kg<\/li>\n<li>Temperatuur: 40-110 \u00baC<\/li>\n<li>Keristele kuni: 18 kW<\/li>\n<li>Toitepinge: 230 V 1N, 400 V 3N<\/li>\n<li>K\u00fctteaeg: 3h, 8h, 12h<\/li>\n<li>EAN:4744103013333<\/li>\n<\/ul>\n<p>Olulised omadused:<\/p>\n<ul>\n<li>Sobib elektrikeristele v\u00f5imsusega kuni 18 kW<\/li>\n<li>\u00dchildub erinevate tootjate keristega<\/li>\n<li>Sihttemperatuur vahemikus 40\u2013110 \u00b0C<\/li>\n<li>Taimer k\u00fctmise algusaja ja kestuse seadistamiseks<\/li>\n<li>\u00dchendatav valgustuse\/ventilatsiooni ja aurutiga<\/li>\n<li>\u00dclekuumenemiskaitse<\/li>\n<li>Laste turvalukk<\/li>\n<li>Ukseandur<\/li>\n<li>Juhtimine seinale paigaldatud juhtpaneelist<\/li>\n<li>Juhtimine mobiilirakenduse kaudu<\/li>\n<li>\u00dchendub Wi-Fi v\u00f5rguga<\/li>\n<\/ul>\n<p>Komplekt sisaldab:<\/p>\n<\/div>\n<ul class=\"normal\">\n<li>juhtpaneeli (must klaas) (130 x 90 x 22 mm)<\/li>\n<li>juhtpaneeli kaablit (3 m; 4 x 0,34 mm\u00b2 )<\/li>\n<li>peamoodulit (245 x 90 x 58 mm)<\/li>\n<li>termoandurit<\/li>\n<li>ukseandurit<\/li>\n<li>termo-\/ukseanduri kaablit (5 + 5m; 2 x 0,22 mm\u00b2)<\/li>\n<\/ul>\n<p>Juhtpaneel on m\u00f5eldud eelk\u00f5ige paigaldamiseks s\u00fcvistatuna, enne paigaldamist tee sobivale kohale seinas s\u00fcvistus m\u00f5\u00f5tmetega 65 x 105 mm. HUUM on v\u00e4lja t\u00f6\u00f6tanud ka raami, mis v\u00f5imaldab juhtpaneeli paigaldada ka pinnapealsena. Pinnapealse raami leiad <a title=\"SIIT\" href=\"https:\/\/factory.sale\/et\/toode\/huum-uku-glass-juhtpuldi-paigaldusraam\/\" target=\"_blank\" rel=\"noopener\">SIIT<\/a><\/p>\n<p>Toode on saadaval nii klaasist, puidust kui ka erinevat v\u00e4rvi plastikust korpustega. Puitkorpused valmivad k\u00e4sit\u00f6\u00f6na termot\u00f6\u00f6deldud saarepuust.<\/p>\n<p>Saate valida mitme erineva v\u00e4rvi vahel nagu: <a href=\"https:\/\/factory.sale\/et\/toode\/huum-uku-classic-juhtpaneel-must\/\" target=\"_blank\" rel=\"noopener\">klassikaline must<\/a> (plastik), <a href=\"https:\/\/factory.sale\/et\/toode\/huum-uku-sauna-juhtpaneel-wood\/\" target=\"_blank\" rel=\"noopener\">puit<\/a>, <a href=\"https:\/\/factory.sale\/et\/toode\/huum-uku-glass-juhtpaneel-must\/\" target=\"_blank\" rel=\"noopener\">must klaas<\/a>, <a href=\"https:\/\/factory.sale\/et\/toode\/huum-uku-glass-juhtpaneel-peegel\/\" target=\"_blank\" rel=\"noopener\">peegel klaas<\/a> ja <a href=\"https:\/\/factory.sale\/et\/toode\/huum-uku-glass-juhtpaneel-kuldne\/\" target=\"_blank\" rel=\"noopener\">kuldne klaas<\/a>.<\/p>\n<p><span style=\"font-size: 18pt;\">HUUM UKU APP<\/span><\/p>\n<div class=\"video-wrapper \"><iframe loading=\"lazy\" title=\"Using HUUM UKU app\" width=\"500\" height=\"281\" src=\"https:\/\/www.youtube.com\/embed\/8Dh3EN1gn2g?feature=oembed\" frameborder=\"0\" allow=\"accelerometer; autoplay; clipboard-write; encrypted-media; gyroscope; picture-in-picture; web-share\" referrerpolicy=\"strict-origin-when-cross-origin\" allowfullscreen><\/iframe><\/div>\n<p><span style=\"font-size: 18pt;\">HUUM UKU Glass<\/span><\/p>\n<div class=\"video-wrapper \"><iframe loading=\"lazy\" title=\"UKU Glass sauna controller\" width=\"500\" height=\"281\" src=\"https:\/\/www.youtube.com\/embed\/RcKgv7myvLM?feature=oembed\" frameborder=\"0\" allow=\"accelerometer; autoplay; clipboard-write; encrypted-media; gyroscope; picture-in-picture; web-share\" referrerpolicy=\"strict-origin-when-cross-origin\" allowfullscreen><\/iframe><\/div>\n<p><a title=\"Vaata videot uues aknas\" href=\"https:\/\/www.youtube.com\/watch?v=RcKgv7myvLM\" target=\"_blank\" rel=\"noopener\">Vaata videot uues aknas<\/a><\/p>\n","protected":false},"excerpt":{"rendered":"<p>Juhtpult <strong>UKU Glass<\/strong> on HUUMi uusim elektrikerise juhtimisseade, mis oma imekauni disainiga sobib suurep\u00e4raselt iga sauna interj\u00f6\u00f6ri. See stiilne musta v\u00e4rvi kaasist juhtimispult on iga sisekujundaja ja saunaomaniku unistus.<\/p>\n","protected":false},"featured_media":98858,"comment_status":"open","ping_status":"closed","template":"","meta":{"_acf_changed":false},"factory":[],"free-shipment":[5018],"product_brand":[4432],"product_cat":[1435,1345,784],"product_tag":[812,718,811],"class_list":{"0":"post-6060","1":"product","2":"type-product","3":"status-publish","4":"has-post-thumbnail","6":"free-shipment-tasuta-saatmine","7":"product_brand-huum-et","8":"product_cat-huum-et","9":"product_cat-juhtpuldid","10":"product_cat-sanitaartehnika","11":"product_tag-electric-heater-control-et","12":"product_tag-huum-et","13":"product_tag-sauna-et","15":"first","16":"instock","17":"sale","18":"taxable","19":"shipping-taxable","20":"purchasable","21":"product-type-simple"},"acf":[],"_links":{"self":[{"href":"https:\/\/factory.sale\/et\/wp-json\/wp\/v2\/product\/6060","targetHints":{"allow":["GET"]}}],"collection":[{"href":"https:\/\/factory.sale\/et\/wp-json\/wp\/v2\/product"}],"about":[{"href":"https:\/\/factory.sale\/et\/wp-json\/wp\/v2\/types\/product"}],"replies":[{"embeddable":true,"href":"https:\/\/factory.sale\/et\/wp-json\/wp\/v2\/comments?post=6060"}],"wp:featuredmedia":[{"embeddable":true,"href":"https:\/\/factory.sale\/et\/wp-json\/wp\/v2\/media\/98858"}],"wp:attachment":[{"href":"https:\/\/factory.sale\/et\/wp-json\/wp\/v2\/media?parent=6060"}],"wp:term":[{"taxonomy":"factory","embeddable":true,"href":"https:\/\/factory.sale\/et\/wp-json\/wp\/v2\/factory?post=6060"},{"taxonomy":"free-shipment","embeddable":true,"href":"https:\/\/factory.sale\/et\/wp-json\/wp\/v2\/free-shipment?post=6060"},{"taxonomy":"product_brand","embeddable":true,"href":"https:\/\/factory.sale\/et\/wp-json\/wp\/v2\/product_brand?post=6060"},{"taxonomy":"product_cat","embeddable":true,"href":"https:\/\/factory.sale\/et\/wp-json\/wp\/v2\/product_cat?post=6060"},{"taxonomy":"product_tag","embeddable":true,"href":"https:\/\/factory.sale\/et\/wp-json\/wp\/v2\/product_tag?post=6060"}],"curies":[{"name":"wp","href":"https:\/\/api.w.org\/{rel}","templated":true}]}}