{"id":60533,"date":"2024-01-04T12:07:27","date_gmt":"2024-01-04T12:11:55","guid":{"rendered":"https:\/\/factory.sale\/?post_type=product&#038;p=60533"},"modified":"2024-06-30T06:51:48","modified_gmt":"2024-06-30T06:51:48","slug":"helo-elektrikeris-vienna-sts-80-wt","status":"publish","type":"product","link":"https:\/\/factory.sale\/et\/toode\/helo-elektrikeris-vienna-sts-80-wt\/","title":{"rendered":"Helo elektrikeris Vienna STS 80 &#8211; WT"},"content":{"rendered":"<div class=\"woocommerce-tabs wc-tabs-wrapper\">\n<div id=\"tab-description\" class=\"woocommerce-Tabs-panel woocommerce-Tabs-panel--description panel entry-content wc-tab\" role=\"tabpanel\" aria-labelledby=\"tab-title-description\">\n<p><strong>Tootekood:<\/strong> 000534<\/p>\n<p>&nbsp;<\/p>\n<p>Seinale kinnitatav Helo Vienna elektrikeris on stiilne alternatiiv v\u00e4ikestele ja keskmise suurusega kodusaunadele. Vienna sarja on lihtne paigaldada ja kasutada. Vienna STS ja STS Helo-WT mudelid on vahetatavad ning neil on sisseehitatud termostaat ja taimer 9-tunnise eelvaliku alaga ajastamiseks ja 0\u20133-tunniseks k\u00fctmisajaks. Vastavalt teie meeleolule ja saunaruumile on Vienna saadaval kolmes erinevas v\u00e4rvitoonis.<\/p>\n<p>\u2022 Pakub \u00f5iget v\u00f5imsust 3-13 kuupmeetrise ruumi jaoks.<br \/>\n\u2022 Seinale kinnitatav konstruktsioon vabastab v\u00e4\u00e4rtuslikku p\u00f5randapinda v\u00e4iksemates saunades.<br \/>\n\u2022 Hall, must v\u00f5i kroom. Valik on teie.<\/p>\n<p>&nbsp;<\/p>\n<p><strong>Tehnilised andmed:<\/strong><\/p>\n<ul>\n<li>V\u00e4rv: Hall, must v\u00f5i kroom<\/li>\n<li>Kaal (kg): 13.5<\/li>\n<li>Kivide kogus (kg): 20<\/li>\n<li>V\u00f5imsus (kW): 8,0<\/li>\n<li>M\u00f5\u00f5tmed (LxKxS): 420 x 615 x 270<\/li>\n<li>Sauna suurus (m3): 8-12<\/li>\n<li>Ohutuskaugus, tagant: 0<\/li>\n<li>Ohutuskaugus, \u00fclevalt: 1200<\/li>\n<li>Ohutuskaugus, k\u00fcljelt: 80<\/li>\n<li>Ohutuskaugus, eest: 100<\/li>\n<\/ul>\n<p>&nbsp;<\/p>\n<p><a href=\"https:\/\/factory.sale\/wp-content\/uploads\/2024\/01\/Vienna-STS-Installation-manual-and-user-guide.pdf\" target=\"_blank\" rel=\"noopener\">Vienna STS kasutus-ja paigaldusjuhend<\/a><\/p>\n<\/div>\n<\/div>\n","protected":false},"excerpt":{"rendered":"<p>Seinale kinnitatav Helo Vienna elektrikeris on stiilne alternatiiv v\u00e4ikestele ja keskmise suurusega kodusaunadele. Vienna sarja on lihtne paigaldada ja kasutada. Vienna STS ja STS Helo-WT mudelid on vahetatavad ning neil on sisseehitatud termostaat ja taimer 9-tunnise eelvaliku alaga ajastamiseks ja 0\u20133-tunniseks k\u00fctmisajaks. Vastavalt teie meeleolule ja saunaruumile on Vienna saadaval kolmes erinevas v\u00e4rvitoonis.<\/p>\n","protected":false},"featured_media":59880,"comment_status":"open","ping_status":"closed","template":"","meta":{"_acf_changed":false},"factory":[],"free-shipment":[],"product_brand":[],"product_cat":[2638,306],"product_tag":[2179,811,2176],"class_list":{"0":"post-60533","1":"product","2":"type-product","3":"status-publish","4":"has-post-thumbnail","6":"product_cat-helo-et","7":"product_cat-saunakerised","8":"product_tag-electric-heater-et","9":"product_tag-sauna-et","10":"product_tag-sauna-heater-et","12":"first","13":"instock","14":"sale","15":"taxable","16":"shipping-taxable","17":"purchasable","18":"product-type-simple"},"acf":[],"_links":{"self":[{"href":"https:\/\/factory.sale\/et\/wp-json\/wp\/v2\/product\/60533","targetHints":{"allow":["GET"]}}],"collection":[{"href":"https:\/\/factory.sale\/et\/wp-json\/wp\/v2\/product"}],"about":[{"href":"https:\/\/factory.sale\/et\/wp-json\/wp\/v2\/types\/product"}],"replies":[{"embeddable":true,"href":"https:\/\/factory.sale\/et\/wp-json\/wp\/v2\/comments?post=60533"}],"wp:featuredmedia":[{"embeddable":true,"href":"https:\/\/factory.sale\/et\/wp-json\/wp\/v2\/media\/59880"}],"wp:attachment":[{"href":"https:\/\/factory.sale\/et\/wp-json\/wp\/v2\/media?parent=60533"}],"wp:term":[{"taxonomy":"factory","embeddable":true,"href":"https:\/\/factory.sale\/et\/wp-json\/wp\/v2\/factory?post=60533"},{"taxonomy":"free-shipment","embeddable":true,"href":"https:\/\/factory.sale\/et\/wp-json\/wp\/v2\/free-shipment?post=60533"},{"taxonomy":"product_brand","embeddable":true,"href":"https:\/\/factory.sale\/et\/wp-json\/wp\/v2\/product_brand?post=60533"},{"taxonomy":"product_cat","embeddable":true,"href":"https:\/\/factory.sale\/et\/wp-json\/wp\/v2\/product_cat?post=60533"},{"taxonomy":"product_tag","embeddable":true,"href":"https:\/\/factory.sale\/et\/wp-json\/wp\/v2\/product_tag?post=60533"}],"curies":[{"name":"wp","href":"https:\/\/api.w.org\/{rel}","templated":true}]}}