{"id":60480,"date":"2024-01-04T10:49:58","date_gmt":"2024-01-04T10:51:24","guid":{"rendered":"https:\/\/factory.sale\/?post_type=product&#038;p=60480"},"modified":"2024-06-25T22:00:39","modified_gmt":"2024-06-25T22:00:39","slug":"biofiltriga-konteinerikaas-120-140l","status":"publish","type":"product","link":"https:\/\/factory.sale\/et\/toode\/biofiltriga-konteinerikaas-120-140l\/","title":{"rendered":"Biofiltriga konteinerikaas 120\/140L"},"content":{"rendered":"<p><strong>Tootekood:<\/strong> 120B_polt<\/p>\n<p>&nbsp;<\/p>\n<p>&nbsp;<\/p>\n<p>Biofiltriga kaaned \u201cSystem Biologic\u201d sobivad enamiku kaherattalistele pr\u00fcgikastidel DIN EN 840. Kaas on varustatud integreeritud tihendiga, et \u00f6hk liguks alati l\u00e4bi biofiltri. Hoiab \u00e4ra k\u00e4rbsed ja vaglad. Halvasti l\u00f5hnavad l\u00f5hnaained lagunevad biofiltri sees olevate mikroorganismide toimel l\u00f5hnatuteks aineteks nagu s\u00fcsinikdioksiid ja vesi.<\/p>\n<p>&nbsp;<\/p>\n<p><strong>Kodanikele:<\/strong><\/p>\n<p>Pr\u00fcgikasti \u00fcmbruses pole l\u00f5hna<br \/>\nPr\u00fcgikastis ei ole vaklu ega k\u00e4rbseid<br \/>\nBiofiltris olevad mikroorganismid lagundavad fermentatsioonigaase<br \/>\nTervist ohustavate seente eoste sidumine<\/p>\n<p>&nbsp;<\/p>\n<p><strong>Omavalitsused:<\/strong><\/p>\n<p>Biokasti aktsepteerimise suurendamine kodanike seas<br \/>\nVabatahtliku bioj\u00e4\u00e4tmete pr\u00fcgikasti \u00fchendamise m\u00e4\u00e4ra suurenemine<br \/>\nTeaduslikult t\u00f5estatud orgaaniliste j\u00e4\u00e4tmete koguse ja kvaliteedi t\u00f5us<br \/>\nProbleemivaba 14-p\u00e4evane \u00e4raveo intervall suvel<br \/>\nJ\u00e4\u00e4tmete k\u00f5rvaldamise ja l\u00e4mmastikoksiidi heitmete v\u00e4hendamine<br \/>\nOluline kulude v\u00e4henemine<\/p>\n<p>&nbsp;<\/p>\n<p><strong>Utiliseerija<\/strong><\/p>\n<p>Vabatahtliku bioj\u00e4\u00e4tmete pr\u00fcgikasti \u00fchendamise m\u00e4\u00e4ra suurenemine<br \/>\nT\u00f5husam \u00e4raveo planeerimine<br \/>\nT\u00fchjendamise kulude v\u00e4hendamine pr\u00fcgikasti kohta<br \/>\nBiofiltri kaas \u201eSystem Biologic\u201c on praegu k\u00f5ige t\u00f5husam tehniline vahend bioj\u00e4\u00e4tmete liigiti kogumisest tingitud k\u00e4rbeste ja vaklade probleemi minimeerimiseks.<\/p>\n<p>&nbsp;<\/p>\n<p>&nbsp;<\/p>\n<div class=\"video-wrapper \"><iframe loading=\"lazy\" title=\"Bio-Filter toiduj\u00e4\u00e4tmete konteinerile\" width=\"500\" height=\"281\" src=\"https:\/\/www.youtube.com\/embed\/xuujavoUrJc?feature=oembed\" frameborder=\"0\" allow=\"accelerometer; autoplay; clipboard-write; encrypted-media; gyroscope; picture-in-picture; web-share\" referrerpolicy=\"strict-origin-when-cross-origin\" allowfullscreen><\/iframe><\/div>\n","protected":false},"excerpt":{"rendered":"<p>Biofiltriga kaaned \u201cSystem Biologic\u201d sobivad enamiku kaherattalistele pr\u00fcgikastidel DIN EN 840. Kaas on varustatud integreeritud tihendiga, et \u00f6hk liguks alati l\u00e4bi biofiltri. Hoiab \u00e4ra k\u00e4rbsed ja vaglad. Halvasti l\u00f5hnavad l\u00f5hnaained lagunevad biofiltri sees olevate mikroorganismide toimel l\u00f5hnatuteks aineteks nagu s\u00fcsinikdioksiid ja vesi.<\/p>\n","protected":false},"featured_media":60457,"comment_status":"open","ping_status":"closed","template":"","meta":{"_acf_changed":false},"factory":[],"free-shipment":[],"product_brand":[],"product_cat":[917,2732],"product_tag":[2465],"class_list":{"0":"post-60480","1":"product","2":"type-product","3":"status-publish","4":"has-post-thumbnail","6":"product_cat-garden-yard","7":"product_cat-composters","8":"product_tag-yard-and-garden","10":"first","11":"instock","12":"sale","13":"taxable","14":"shipping-taxable","15":"purchasable","16":"product-type-simple"},"acf":[],"_links":{"self":[{"href":"https:\/\/factory.sale\/et\/wp-json\/wp\/v2\/product\/60480","targetHints":{"allow":["GET"]}}],"collection":[{"href":"https:\/\/factory.sale\/et\/wp-json\/wp\/v2\/product"}],"about":[{"href":"https:\/\/factory.sale\/et\/wp-json\/wp\/v2\/types\/product"}],"replies":[{"embeddable":true,"href":"https:\/\/factory.sale\/et\/wp-json\/wp\/v2\/comments?post=60480"}],"wp:featuredmedia":[{"embeddable":true,"href":"https:\/\/factory.sale\/et\/wp-json\/wp\/v2\/media\/60457"}],"wp:attachment":[{"href":"https:\/\/factory.sale\/et\/wp-json\/wp\/v2\/media?parent=60480"}],"wp:term":[{"taxonomy":"factory","embeddable":true,"href":"https:\/\/factory.sale\/et\/wp-json\/wp\/v2\/factory?post=60480"},{"taxonomy":"free-shipment","embeddable":true,"href":"https:\/\/factory.sale\/et\/wp-json\/wp\/v2\/free-shipment?post=60480"},{"taxonomy":"product_brand","embeddable":true,"href":"https:\/\/factory.sale\/et\/wp-json\/wp\/v2\/product_brand?post=60480"},{"taxonomy":"product_cat","embeddable":true,"href":"https:\/\/factory.sale\/et\/wp-json\/wp\/v2\/product_cat?post=60480"},{"taxonomy":"product_tag","embeddable":true,"href":"https:\/\/factory.sale\/et\/wp-json\/wp\/v2\/product_tag?post=60480"}],"curies":[{"name":"wp","href":"https:\/\/api.w.org\/{rel}","templated":true}]}}