{"id":6048,"date":"2022-04-19T16:22:52","date_gmt":"2023-01-30T11:57:14","guid":{"rendered":"https:\/\/factory.sale\/?post_type=product&#038;p=6048"},"modified":"2026-03-05T16:43:18","modified_gmt":"2026-03-05T13:43:18","slug":"elektriline-keris-core-black-6-kw","status":"publish","type":"product","link":"https:\/\/factory.sale\/et\/toode\/elektriline-keris-core-black-6-kw\/","title":{"rendered":"Elektriline keris Core Black, 6 kW"},"content":{"rendered":"<h2><span style=\"font-size: 14pt;\">HUUM Core Black &#8211; V\u00f5imas, stiilne ja ruumis\u00e4\u00e4stlik elektrikeris<\/span><\/h2>\n<p>HUUM CORE Black elektrikerise saad disainida just enda saunale sobivaks. Keris on saadaval kahe erineva mudelina: CORE Black ja CORE BK\/ST. Kui eelistad valmis lahendust, on sulle sobilik stiilse mustast metallist korpusega CORE Black. Soovides isikup\u00e4rast disaini, vali ilma \u00fcmbriseta mudel CORE BK\/ST. Viimistluseta kerisega on kaasas metallist kilbid, mille k\u00fclge on lihtne kinnitada keraamilisi plaate, kivi, kaasi, puitu. Viimistlusmaterjali saad valida vastavalt oma sauna interj\u00f6\u00f6rile. Komplekti kuuluvad \u00fclaserva katteliistud. Lisatootena pakume CORE BK\/ST viimistlemiseks puidust k\u00fcljepaneele. Kerise ohutuskaugused on \u00fclimalt v\u00e4ikesed, vaid 4 cm v\u00e4lisviimistlusest. CORE kerise v\u00f5ib uputada lava sisse kuni \u00fclemise servani. Et sinu saunaelamus saaks m\u00f5nusalt l\u00f5\u00f5gastav, k\u00fctab CORE ruumi kiirelt soojaks ja annab meeldivalt maheda leili.<\/p>\n<p data-start=\"199\" data-end=\"738\">HUUM CORE Black elektrikeris on loodud pakkuma saunaelamust, mis \u00fchendab endas modernse tehnoloogia ja traditsioonilise leili kvaliteedi. Kerise eriline \u00fclesehitus tagab, et soojus jaotub leiliruumis \u00fchtlaselt ja p\u00fcsib stabiilsena kogu saunask\u00e4igu v\u00e4ltel. T\u00e4nu innovaatilisele sisemisele kivikorvile suudab CORE Black pakkuda nii pehmet kui ka intensiivsemat leili. See annab igale saunakorrale isikliku, just sinu eelistustega sobiva iseloomu. CORE Black on loodud selleks, et tuua igasse sauna hetke rohkem mugavust, soojust ja s\u00fcgavat l\u00f5\u00f5gastust.<\/p>\n<p data-start=\"740\" data-end=\"1162\">Kompaktne, samas v\u00f5imas disain teeb CORE Black mudelist suurep\u00e4rase valiku nii elamute kui ka v\u00e4iksemate majutusasutuste saunadesse. Keris v\u00f5tab v\u00e4he ruumi, kuid pakub t\u00f5husat k\u00fcttesuutlikkust, mis on vajalik 5-9 m\u00b3 leiliruumide jaoks. Minimalistlik must viimistlus lisab ruumile modernsust ning sulandub harmooniliselt erinevate sisekujundusstiilidega \u2013 alates skandinaavialikult lihtsast kuni luksuslike spaalahendusteni.<\/p>\n<p data-start=\"1164\" data-end=\"1539\">CORE-seeria \u00fcheks oluliseks tugevuseks on ka selle t\u00f6\u00f6kindlus. HUUM kasutab ainult kvaliteetseid kuumuskindlaid materjale, mis tagavad kerise pika eluea ja stabiilse toimimise ka sagedasel kasutamisel. T\u00e4nu nutikale konstruktsioonile v\u00e4heneb kerise hooldusvajadus, mis teeb sellest mugava valiku neile, kes soovivad nautida sauna, mitte muretseda tehniliste detailide p\u00e4rast.<\/p>\n<p data-start=\"1541\" data-end=\"1877\">Lisaks saab kerist \u00fchendada HUUMi juhtimiss\u00fcsteemidega, mis v\u00f5imaldavad sauna k\u00e4ivitada nutitelefonist, ajastada soojendust v\u00f5i j\u00e4lgida temperatuuri mugavalt ja turvaliselt. See muudab HUUM CORE kerise erakordselt kasutajas\u00f5bralikuks ning ideaalset sobivaks modernse kodu lahendustesse, kus hinnatakse mugavust, ajas\u00e4\u00e4stu ja automaatikat.<\/p>\n<p data-start=\"1541\" data-end=\"1877\">HUUM CORE Black kerise eriline eelis seisneb selle v\u00f5imes luua kiiresti soovitud temperatuur ilma liigse energiakuluta. T\u00e4nu t\u00f5husale soojus\u00fclekandele soojeneb leiliruum \u00fchtlaselt ja t\u00f5stab kasutusmugavust m\u00e4rgatavalt. Kerise konstruktsioon v\u00f5imaldab kivide maksimaalset kuumenemist, mis t\u00e4hendab, et leil ei ole kunagi \u201ckuiv\u201d ega liiga terav, vaid m\u00f5nusalt pehme. Samuti on HUUM CORE sobiv lahendus neile, kes soovivad sauna ka sagedaseks ja pikemaks kasutamiseks \u2013 keris ei v\u00e4si koormuse all ning s\u00e4ilitab soojuse stabiilsena. Lisaks tagab selle nutikas disain vaikse t\u00f6\u00f6, \u00fchtlase k\u00fcttets\u00fckli ning erakordselt meeldiva atmosf\u00e4\u00e4ri igal saunakasutusel, olenemata sagedusest. K\u00f5ik see teeb HUUM CORE mudelist ideaalse valiku kaasaegsele saunahuvilisele ning sobib suurep\u00e4raselt neile, kes hindavad k\u00f5rget kvaliteeti.<\/p>\n<p>\u00d5ige suurusega keris = parem saun! Kasuta meie <a href=\"https:\/\/huum.ee\/kalkulaator\/\" target=\"_blank\" rel=\"noopener\">sauna kalkulaatorit<\/a>, et veenduda, et valid just \u00f5ige v\u00f5imsuse.<\/p>\n<p>&nbsp;<\/p>\n<p><strong>Komplekt sisaldab:<\/strong><\/p>\n<ul>\n<li>elektrikerist<\/li>\n<li>reguleeritavaid jalgasid<\/li>\n<\/ul>\n<p><strong>Keris vajab juurde:<\/strong><\/p>\n<ul>\n<li><a href=\"https:\/\/factory.sale\/et\/product-category\/sanitaartehnika\/juhtpuldid\/huum-et\/\" target=\"_blank\" rel=\"noopener\">juhtpulti<\/a><\/li>\n<li>kuumakindlat toitekaablit<\/li>\n<li>30 kilogrammi 3-5 cm l\u00e4bim\u00f5\u00f5duga <a href=\"https:\/\/factory.sale\/et\/toode\/kerise-kivid\/\" target=\"_blank\" rel=\"noopener\">kerisekive<\/a><\/li>\n<\/ul>\n<p>Meie soovitame kasutada kerises \u00fcmaraid kerisekive. Need tagavad pehmema leili \u2013 vesi liigub s\u00fcgavamale kivikihtidesse ja aurustub aeglaselt, luues m\u00f5nusa ja pika leilikogemuse.<\/p>\n<p><strong>Tehnilised andmed:<\/strong><\/p>\n<ul>\n<li>kaal 19 kg<\/li>\n<li>k\u00f5rgus 83 cm<\/li>\n<li>laius 38,5 cm<\/li>\n<li>s\u00fcgavus 38,5 cm<\/li>\n<li>k\u00f6etav ruumala 5-9 m\u00b3<\/li>\n<li>v\u00f5imusus 6 kW<\/li>\n<li>kivide mahutavus 30 kg<\/li>\n<\/ul>\n<p><strong>Elektrikerise ohutuskaugused:<\/strong><\/p>\n<ul>\n<li>A 40 mm<\/li>\n<li>B 465 mm<\/li>\n<li>H 830 mm<\/li>\n<\/ul>\n<p><strong>Garantii<\/strong>:<\/p>\n<ul>\n<li>kodukasutus \u2013 3 aastat<\/li>\n<li>\u00e4rikasutus \u2013 1 aasta<\/li>\n<\/ul>\n<p>Kui vajad sellele kerisele varuosi, siis saada meile e-mail. Lisavarustus on leitav <a href=\"https:\/\/factory.sale\/et\/product-category\/sanitaartehnika\/saunatarvikud\/huum-et-2\/\" target=\"_blank\" rel=\"noopener\">SIIT<\/a>.<\/p>\n<p><strong>EAN: 4744103010462<\/strong><\/p>\n<p>&nbsp;<\/p>\n<h2>HUUM CORE KIVIDE PAIGUTUS<\/h2>\n<div class=\"video-wrapper \"><iframe loading=\"lazy\" title=\"HUUM CORE stone placement\" width=\"500\" height=\"281\" src=\"https:\/\/www.youtube.com\/embed\/ge3OADAqYLU?feature=oembed\" frameborder=\"0\" allow=\"accelerometer; autoplay; clipboard-write; encrypted-media; gyroscope; picture-in-picture; web-share\" referrerpolicy=\"strict-origin-when-cross-origin\" allowfullscreen><\/iframe><\/div>\n<h2>HUUM SAUN<\/h2>\n<div class=\"video-wrapper \"><iframe loading=\"lazy\" title=\"Sauna inspiration \u2502 HUUM HIVE Wood \u2502 wood-burning stove\" width=\"500\" height=\"281\" src=\"https:\/\/www.youtube.com\/embed\/s5SwqfqFP9Y?feature=oembed\" frameborder=\"0\" allow=\"accelerometer; autoplay; clipboard-write; encrypted-media; gyroscope; picture-in-picture; web-share\" referrerpolicy=\"strict-origin-when-cross-origin\" allowfullscreen><\/iframe><\/div>\n<p><strong><span style=\"font-size: 18pt;\">MIKS HUUM?<\/span><\/strong><\/p>\n<div class=\"video-wrapper \"><iframe loading=\"lazy\" title=\"Why HUUM heaters?\" width=\"500\" height=\"281\" src=\"https:\/\/www.youtube.com\/embed\/mstEnCX5Ehs?feature=oembed\" frameborder=\"0\" allow=\"accelerometer; autoplay; clipboard-write; encrypted-media; gyroscope; picture-in-picture; web-share\" referrerpolicy=\"strict-origin-when-cross-origin\" allowfullscreen><\/iframe><\/div>\n<p>&nbsp;<\/p>\n","protected":false},"excerpt":{"rendered":"<p>HUUM CORE Black on paindlikke lahendusi pakkuv v\u00f5imas elektrikeris korteri sauna. CORE\u2019i on v\u00f5imalik valida mitmesuguste \u00fcmbriste ja liistudega. Nii sobitub see minimalistliku disainiga keris erinevate siseviimistlustega ning mahub ka v\u00e4ga v\u00e4ikestesse saunadesse. CORE k\u00fctab leiliruumi kiiresti kuumaks, tagades seejuures siiski meeldiva leili.<\/p>\n<ul>\n<li>erinevad kestad ja liistud viimistlemiseks<\/li>\n<li>v\u00e4ga l\u00fchikesed ohutuskaugused (4 cm v\u00e4lisviimistlusest)<\/li>\n<li>kiire k\u00fctteaeg<\/li>\n<li>6 kW leiliruumi maht 5-9 m\u00b3<\/li>\n<\/ul>\n<p>&nbsp;<\/p>\n","protected":false},"featured_media":99882,"comment_status":"open","ping_status":"closed","template":"","meta":{"_acf_changed":false},"factory":[],"free-shipment":[5018],"product_brand":[4432],"product_cat":[719,306,784],"product_tag":[718,808,805],"class_list":{"0":"post-6048","1":"product","2":"type-product","3":"status-publish","4":"has-post-thumbnail","6":"free-shipment-tasuta-saatmine","7":"product_brand-huum-et","8":"product_cat-huum","9":"product_cat-saunakerised","10":"product_cat-sanitaartehnika","11":"product_tag-huum-et","12":"product_tag-kerised","13":"product_tag-sisekliimaseade","15":"first","16":"instock","17":"sale","18":"taxable","19":"shipping-taxable","20":"purchasable","21":"product-type-simple"},"acf":[],"_links":{"self":[{"href":"https:\/\/factory.sale\/et\/wp-json\/wp\/v2\/product\/6048","targetHints":{"allow":["GET"]}}],"collection":[{"href":"https:\/\/factory.sale\/et\/wp-json\/wp\/v2\/product"}],"about":[{"href":"https:\/\/factory.sale\/et\/wp-json\/wp\/v2\/types\/product"}],"replies":[{"embeddable":true,"href":"https:\/\/factory.sale\/et\/wp-json\/wp\/v2\/comments?post=6048"}],"wp:featuredmedia":[{"embeddable":true,"href":"https:\/\/factory.sale\/et\/wp-json\/wp\/v2\/media\/99882"}],"wp:attachment":[{"href":"https:\/\/factory.sale\/et\/wp-json\/wp\/v2\/media?parent=6048"}],"wp:term":[{"taxonomy":"factory","embeddable":true,"href":"https:\/\/factory.sale\/et\/wp-json\/wp\/v2\/factory?post=6048"},{"taxonomy":"free-shipment","embeddable":true,"href":"https:\/\/factory.sale\/et\/wp-json\/wp\/v2\/free-shipment?post=6048"},{"taxonomy":"product_brand","embeddable":true,"href":"https:\/\/factory.sale\/et\/wp-json\/wp\/v2\/product_brand?post=6048"},{"taxonomy":"product_cat","embeddable":true,"href":"https:\/\/factory.sale\/et\/wp-json\/wp\/v2\/product_cat?post=6048"},{"taxonomy":"product_tag","embeddable":true,"href":"https:\/\/factory.sale\/et\/wp-json\/wp\/v2\/product_tag?post=6048"}],"curies":[{"name":"wp","href":"https:\/\/api.w.org\/{rel}","templated":true}]}}