{"id":60414,"date":"2024-01-04T09:24:19","date_gmt":"2024-01-04T09:40:55","guid":{"rendered":"https:\/\/factory.sale\/?post_type=product&#038;p=60414"},"modified":"2024-06-27T16:59:31","modified_gmt":"2024-06-27T16:59:31","slug":"hotbin-200l-kiirkomposteri-lisaalus","status":"publish","type":"product","link":"https:\/\/factory.sale\/et\/toode\/hotbin-200l-kiirkomposteri-lisaalus\/","title":{"rendered":"HotBin 200L kiirkomposteri lisaalus"},"content":{"rendered":"<p><strong>Tootekood:<\/strong> HB200 alus<\/p>\n<p>&nbsp;<\/p>\n<p>HOTBIN on parim turul olev kiirkomposter, see kompostib kiiresti l\u00e4bi k\u00f5ik teie toidu- ja aiaj\u00e4\u00e4tmed, muutes selle rikkalikuks orgaaniliseks kompostiks, mida teie aed armastab.<\/p>\n<p>Uudne disain ja isolatsioon hoiab HOTBINI KUUMA, luues keskkonna, mis seedib sisu kiiresti, muutes kiirkompostimise lihtsaks &#8211; seda k\u00f5ike ilma, et peaksite lisama \u00fchtegi kompostimiskiirendit v\u00f5i aktivaatorit!<\/p>\n<p>HOTBIN v\u00e4hendab p\u00f5letamiseks saadetavate j\u00e4\u00e4tmete hulka, kompostides mitut t\u00fc\u00fcpi toiduj\u00e4\u00e4tmeid. Olge v\u00e4hem valiv, kompostige 100% k\u00f5igist toidu- ja aiaj\u00e4\u00e4tmetest ilma traditsiooniliste kompostimisprobleemideta, mis puudutavad l\u00f5hna, k\u00e4rbseid ja segamist.<\/p>\n<p>HOTBIN on Garden Organicu poolt s\u00f5ltumatult testitud ja h\u00e4\u00e4letatud Suurbritannia aiandus auhindadel parimaks kompostimistooteks. HOTBINil on Suurbritannias, \u0160veitsis ja USA&#8217;s tuhandeid rahulolevaid kliente ja \u00fcsna palju ka Eestis, mis t\u00f5estavad, et HOTBIN on t\u00f5esti HOT kompostikast, mis t\u00f6\u00f6tab<\/p>\n<p>&nbsp;<\/p>\n<p>&nbsp;<\/p>\n<p><strong>HOTBINi kompostimise eelised<\/strong><\/p>\n<ul>\n<li>Rikas kompost kiiresti &#8211; 30 -90 p\u00e4eva<\/li>\n<li>Rohkem komposti &#8211; taaskasutage k\u00f5ik toidu- ja aiaj\u00e4\u00e4tmed<\/li>\n<li>Lihtne \u00fcles seada ja kasutada &#8211; kerge ja stabiilne, ei haise, pole k\u00e4rbseid<\/li>\n<li>Leidke mis tahes \u00fchtlane pind &#8211; p\u00e4ike v\u00f5i vari<\/li>\n<li>Iseseisev pr\u00fcgikast (p\u00f5hjas)<\/li>\n<li>Parem keskkonnale<\/li>\n<li>Kiirendeid ega aktivaatoreid pole vaja<\/li>\n<li>Kasutatav aastaringselt. Talvisel ajal kompostimine aeglustub.<\/li>\n<\/ul>\n<p>&nbsp;<\/p>\n<p><strong>\u00d5ige koha leidmine?<\/strong><\/p>\n<p>Asetage HOTBIN tasasele pinnale, p\u00e4ikese k\u00e4es v\u00f5i varjus ning saavutage kiirkompostimine aastaringselt ja rikkalik kompost 30\u201390 p\u00e4evaga.<\/p>\n<p>&nbsp;<\/p>\n<p>&nbsp;<\/p>\n<div class=\"video-wrapper \"><iframe loading=\"lazy\" title=\"HotBin kiirkompostri k\u00e4ivitamisjuhend EST\" width=\"500\" height=\"281\" src=\"https:\/\/www.youtube.com\/embed\/XOj8QoGA8II?feature=oembed\" frameborder=\"0\" allow=\"accelerometer; autoplay; clipboard-write; encrypted-media; gyroscope; picture-in-picture; web-share\" referrerpolicy=\"strict-origin-when-cross-origin\" allowfullscreen><\/iframe><\/div>\n<div class=\"video-wrapper \"><iframe loading=\"lazy\" title=\"HOTBIN Explained in 90 seconds EST\" width=\"500\" height=\"281\" src=\"https:\/\/www.youtube.com\/embed\/GyiwL7z5QRs?feature=oembed\" frameborder=\"0\" allow=\"accelerometer; autoplay; clipboard-write; encrypted-media; gyroscope; picture-in-picture; web-share\" referrerpolicy=\"strict-origin-when-cross-origin\" allowfullscreen><\/iframe><\/div>\n","protected":false},"excerpt":{"rendered":"<p>HOTBIN on parim turul olev kiirkomposter, see kompostib kiiresti l\u00e4bi k\u00f5ik teie toidu- ja aiaj\u00e4\u00e4tmed, muutes selle rikkalikuks orgaaniliseks kompostiks, mida teie aed armastab.<\/p>\n<p>Uudne disain ja isolatsioon hoiab HOTBINI KUUMA, luues keskkonna, mis seedib sisu kiiresti, muutes kiirkompostimise lihtsaks &#8211; seda k\u00f5ike ilma, et peaksite lisama \u00fchtegi kompostimiskiirendit v\u00f5i aktivaatorit!<\/p>\n","protected":false},"featured_media":60404,"comment_status":"open","ping_status":"closed","template":"","meta":{"_acf_changed":false},"factory":[],"free-shipment":[],"product_brand":[],"product_cat":[924,2733],"product_tag":[],"class_list":{"0":"post-60414","1":"product","2":"type-product","3":"status-publish","4":"has-post-thumbnail","6":"product_cat-aiatooted","7":"product_cat-kompostrid","9":"first","10":"instock","11":"sale","12":"taxable","13":"shipping-taxable","14":"purchasable","15":"product-type-simple"},"acf":[],"_links":{"self":[{"href":"https:\/\/factory.sale\/et\/wp-json\/wp\/v2\/product\/60414","targetHints":{"allow":["GET"]}}],"collection":[{"href":"https:\/\/factory.sale\/et\/wp-json\/wp\/v2\/product"}],"about":[{"href":"https:\/\/factory.sale\/et\/wp-json\/wp\/v2\/types\/product"}],"replies":[{"embeddable":true,"href":"https:\/\/factory.sale\/et\/wp-json\/wp\/v2\/comments?post=60414"}],"wp:featuredmedia":[{"embeddable":true,"href":"https:\/\/factory.sale\/et\/wp-json\/wp\/v2\/media\/60404"}],"wp:attachment":[{"href":"https:\/\/factory.sale\/et\/wp-json\/wp\/v2\/media?parent=60414"}],"wp:term":[{"taxonomy":"factory","embeddable":true,"href":"https:\/\/factory.sale\/et\/wp-json\/wp\/v2\/factory?post=60414"},{"taxonomy":"free-shipment","embeddable":true,"href":"https:\/\/factory.sale\/et\/wp-json\/wp\/v2\/free-shipment?post=60414"},{"taxonomy":"product_brand","embeddable":true,"href":"https:\/\/factory.sale\/et\/wp-json\/wp\/v2\/product_brand?post=60414"},{"taxonomy":"product_cat","embeddable":true,"href":"https:\/\/factory.sale\/et\/wp-json\/wp\/v2\/product_cat?post=60414"},{"taxonomy":"product_tag","embeddable":true,"href":"https:\/\/factory.sale\/et\/wp-json\/wp\/v2\/product_tag?post=60414"}],"curies":[{"name":"wp","href":"https:\/\/api.w.org\/{rel}","templated":true}]}}