{"id":60267,"date":"2024-01-03T22:36:52","date_gmt":"2024-01-03T22:43:12","guid":{"rendered":"https:\/\/factory.sale\/?post_type=product&#038;p=60267"},"modified":"2024-06-25T11:25:22","modified_gmt":"2024-06-25T11:25:22","slug":"helo-elektrikeris-vienna-800d","status":"publish","type":"product","link":"https:\/\/factory.sale\/et\/toode\/helo-elektrikeris-vienna-800d\/","title":{"rendered":"Helo elektrikeris Vienna 800D"},"content":{"rendered":"<p><strong>Tootekood:\u00a0<\/strong>000522<\/p>\n<p>&nbsp;<\/p>\n<p>Seinale kinnitatav Helo Vienna elektrikeris on stiilne alternatiiv v\u00e4ikestele ja keskmise suurusega kodusaunadele. Vienna sarja on lihtne paigaldada ja kasutada. Vastavalt teie meeleolule ja saunaruumile on Vienna saadaval kolmes erinevas v\u00e4rvitoonis.<\/p>\n<p>\u2022 \u00a0Pakub \u00f5iget v\u00f5imsust 3-13 kuupmeetrise ruumi jaoks.<br \/>\n\u2022 \u00a0Seinale kinnitatav konstruktsioon vabastab v\u00e4\u00e4rtuslikku p\u00f5randapinda v\u00e4iksemates saunades.<br \/>\n\u2022 \u00a0D mudel koos eraldi WE 40 relee kasti ja Pure v\u00f5i Elite Free juhtpaneeliga.<br \/>\n\u2022 \u00a0Hall, must v\u00f5i kroom.<\/p>\n<p>&nbsp;<\/p>\n<p><strong>Tehnilised andmed:<\/strong><\/p>\n<ul>\n<li>V\u00e4rv: Hall, must v\u00f5i kroom<\/li>\n<li>Kaal (kg): 11.5<\/li>\n<li>V\u00f5imsus (kW): 8,0<\/li>\n<li>M\u00f5\u00f5tmed (L x K x S): 400 x 615 x 270<\/li>\n<\/ul>\n<p>&nbsp;<\/p>\n<p><a href=\"https:\/\/factory.sale\/wp-content\/uploads\/2024\/01\/Vienna-D-Installation-manual-and-user-guide.pdf\" target=\"_blank\" rel=\"noopener\">Vienna D &#8211; paigaldus -ja kasutusjuhend\u00a0<\/a><\/p>\n<p><a href=\"https:\/\/factory.sale\/wp-content\/uploads\/2024\/01\/Vienna-D-Elite-and-Pure-Installation-manual-and-user-guide.pdf\" target=\"_blank\" rel=\"noopener\">Vienna D &#8211; Elite and Pure &#8211; paigaldus -ja kasutusjuhend\u00a0<\/a><\/p>\n<p><a href=\"https:\/\/factory.sale\/wp-content\/uploads\/2023\/12\/Warranty-policy.pdf\" target=\"_blank\" rel=\"noopener\">Garantii<\/a><\/p>\n","protected":false},"excerpt":{"rendered":"<p>Seinale kinnitatav Helo Vienna elektrikeris on stiilne alternatiiv v\u00e4ikestele ja keskmise suurusega kodusaunadele. Vienna sarja on lihtne paigaldada ja kasutada. Vastavalt teie meeleolule ja saunaruumile on Vienna saadaval kolmes erinevas v\u00e4rvitoonis.<\/p>\n","protected":false},"featured_media":60073,"comment_status":"open","ping_status":"closed","template":"","meta":{"_acf_changed":false},"factory":[],"free-shipment":[],"product_brand":[],"product_cat":[2638,306],"product_tag":[2179,811,2181],"class_list":{"0":"post-60267","1":"product","2":"type-product","3":"status-publish","4":"has-post-thumbnail","6":"product_cat-helo-et","7":"product_cat-saunakerised","8":"product_tag-electric-heater-et","9":"product_tag-sauna-et","10":"product_tag-sauna-heaters-et","12":"first","13":"instock","14":"sale","15":"taxable","16":"shipping-taxable","17":"purchasable","18":"product-type-simple"},"acf":[],"_links":{"self":[{"href":"https:\/\/factory.sale\/et\/wp-json\/wp\/v2\/product\/60267","targetHints":{"allow":["GET"]}}],"collection":[{"href":"https:\/\/factory.sale\/et\/wp-json\/wp\/v2\/product"}],"about":[{"href":"https:\/\/factory.sale\/et\/wp-json\/wp\/v2\/types\/product"}],"replies":[{"embeddable":true,"href":"https:\/\/factory.sale\/et\/wp-json\/wp\/v2\/comments?post=60267"}],"wp:featuredmedia":[{"embeddable":true,"href":"https:\/\/factory.sale\/et\/wp-json\/wp\/v2\/media\/60073"}],"wp:attachment":[{"href":"https:\/\/factory.sale\/et\/wp-json\/wp\/v2\/media?parent=60267"}],"wp:term":[{"taxonomy":"factory","embeddable":true,"href":"https:\/\/factory.sale\/et\/wp-json\/wp\/v2\/factory?post=60267"},{"taxonomy":"free-shipment","embeddable":true,"href":"https:\/\/factory.sale\/et\/wp-json\/wp\/v2\/free-shipment?post=60267"},{"taxonomy":"product_brand","embeddable":true,"href":"https:\/\/factory.sale\/et\/wp-json\/wp\/v2\/product_brand?post=60267"},{"taxonomy":"product_cat","embeddable":true,"href":"https:\/\/factory.sale\/et\/wp-json\/wp\/v2\/product_cat?post=60267"},{"taxonomy":"product_tag","embeddable":true,"href":"https:\/\/factory.sale\/et\/wp-json\/wp\/v2\/product_tag?post=60267"}],"curies":[{"name":"wp","href":"https:\/\/api.w.org\/{rel}","templated":true}]}}