{"id":59906,"date":"2024-01-02T14:06:10","date_gmt":"2024-01-02T14:10:16","guid":{"rendered":"https:\/\/factory.sale\/?post_type=product&#038;p=59906"},"modified":"2024-06-28T13:14:37","modified_gmt":"2024-06-28T13:14:37","slug":"helo-elektrikeris-vienna-80-sts-must","status":"publish","type":"product","link":"https:\/\/factory.sale\/et\/toode\/helo-elektrikeris-vienna-80-sts-must\/","title":{"rendered":"Helo elektrikeris Vienna 80 STS Must"},"content":{"rendered":"<p><strong>Tootekood:<\/strong> 000510<\/p>\n<p>&nbsp;<\/p>\n<p>&nbsp;<\/p>\n<p>Seinale kinnitatav Helo Vienna elektrikeris on stiilne alternatiiv v\u00e4ikestele ja keskmise suurusega kodusaunadele. Vienna sarja on lihtne paigaldada ja kasutada. Vastavalt teie meeleolule ja saunaruumile on Vienna saadaval kolmes erinevas v\u00e4rvitoonis.<\/p>\n<p>\u2022 Pakub \u00f5iget v\u00f5imsust 3-13 kuupmeetrise ruumi jaoks.<br \/>\n\u2022 Seinale kinnitatav konstruktsioon vabastab v\u00e4\u00e4rtuslikku p\u00f5randapinda v\u00e4iksemates saunades.<br \/>\n\u2022 STJ mudelil on sisseehitatud termostaat k\u00f5rglimiidi l\u00e4htestamise ja taimeriga 3 + 9 h.<br \/>\n\u2022 Hall, must v\u00f5i kroom. Valik on teie.<\/p>\n<p>&nbsp;<\/p>\n<p>&nbsp;<\/p>\n<p><strong>Tehnilised andmed:<\/strong><\/p>\n<ul>\n<li>V\u00e4rv: Must<\/li>\n<li>Kaal (kg): 12.5<\/li>\n<li>Kivide kogus (kg): 20<\/li>\n<li>V\u00f5imsus (kW): 8,0<\/li>\n<li>M\u00f5\u00f5tmed (LxKxS): 420 x 615 x 270<\/li>\n<li>Sauna suurus (m3): 8-12<\/li>\n<li>Ohutuskaugus, tagant: 0<\/li>\n<li>Ohutuskaugus, \u00fclevalt: 1200<\/li>\n<li>Ohutuskaugus, k\u00fcljelt: 80<\/li>\n<li>Ohutuskaugus, eest: 100<\/li>\n<\/ul>\n<p>&nbsp;<\/p>\n<p>&nbsp;<\/p>\n<p><a href=\"https:\/\/factory.sale\/wp-content\/uploads\/2024\/01\/Vienna-STS-Installation-manual-and-user-guide.pdf\" target=\"_blank\" rel=\"noopener\">Kasutus- ja paigaldusjuhend<\/a><\/p>\n<p><a href=\"https:\/\/factory.sale\/wp-content\/uploads\/2023\/12\/Warranty-policy.pdf\" target=\"_blank\" rel=\"noopener\">Garantii<\/a><\/p>\n<p>&nbsp;<\/p>\n","protected":false},"excerpt":{"rendered":"<p>Seinale kinnitatav Helo Vienna elektrikeris on stiilne alternatiiv v\u00e4ikestele ja keskmise suurusega kodusaunadele. Vienna sarja on lihtne paigaldada ja kasutada. Vastavalt teie meeleolule ja saunaruumile on Vienna saadaval kolmes erinevas v\u00e4rvitoonis.<\/p>\n","protected":false},"featured_media":59880,"comment_status":"open","ping_status":"closed","template":"","meta":{"_acf_changed":false},"factory":[],"free-shipment":[],"product_brand":[],"product_cat":[2638,306],"product_tag":[2179],"class_list":{"0":"post-59906","1":"product","2":"type-product","3":"status-publish","4":"has-post-thumbnail","6":"product_cat-helo-et","7":"product_cat-saunakerised","8":"product_tag-electric-heater-et","10":"first","11":"instock","12":"sale","13":"taxable","14":"shipping-taxable","15":"purchasable","16":"product-type-simple"},"acf":[],"_links":{"self":[{"href":"https:\/\/factory.sale\/et\/wp-json\/wp\/v2\/product\/59906","targetHints":{"allow":["GET"]}}],"collection":[{"href":"https:\/\/factory.sale\/et\/wp-json\/wp\/v2\/product"}],"about":[{"href":"https:\/\/factory.sale\/et\/wp-json\/wp\/v2\/types\/product"}],"replies":[{"embeddable":true,"href":"https:\/\/factory.sale\/et\/wp-json\/wp\/v2\/comments?post=59906"}],"wp:featuredmedia":[{"embeddable":true,"href":"https:\/\/factory.sale\/et\/wp-json\/wp\/v2\/media\/59880"}],"wp:attachment":[{"href":"https:\/\/factory.sale\/et\/wp-json\/wp\/v2\/media?parent=59906"}],"wp:term":[{"taxonomy":"factory","embeddable":true,"href":"https:\/\/factory.sale\/et\/wp-json\/wp\/v2\/factory?post=59906"},{"taxonomy":"free-shipment","embeddable":true,"href":"https:\/\/factory.sale\/et\/wp-json\/wp\/v2\/free-shipment?post=59906"},{"taxonomy":"product_brand","embeddable":true,"href":"https:\/\/factory.sale\/et\/wp-json\/wp\/v2\/product_brand?post=59906"},{"taxonomy":"product_cat","embeddable":true,"href":"https:\/\/factory.sale\/et\/wp-json\/wp\/v2\/product_cat?post=59906"},{"taxonomy":"product_tag","embeddable":true,"href":"https:\/\/factory.sale\/et\/wp-json\/wp\/v2\/product_tag?post=59906"}],"curies":[{"name":"wp","href":"https:\/\/api.w.org\/{rel}","templated":true}]}}