{"id":59584,"date":"2024-01-01T14:37:43","date_gmt":"2024-01-01T14:38:10","guid":{"rendered":"https:\/\/factory.sale\/?post_type=product&#038;p=59584"},"modified":"2025-03-18T13:55:17","modified_gmt":"2025-03-18T10:55:17","slug":"helo-saunakeris-hanko-60-stj","status":"publish","type":"product","link":"https:\/\/factory.sale\/et\/toode\/helo-saunakeris-hanko-60-stj\/","title":{"rendered":"Helo saunakeris Hanko 60 STJ kroom"},"content":{"rendered":"<p><strong>Tootekood:<\/strong> 000201 (Kroom)<\/p>\n<p>&nbsp;<\/p>\n<p>Hanko elektrikeris on meie uus kompaktne keris, millel on kaasaegne disain. See sobib v\u00e4ikestesse ruumidesse ja pakub \u00f5rna soojust. Hanko on hoolika disainiprotsessi tulemus. Meie tipptasemel disainerid l\u00f5id kerise isegi k\u00f5ige n\u00f5udlikumale saunaentusiastile. T\u00e4iesti uus Hanko on valmistatud meie tehases k\u00e4sitsi, kasutades parimaid materjale.<\/p>\n<p>\u2022 STJ mudelil on sisseehitatud termostaat k\u00f5rglimiidi l\u00e4htestamise ja taimeriga 3 + 9 h.<\/p>\n<p>&nbsp;<\/p>\n<p><strong>Tehnilised andmed:<\/strong><\/p>\n<ul>\n<li>V\u00e4rv: Must, Kroom<\/li>\n<li>Kaal (kg): 7,2<\/li>\n<li>Kivide kogus (kg): 32<\/li>\n<li>V\u00f5imsus (kW): 6.0<\/li>\n<li>M\u00f5\u00f5tmed (LxKxS): 365 x 575 x 250<\/li>\n<li>Sauna suurus (m3): 5-9<\/li>\n<li>Ohutuskaugus, \u00fclevalt: 1300<\/li>\n<li>Ohutuskaugus, k\u00fcljelt: 70<\/li>\n<li>Ohutuskaugus, eest: 100<\/li>\n<\/ul>\n<p>&nbsp;<\/p>\n<p>&nbsp;<\/p>\n<p><a href=\"https:\/\/factory.sale\/wp-content\/uploads\/2023\/12\/Hanko-STJ-Installation-manual-and-user-guide.pdf\" target=\"_blank\" rel=\"noopener\">Hanko STJ &#8211; paigaldus-ja kasutusjuhend<\/a><\/p>\n<p><a href=\"https:\/\/factory.sale\/wp-content\/uploads\/2023\/12\/Hanko-STJ-Installation-manual-and-user-guide.pdf\" target=\"_blank\" rel=\"noopener\">Garantii<\/a><\/p>\n<p><a href=\"https:\/\/factory.sale\/wp-content\/uploads\/2023\/12\/Hanko-STJ-Installation-manual-and-user-guide.pdf\" target=\"_blank\" rel=\"noopener\">Hanko &#8211; tooteleht<\/a><\/p>\n","protected":false},"excerpt":{"rendered":"<p>Hanko elektrikeris on meie uus kompaktne keris, millel on kaasaegne disain. See sobib v\u00e4ikestesse ruumidesse ja pakub \u00f5rna soojust. Hanko on hoolika disainiprotsessi tulemus. Meie tipptasemel disainerid l\u00f5id kerise isegi k\u00f5ige n\u00f5udlikumale saunaentusiastile. T\u00e4iesti uus Hanko on valmistatud meie tehases k\u00e4sitsi, kasutades parimaid materjale.<\/p>\n","protected":false},"featured_media":59845,"comment_status":"open","ping_status":"closed","template":"","meta":{"_acf_changed":false},"factory":[],"free-shipment":[],"product_brand":[],"product_cat":[2638,306],"product_tag":[],"class_list":{"0":"post-59584","1":"product","2":"type-product","3":"status-publish","4":"has-post-thumbnail","6":"product_cat-helo-et","7":"product_cat-saunakerised","9":"first","10":"instock","11":"sale","12":"taxable","13":"shipping-taxable","14":"purchasable","15":"product-type-simple"},"acf":[],"_links":{"self":[{"href":"https:\/\/factory.sale\/et\/wp-json\/wp\/v2\/product\/59584","targetHints":{"allow":["GET"]}}],"collection":[{"href":"https:\/\/factory.sale\/et\/wp-json\/wp\/v2\/product"}],"about":[{"href":"https:\/\/factory.sale\/et\/wp-json\/wp\/v2\/types\/product"}],"replies":[{"embeddable":true,"href":"https:\/\/factory.sale\/et\/wp-json\/wp\/v2\/comments?post=59584"}],"wp:featuredmedia":[{"embeddable":true,"href":"https:\/\/factory.sale\/et\/wp-json\/wp\/v2\/media\/59845"}],"wp:attachment":[{"href":"https:\/\/factory.sale\/et\/wp-json\/wp\/v2\/media?parent=59584"}],"wp:term":[{"taxonomy":"factory","embeddable":true,"href":"https:\/\/factory.sale\/et\/wp-json\/wp\/v2\/factory?post=59584"},{"taxonomy":"free-shipment","embeddable":true,"href":"https:\/\/factory.sale\/et\/wp-json\/wp\/v2\/free-shipment?post=59584"},{"taxonomy":"product_brand","embeddable":true,"href":"https:\/\/factory.sale\/et\/wp-json\/wp\/v2\/product_brand?post=59584"},{"taxonomy":"product_cat","embeddable":true,"href":"https:\/\/factory.sale\/et\/wp-json\/wp\/v2\/product_cat?post=59584"},{"taxonomy":"product_tag","embeddable":true,"href":"https:\/\/factory.sale\/et\/wp-json\/wp\/v2\/product_tag?post=59584"}],"curies":[{"name":"wp","href":"https:\/\/api.w.org\/{rel}","templated":true}]}}