{"id":59249,"date":"2023-12-30T21:28:25","date_gmt":"2023-12-30T21:34:42","guid":{"rendered":"https:\/\/factory.sale\/?post_type=product&#038;p=59249"},"modified":"2025-09-28T23:51:10","modified_gmt":"2025-09-28T20:51:10","slug":"andrewpol-kihiline-tammeparkett-klass-iii","status":"publish","type":"product","link":"https:\/\/factory.sale\/et\/toode\/andrewpol-kihiline-tammeparkett-klass-iii\/","title":{"rendered":"Andrewpol kihiline tammeparkett, Klass III"},"content":{"rendered":"<p>Kihiline parketilaud on saadaval laiustes 70 mm kuni 230 mm, pikkustes 500 mm kuni 2500 mm, paksustes 12 mm kuni 22 mm v\u00f5i muud soovitud m\u00f5\u00f5tmed.<\/p>\n<p><strong>Meie toodetavad kihilised parketilauad koosnevad kahest kihist:<\/strong><\/p>\n<p>\u2013 Pealmine kulumiskiht<\/p>\n<p>\u2013 Alumine veekindlast vineerist (kasevineer) kihiline<\/p>\n<p>T\u00e4nu kahe kihi puidu (erinevat t\u00fc\u00fcpi) kasutamisele on laud erakordselt vastupidav, paindlik ja stabiilne, v\u00f5ttes arvesse valitsevaid keskkonnatingimusi (liigne v\u00f5i ebapiisav niiskus).<\/p>\n<p>Kulumiskiht on umbes 3 mm kuni 6 mm paks ja on valmistatud tamme puidust, mis on tuntud oma k\u00f5rge vastupidavuse ja ajatu v\u00e4limuse poolest. Meie pakkumisse kuuluvad ka kihilised saarepuust lauad ja teised puiduliigid individuaalsete klientide tellimustele. Niiskuse tungimise v\u00e4hendamiseks aluspinnalt ja suurema stabiilsuse saavutamiseks kasutame alumise kihina veekindlat kasevineeri. Nende kahe kihi liimimiseks kasutame rangelt tehnoloogilistele standarditele vastavalt l\u00f5igatud materjali, kasutades turul saadaolevaid parimaid liime.<\/p>\n<p>T\u00e4nu kahe kihi kasutamisele, kus alumine osa on risti seotud, suureneb kihilise parketi vastupidavus. Parkett muutub stabiilsemaks ja sobib paremini ruumidesse, kus tugeva parketi paigaldamine pole andnud erilist tulemust, nt. aladel, kus niiskuse ja temperatuuri k\u00f5ikumine on suur.<\/p>\n<p>Tammest kihiline parketilaud, III klass, naturaalne<\/p>\n<p>S\u00f5lmed kuni umbes 30 mm, naturaalne puidu v\u00e4rvus, loomulik puidu muster, v\u00e4ike kogus pehmet puitu lubatud, loomulikud ja loomuvastased v\u00e4rvimuutused, niiskus 9% +\/- 2%.<\/p>\n<p>Lisaks on v\u00f5imalik tellida lauda koos laiendusl\u00f5igetega kihilise laua alumisel k\u00fcljel.<\/p>\n<p>&nbsp;<\/p>\n<h3>Kihilised parketilauad &#8211; paksus 21\/6 mm v\u00f5i 17\/6 mm<\/h3>\n<p><strong>Kulumiskihi paksus tamm 6mm kasevineeril (veekindel)<\/strong><\/p>\n<p>&nbsp;<\/p>\n<table>\n<tbody>\n<tr>\n<td rowspan=\"2\"><b>Puit<\/b><\/td>\n<td rowspan=\"2\"><b>M\u00f5\u00f5dud (mm)\u00a0 laius X pikkus\u00a0<\/b><\/td>\n<td colspan=\"2\"><\/td>\n<\/tr>\n<tr>\n<td><b>Hind<\/b><\/td>\n<td><\/td>\n<\/tr>\n<tr>\n<td><span style=\"font-weight: 400;\">Oak\u00a0<\/span><\/td>\n<td><span style=\"font-weight: 400;\">220 x (500 \u2013 2400)\u00a0<\/span><\/td>\n<td><b>94,8 \u00a0<\/b><\/td>\n<td><\/td>\n<\/tr>\n<tr>\n<td><span style=\"font-weight: 400;\">Oak\u00a0<\/span><\/td>\n<td><span style=\"font-weight: 400;\">200 x (500 \u2013 2400)\u00a0<\/span><\/td>\n<td><b>92,4<\/b><\/td>\n<td><\/td>\n<\/tr>\n<tr>\n<td><span style=\"font-weight: 400;\">Oak\u00a0<\/span><\/td>\n<td><span style=\"font-weight: 400;\">180 x (500 \u2013 2400)\u00a0<\/span><\/td>\n<td><b>89,4\u00a0<\/b><\/td>\n<td><\/td>\n<\/tr>\n<tr>\n<td><span style=\"font-weight: 400;\">Oak\u00a0<\/span><\/p>\n<p>Oak<\/td>\n<td><span style=\"font-weight: 400;\">160 x (500 \u2013 2400)\u00a0<\/span><\/p>\n<p>150 x (500 \u2013 2400)<\/td>\n<td><b>76,5<\/b><\/p>\n<p><b>74,1\u00a0<\/b><\/td>\n<td><\/td>\n<\/tr>\n<tr>\n<td>Oak<\/td>\n<td>120 x (500 \u2013 2400)<\/td>\n<td><b>71,4<\/b><\/td>\n<td><\/td>\n<\/tr>\n<tr>\n<td>Oak<\/td>\n<td>100 x (500 \u2013 1400)<\/td>\n<td><b>66,9\u00a0<\/b><\/td>\n<td><\/td>\n<\/tr>\n<\/tbody>\n<\/table>\n<p>&nbsp;<\/p>\n<h3>Kihilised parketilauad &#8211; paksus 15\/4 mm<\/h3>\n<p><strong>Kulumiskihi paksus tamm 4mm kasevineeril (veekindel)<\/strong><\/p>\n<table>\n<tbody>\n<tr>\n<td><strong>Puit<\/strong><\/p>\n<p><span style=\"font-weight: 400;\">Oak\u00a0<\/span><\/td>\n<td><strong>M\u00f5\u00f5dud (mm) laius X pikkus<\/strong><\/p>\n<p><span style=\"font-weight: 400;\">220 x (500 \u2013 2400)\u00a0<\/span><\/td>\n<td><strong>Hind<\/strong><\/p>\n<p><b>93,6\u00a0<\/b><\/td>\n<\/tr>\n<tr>\n<td><span style=\"font-weight: 400;\">Oak\u00a0<\/span><\/td>\n<td><span style=\"font-weight: 400;\">200 x (500 \u2013 2400)\u00a0<\/span><\/td>\n<td><b>79,2\u00a0<\/b><\/td>\n<\/tr>\n<tr>\n<td><span style=\"font-weight: 400;\">Oak\u00a0<\/span><\/td>\n<td><span style=\"font-weight: 400;\">180 x (500 \u2013 2400)\u00a0<\/span><\/td>\n<td><b>77,7\u00a0<\/b><\/td>\n<\/tr>\n<tr>\n<td><span style=\"font-weight: 400;\">Oak\u00a0<\/span><\/p>\n<p>Oak<\/td>\n<td><span style=\"font-weight: 400;\">160 x (500 \u2013 2400)\u00a0<\/span><\/p>\n<p>150 x (500 \u2013 2400)<\/td>\n<td><b>70,2<\/b><\/p>\n<p><b>61,56<\/b><\/td>\n<\/tr>\n<tr>\n<td>Oak<\/td>\n<td>(120 \u2013 130) x (500 \u2013 2400)<\/td>\n<td><b>57,0\u00a0<\/b><\/td>\n<\/tr>\n<\/tbody>\n<\/table>\n","protected":false},"excerpt":{"rendered":"<p>T\u00e4nu kahe kihi puidu (erinevat t\u00fc\u00fcpi) kasutamisele on laud erakordselt vastupidav, paindlik ja stabiilne, v\u00f5ttes arvesse valitsevaid keskkonnatingimusi (liigne v\u00f5i ebapiisav niiskus).<\/p>\n","protected":false},"featured_media":59239,"comment_status":"open","ping_status":"closed","template":"","meta":{"_acf_changed":false},"factory":[],"free-shipment":[],"product_brand":[],"product_cat":[294,176],"product_tag":[],"class_list":{"0":"post-59249","1":"product","2":"type-product","3":"status-publish","4":"has-post-thumbnail","6":"product_cat-parkett","7":"product_cat-porand","9":"first","10":"instock","11":"sale","12":"taxable","13":"shipping-taxable","14":"purchasable","15":"product-type-simple"},"acf":[],"_links":{"self":[{"href":"https:\/\/factory.sale\/et\/wp-json\/wp\/v2\/product\/59249","targetHints":{"allow":["GET"]}}],"collection":[{"href":"https:\/\/factory.sale\/et\/wp-json\/wp\/v2\/product"}],"about":[{"href":"https:\/\/factory.sale\/et\/wp-json\/wp\/v2\/types\/product"}],"replies":[{"embeddable":true,"href":"https:\/\/factory.sale\/et\/wp-json\/wp\/v2\/comments?post=59249"}],"wp:featuredmedia":[{"embeddable":true,"href":"https:\/\/factory.sale\/et\/wp-json\/wp\/v2\/media\/59239"}],"wp:attachment":[{"href":"https:\/\/factory.sale\/et\/wp-json\/wp\/v2\/media?parent=59249"}],"wp:term":[{"taxonomy":"factory","embeddable":true,"href":"https:\/\/factory.sale\/et\/wp-json\/wp\/v2\/factory?post=59249"},{"taxonomy":"free-shipment","embeddable":true,"href":"https:\/\/factory.sale\/et\/wp-json\/wp\/v2\/free-shipment?post=59249"},{"taxonomy":"product_brand","embeddable":true,"href":"https:\/\/factory.sale\/et\/wp-json\/wp\/v2\/product_brand?post=59249"},{"taxonomy":"product_cat","embeddable":true,"href":"https:\/\/factory.sale\/et\/wp-json\/wp\/v2\/product_cat?post=59249"},{"taxonomy":"product_tag","embeddable":true,"href":"https:\/\/factory.sale\/et\/wp-json\/wp\/v2\/product_tag?post=59249"}],"curies":[{"name":"wp","href":"https:\/\/api.w.org\/{rel}","templated":true}]}}