{"id":58888,"date":"2023-12-29T22:35:07","date_gmt":"2023-12-29T22:42:06","guid":{"rendered":"https:\/\/factory.sale\/?post_type=product&#038;p=58888"},"modified":"2024-06-25T14:34:53","modified_gmt":"2024-06-25T14:34:53","slug":"koerakuut-esik-ja-tuba","status":"publish","type":"product","link":"https:\/\/factory.sale\/et\/toode\/koerakuut-esik-ja-tuba\/","title":{"rendered":"Koerakuut esik ja tuba"},"content":{"rendered":"<p><strong>Tootekood:<\/strong> 13230012<\/p>\n<p>&nbsp;<\/p>\n<p>Koerakuudi tagumise toa seinad ja lagi on soojustatud 25 mm vahtpol\u00fcsterooliga<br \/>\nP\u00f5randal on kahekordne laudis<br \/>\nKuudi katus on teisaldatav.<\/p>\n<p>&nbsp;<\/p>\n<p><strong>Tehnilised andmed:<\/strong><\/p>\n<ul>\n<li>Pakendi m\u00f5\u00f5tmed: 110 \u00d7 142 \u00d7 175 cm (P\/L\/K)<\/li>\n<li>Kaal: 90 kg<\/li>\n<\/ul>\n","protected":false},"excerpt":{"rendered":"<p>Taga oma karvasele s\u00f5brale mugavus ja turvalisus meie esmaklassiliste koerakuutidega! Valmistatud vastupidavuse ja disainitud stiili silmas pidades, need koerakuudid on ideaalsed igasse aeda. Ilmastikukindlast materjalist ja hubase sisemusega, pakuvad nad t\u00e4iuslikku pelgupaika sinu truule kaaslasele. Vali parim oma lemmikule.<\/p>\n","protected":false},"featured_media":58880,"comment_status":"open","ping_status":"closed","template":"","meta":{"_acf_changed":false},"factory":[],"free-shipment":[],"product_brand":[],"product_cat":[924,2241],"product_tag":[],"class_list":{"0":"post-58888","1":"product","2":"type-product","3":"status-publish","4":"has-post-thumbnail","6":"product_cat-aiatooted","7":"product_cat-aiamoobel","9":"first","10":"instock","11":"sale","12":"taxable","13":"shipping-taxable","14":"purchasable","15":"product-type-simple"},"acf":[],"_links":{"self":[{"href":"https:\/\/factory.sale\/et\/wp-json\/wp\/v2\/product\/58888","targetHints":{"allow":["GET"]}}],"collection":[{"href":"https:\/\/factory.sale\/et\/wp-json\/wp\/v2\/product"}],"about":[{"href":"https:\/\/factory.sale\/et\/wp-json\/wp\/v2\/types\/product"}],"replies":[{"embeddable":true,"href":"https:\/\/factory.sale\/et\/wp-json\/wp\/v2\/comments?post=58888"}],"wp:featuredmedia":[{"embeddable":true,"href":"https:\/\/factory.sale\/et\/wp-json\/wp\/v2\/media\/58880"}],"wp:attachment":[{"href":"https:\/\/factory.sale\/et\/wp-json\/wp\/v2\/media?parent=58888"}],"wp:term":[{"taxonomy":"factory","embeddable":true,"href":"https:\/\/factory.sale\/et\/wp-json\/wp\/v2\/factory?post=58888"},{"taxonomy":"free-shipment","embeddable":true,"href":"https:\/\/factory.sale\/et\/wp-json\/wp\/v2\/free-shipment?post=58888"},{"taxonomy":"product_brand","embeddable":true,"href":"https:\/\/factory.sale\/et\/wp-json\/wp\/v2\/product_brand?post=58888"},{"taxonomy":"product_cat","embeddable":true,"href":"https:\/\/factory.sale\/et\/wp-json\/wp\/v2\/product_cat?post=58888"},{"taxonomy":"product_tag","embeddable":true,"href":"https:\/\/factory.sale\/et\/wp-json\/wp\/v2\/product_tag?post=58888"}],"curies":[{"name":"wp","href":"https:\/\/api.w.org\/{rel}","templated":true}]}}