{"id":58863,"date":"2023-12-29T21:59:58","date_gmt":"2023-12-29T22:06:49","guid":{"rendered":"https:\/\/factory.sale\/?post_type=product&#038;p=58863"},"modified":"2024-06-27T18:54:32","modified_gmt":"2024-06-27T18:54:32","slug":"koerakuut-viilkatusega","status":"publish","type":"product","link":"https:\/\/factory.sale\/et\/toode\/koerakuut-viilkatusega\/","title":{"rendered":"Koerakuut viilkatusega"},"content":{"rendered":"<p><strong>Tootekood:<\/strong> 13230011<\/p>\n<p>&nbsp;<\/p>\n<p>&nbsp;<\/p>\n<p><strong>Tehnilised andmed:<\/strong><\/p>\n<ul>\n<li>Pakendi m\u00f5\u00f5tmed: 90 \u00d7 75 \u00d7 80 cm (P\/L\/K)<\/li>\n<li>Kaal: 20 kg<\/li>\n<li>Ukseava suurus: 30 x 45 cm<\/li>\n<\/ul>\n","protected":false},"excerpt":{"rendered":"<p>Taga oma karvasele s\u00f5brale mugavus ja turvalisus meie koerakuutidega! Valmistatud vastupidavuse ja disainitud stiili silmas pidades, need koerakuudid on ideaalsed igasse aeda. Ilmastikukindlast materjalist ja hubase sisemusega, pakuvad nad t\u00e4iuslikku pelgupaika sinu truule kaaslasele. Vali parim oma lemmikule.<\/p>\n","protected":false},"featured_media":58858,"comment_status":"open","ping_status":"closed","template":"","meta":{"_acf_changed":false},"factory":[],"free-shipment":[],"product_brand":[],"product_cat":[917,2240],"product_tag":[1035,2458,1034,2465],"class_list":{"0":"post-58863","1":"product","2":"type-product","3":"status-publish","4":"has-post-thumbnail","6":"product_cat-garden-yard","7":"product_cat-garden-furniture","8":"product_tag-garden","9":"product_tag-garden-furniture","10":"product_tag-yard","11":"product_tag-yard-and-garden","13":"first","14":"instock","15":"sale","16":"taxable","17":"shipping-taxable","18":"purchasable","19":"product-type-simple"},"acf":[],"_links":{"self":[{"href":"https:\/\/factory.sale\/et\/wp-json\/wp\/v2\/product\/58863","targetHints":{"allow":["GET"]}}],"collection":[{"href":"https:\/\/factory.sale\/et\/wp-json\/wp\/v2\/product"}],"about":[{"href":"https:\/\/factory.sale\/et\/wp-json\/wp\/v2\/types\/product"}],"replies":[{"embeddable":true,"href":"https:\/\/factory.sale\/et\/wp-json\/wp\/v2\/comments?post=58863"}],"wp:featuredmedia":[{"embeddable":true,"href":"https:\/\/factory.sale\/et\/wp-json\/wp\/v2\/media\/58858"}],"wp:attachment":[{"href":"https:\/\/factory.sale\/et\/wp-json\/wp\/v2\/media?parent=58863"}],"wp:term":[{"taxonomy":"factory","embeddable":true,"href":"https:\/\/factory.sale\/et\/wp-json\/wp\/v2\/factory?post=58863"},{"taxonomy":"free-shipment","embeddable":true,"href":"https:\/\/factory.sale\/et\/wp-json\/wp\/v2\/free-shipment?post=58863"},{"taxonomy":"product_brand","embeddable":true,"href":"https:\/\/factory.sale\/et\/wp-json\/wp\/v2\/product_brand?post=58863"},{"taxonomy":"product_cat","embeddable":true,"href":"https:\/\/factory.sale\/et\/wp-json\/wp\/v2\/product_cat?post=58863"},{"taxonomy":"product_tag","embeddable":true,"href":"https:\/\/factory.sale\/et\/wp-json\/wp\/v2\/product_tag?post=58863"}],"curies":[{"name":"wp","href":"https:\/\/api.w.org\/{rel}","templated":true}]}}