{"id":58849,"date":"2023-12-29T21:32:07","date_gmt":"2023-12-29T21:38:33","guid":{"rendered":"https:\/\/factory.sale\/?post_type=product&#038;p=58849"},"modified":"2024-06-27T20:30:22","modified_gmt":"2024-06-27T20:30:22","slug":"koerakuut-lameda-katusega","status":"publish","type":"product","link":"https:\/\/factory.sale\/et\/toode\/koerakuut-lameda-katusega\/","title":{"rendered":"Koerakuut lameda katusega"},"content":{"rendered":"<p><strong>Tootekood<\/strong>: 13230010<\/p>\n<p>&nbsp;<\/p>\n<p>Lamekatusega, \u00fche ruumiga koerakuut.<\/p>\n<p>&nbsp;<\/p>\n<p><strong>Tehnilised andmed:<\/strong><\/p>\n<ul>\n<li>Pakendi m\u00f5\u00f5tmed: 90 \u00d7 75 \u00d7 80 cm (P\/L\/K)<\/li>\n<li>Kaal: 20 kg<\/li>\n<li>Ukseava m\u00f5\u00f5t: 30 x 45 cm<\/li>\n<\/ul>\n","protected":false},"excerpt":{"rendered":"<p>Lamekatusega, \u00fche ruumiga koerakuut.<\/p>\n","protected":false},"featured_media":58847,"comment_status":"open","ping_status":"closed","template":"","meta":{"_acf_changed":false},"factory":[],"free-shipment":[],"product_brand":[],"product_cat":[924,2241],"product_tag":[1483,2714],"class_list":{"0":"post-58849","1":"product","2":"type-product","3":"status-publish","4":"has-post-thumbnail","6":"product_cat-aiatooted","7":"product_cat-aiamoobel","8":"product_tag-garden-et","9":"product_tag-yard-and-garden-et","11":"first","12":"instock","13":"sale","14":"taxable","15":"shipping-taxable","16":"purchasable","17":"product-type-simple"},"acf":[],"_links":{"self":[{"href":"https:\/\/factory.sale\/et\/wp-json\/wp\/v2\/product\/58849","targetHints":{"allow":["GET"]}}],"collection":[{"href":"https:\/\/factory.sale\/et\/wp-json\/wp\/v2\/product"}],"about":[{"href":"https:\/\/factory.sale\/et\/wp-json\/wp\/v2\/types\/product"}],"replies":[{"embeddable":true,"href":"https:\/\/factory.sale\/et\/wp-json\/wp\/v2\/comments?post=58849"}],"wp:featuredmedia":[{"embeddable":true,"href":"https:\/\/factory.sale\/et\/wp-json\/wp\/v2\/media\/58847"}],"wp:attachment":[{"href":"https:\/\/factory.sale\/et\/wp-json\/wp\/v2\/media?parent=58849"}],"wp:term":[{"taxonomy":"factory","embeddable":true,"href":"https:\/\/factory.sale\/et\/wp-json\/wp\/v2\/factory?post=58849"},{"taxonomy":"free-shipment","embeddable":true,"href":"https:\/\/factory.sale\/et\/wp-json\/wp\/v2\/free-shipment?post=58849"},{"taxonomy":"product_brand","embeddable":true,"href":"https:\/\/factory.sale\/et\/wp-json\/wp\/v2\/product_brand?post=58849"},{"taxonomy":"product_cat","embeddable":true,"href":"https:\/\/factory.sale\/et\/wp-json\/wp\/v2\/product_cat?post=58849"},{"taxonomy":"product_tag","embeddable":true,"href":"https:\/\/factory.sale\/et\/wp-json\/wp\/v2\/product_tag?post=58849"}],"curies":[{"name":"wp","href":"https:\/\/api.w.org\/{rel}","templated":true}]}}