{"id":58835,"date":"2023-12-29T21:13:00","date_gmt":"2023-12-29T21:18:58","guid":{"rendered":"https:\/\/factory.sale\/?post_type=product&#038;p=58835"},"modified":"2026-03-28T12:13:15","modified_gmt":"2026-03-28T09:13:15","slug":"aialaud-valge","status":"publish","type":"product","link":"https:\/\/factory.sale\/et\/toode\/aialaud-valge\/","title":{"rendered":"Aialaud valge"},"content":{"rendered":"<p><strong>Tootekood:<\/strong> 13240029<\/p>\n<p>&nbsp;<\/p>\n<p>M\u00e4nnipuidust aialaud sobib nii aeda, kui terassile.<\/p>\n<p>Talve saabudes on oluline kaitsta aiam\u00f6\u00f6blit k\u00fclma, niiskuse ja lumega seotud kahjustuste eest. T\u00f5sta aiam\u00f6\u00f6bel talveks varju alla, kasutades kaitsekatteid v\u00f5i viies need kuuri v\u00f5i garaa\u017ei, et s\u00e4ilitada nende ilu ja pikendada eluiga.<\/p>\n<p>&nbsp;<\/p>\n<p>&nbsp;<\/p>\n<p>&nbsp;<\/p>\n<p><strong>Tehnilised andmed:<\/strong><\/p>\n<ul>\n<li>Pakendi m\u00f5\u00f5tmed 77 \u00d7 77 \u00d7 13 cm (P\/L\/K)<\/li>\n<li>Kaal: 14 kg<\/li>\n<li>Pikkus: 750 mm<\/li>\n<li>S\u00fcgavus: 750 mm<\/li>\n<li>K\u00f5rgus: 750 mm<\/li>\n<li>V\u00e4rv: valge<\/li>\n<\/ul>\n","protected":false},"excerpt":{"rendered":"<p>M\u00e4nnipuidust aialaud sobib nii aeda, kui terassile.<\/p>\n","protected":false},"featured_media":58826,"comment_status":"open","ping_status":"closed","template":"","meta":{"_acf_changed":false},"factory":[],"free-shipment":[],"product_brand":[],"product_cat":[924,2241],"product_tag":[1483,2715,2714],"class_list":{"0":"post-58835","1":"product","2":"type-product","3":"status-publish","4":"has-post-thumbnail","6":"product_cat-aiatooted","7":"product_cat-aiamoobel","8":"product_tag-garden-et","9":"product_tag-garden-furniture-et","10":"product_tag-yard-and-garden-et","12":"first","13":"instock","14":"sale","15":"taxable","16":"shipping-taxable","17":"purchasable","18":"product-type-simple"},"acf":[],"_links":{"self":[{"href":"https:\/\/factory.sale\/et\/wp-json\/wp\/v2\/product\/58835","targetHints":{"allow":["GET"]}}],"collection":[{"href":"https:\/\/factory.sale\/et\/wp-json\/wp\/v2\/product"}],"about":[{"href":"https:\/\/factory.sale\/et\/wp-json\/wp\/v2\/types\/product"}],"replies":[{"embeddable":true,"href":"https:\/\/factory.sale\/et\/wp-json\/wp\/v2\/comments?post=58835"}],"wp:featuredmedia":[{"embeddable":true,"href":"https:\/\/factory.sale\/et\/wp-json\/wp\/v2\/media\/58826"}],"wp:attachment":[{"href":"https:\/\/factory.sale\/et\/wp-json\/wp\/v2\/media?parent=58835"}],"wp:term":[{"taxonomy":"factory","embeddable":true,"href":"https:\/\/factory.sale\/et\/wp-json\/wp\/v2\/factory?post=58835"},{"taxonomy":"free-shipment","embeddable":true,"href":"https:\/\/factory.sale\/et\/wp-json\/wp\/v2\/free-shipment?post=58835"},{"taxonomy":"product_brand","embeddable":true,"href":"https:\/\/factory.sale\/et\/wp-json\/wp\/v2\/product_brand?post=58835"},{"taxonomy":"product_cat","embeddable":true,"href":"https:\/\/factory.sale\/et\/wp-json\/wp\/v2\/product_cat?post=58835"},{"taxonomy":"product_tag","embeddable":true,"href":"https:\/\/factory.sale\/et\/wp-json\/wp\/v2\/product_tag?post=58835"}],"curies":[{"name":"wp","href":"https:\/\/api.w.org\/{rel}","templated":true}]}}