{"id":58813,"date":"2023-12-29T20:50:03","date_gmt":"2023-12-29T20:53:09","guid":{"rendered":"https:\/\/factory.sale\/?post_type=product&#038;p=58813"},"modified":"2024-06-26T11:28:22","modified_gmt":"2024-06-26T11:28:22","slug":"aiapink-3-kohaline","status":"publish","type":"product","link":"https:\/\/factory.sale\/et\/toode\/aiapink-3-kohaline\/","title":{"rendered":"Aiapink 3 kohaline"},"content":{"rendered":"<p><strong>Tootekood:<\/strong> 13240021<\/p>\n<p>&nbsp;<\/p>\n<p>M\u00e4nnipuidust aiapink sobib nii aeda, kui terassile.<\/p>\n<p>Viimistlus: v\u00e4rv valge. (V\u00f5imalik tellida ka rohelist v\u00e4rvi. Soov eraldi m\u00e4rkida m\u00e4rkuste alla).<br \/>\nTalve saabudes on oluline kaitsta aiam\u00f6\u00f6blit k\u00fclma, niiskuse ja lumega seotud kahjustuste eest. T\u00f5sta aiam\u00f6\u00f6bel talveks varju alla, kasutades kaitsekatteid v\u00f5i viies need kuuri v\u00f5i garaa\u017ei, et s\u00e4ilitada nende ilu ja pikendada eluiga.<\/p>\n<p>&nbsp;<\/p>\n<p><strong>Tehnilised andmed:<\/strong><\/p>\n<ul>\n<li>Pakendi m\u00f5\u00f5tmed: 166 \u00d7 68 \u00d7 17 cm (P\/L\/K)<\/li>\n<li>Kaal: 22.50 kg<\/li>\n<li>Pikkus: 1690 mm<\/li>\n<li>S\u00fcgavus: 500 mm<\/li>\n<li>K\u00f5rgus: 920 mm<\/li>\n<\/ul>\n","protected":false},"excerpt":{"rendered":"<p>M\u00e4nnipuidust aiapink sobib nii aeda, kui terassile.<\/p>\n","protected":false},"featured_media":58802,"comment_status":"open","ping_status":"closed","template":"","meta":{"_acf_changed":false},"factory":[],"free-shipment":[],"product_brand":[],"product_cat":[924,2241],"product_tag":[2713,1483,2715,2714],"class_list":{"0":"post-58813","1":"product","2":"type-product","3":"status-publish","4":"has-post-thumbnail","6":"product_cat-aiatooted","7":"product_cat-aiamoobel","8":"product_tag-bench-et","9":"product_tag-garden-et","10":"product_tag-garden-furniture-et","11":"product_tag-yard-and-garden-et","13":"first","14":"instock","15":"sale","16":"taxable","17":"shipping-taxable","18":"purchasable","19":"product-type-simple"},"acf":[],"_links":{"self":[{"href":"https:\/\/factory.sale\/et\/wp-json\/wp\/v2\/product\/58813","targetHints":{"allow":["GET"]}}],"collection":[{"href":"https:\/\/factory.sale\/et\/wp-json\/wp\/v2\/product"}],"about":[{"href":"https:\/\/factory.sale\/et\/wp-json\/wp\/v2\/types\/product"}],"replies":[{"embeddable":true,"href":"https:\/\/factory.sale\/et\/wp-json\/wp\/v2\/comments?post=58813"}],"wp:featuredmedia":[{"embeddable":true,"href":"https:\/\/factory.sale\/et\/wp-json\/wp\/v2\/media\/58802"}],"wp:attachment":[{"href":"https:\/\/factory.sale\/et\/wp-json\/wp\/v2\/media?parent=58813"}],"wp:term":[{"taxonomy":"factory","embeddable":true,"href":"https:\/\/factory.sale\/et\/wp-json\/wp\/v2\/factory?post=58813"},{"taxonomy":"free-shipment","embeddable":true,"href":"https:\/\/factory.sale\/et\/wp-json\/wp\/v2\/free-shipment?post=58813"},{"taxonomy":"product_brand","embeddable":true,"href":"https:\/\/factory.sale\/et\/wp-json\/wp\/v2\/product_brand?post=58813"},{"taxonomy":"product_cat","embeddable":true,"href":"https:\/\/factory.sale\/et\/wp-json\/wp\/v2\/product_cat?post=58813"},{"taxonomy":"product_tag","embeddable":true,"href":"https:\/\/factory.sale\/et\/wp-json\/wp\/v2\/product_tag?post=58813"}],"curies":[{"name":"wp","href":"https:\/\/api.w.org\/{rel}","templated":true}]}}