{"id":58725,"date":"2023-12-29T16:29:47","date_gmt":"2023-12-29T16:33:47","guid":{"rendered":"https:\/\/factory.sale\/?post_type=product&#038;p=58725"},"modified":"2025-10-29T11:14:17","modified_gmt":"2025-10-29T08:14:17","slug":"aiatool","status":"publish","type":"product","link":"https:\/\/factory.sale\/et\/toode\/aiatool\/","title":{"rendered":"Aiatool"},"content":{"rendered":"<p><strong>Tootekood:<\/strong> 13240022<\/p>\n<p>&nbsp;<\/p>\n<p>M\u00e4nnipuidust aiatool sobib nii aeda, kui terassile.<\/p>\n<p>Talve saabudes on oluline kaitsta aiam\u00f6\u00f6blit k\u00fclma, niiskuse ja lumega seotud kahjustuste eest. T\u00f5sta aiam\u00f6\u00f6bel talveks varju alla, kasutades kaitsekatteid v\u00f5i viies need kuuri v\u00f5i garaa\u017ei, et s\u00e4ilitada nende ilu ja pikendada eluiga.<\/p>\n<p>&nbsp;<\/p>\n<p>&nbsp;<\/p>\n<p><strong>Tehnilised andmed:<\/strong><\/p>\n<ul>\n<li>Pakendi m\u00f5\u00f5tmed: 93 \u00d7 68 \u00d7 20 cm (P\/L\/K)<\/li>\n<li>Kaal: 8.5 kg<\/li>\n<li>Pikkus: 630 mm<\/li>\n<li>S\u00fcgavus: 500 mm<\/li>\n<li>K\u00f5rgus: 920 mm<\/li>\n<li>V\u00e4rv: valge (V\u00f5imalik tellida ka rohelist v\u00e4rvi. Andke oma soovist meile teada)<\/li>\n<\/ul>\n","protected":false},"excerpt":{"rendered":"<p>M\u00e4nnipuidust aiatool sobib nii aeda kui ka terassile.<\/p>\n","protected":false},"featured_media":58717,"comment_status":"open","ping_status":"closed","template":"","meta":{"_acf_changed":false},"factory":[],"free-shipment":[],"product_brand":[],"product_cat":[924,2241],"product_tag":[1483,2715,2714],"class_list":{"0":"post-58725","1":"product","2":"type-product","3":"status-publish","4":"has-post-thumbnail","6":"product_cat-aiatooted","7":"product_cat-aiamoobel","8":"product_tag-garden-et","9":"product_tag-garden-furniture-et","10":"product_tag-yard-and-garden-et","12":"first","13":"instock","14":"sale","15":"taxable","16":"shipping-taxable","17":"purchasable","18":"product-type-simple"},"acf":[],"_links":{"self":[{"href":"https:\/\/factory.sale\/et\/wp-json\/wp\/v2\/product\/58725","targetHints":{"allow":["GET"]}}],"collection":[{"href":"https:\/\/factory.sale\/et\/wp-json\/wp\/v2\/product"}],"about":[{"href":"https:\/\/factory.sale\/et\/wp-json\/wp\/v2\/types\/product"}],"replies":[{"embeddable":true,"href":"https:\/\/factory.sale\/et\/wp-json\/wp\/v2\/comments?post=58725"}],"wp:featuredmedia":[{"embeddable":true,"href":"https:\/\/factory.sale\/et\/wp-json\/wp\/v2\/media\/58717"}],"wp:attachment":[{"href":"https:\/\/factory.sale\/et\/wp-json\/wp\/v2\/media?parent=58725"}],"wp:term":[{"taxonomy":"factory","embeddable":true,"href":"https:\/\/factory.sale\/et\/wp-json\/wp\/v2\/factory?post=58725"},{"taxonomy":"free-shipment","embeddable":true,"href":"https:\/\/factory.sale\/et\/wp-json\/wp\/v2\/free-shipment?post=58725"},{"taxonomy":"product_brand","embeddable":true,"href":"https:\/\/factory.sale\/et\/wp-json\/wp\/v2\/product_brand?post=58725"},{"taxonomy":"product_cat","embeddable":true,"href":"https:\/\/factory.sale\/et\/wp-json\/wp\/v2\/product_cat?post=58725"},{"taxonomy":"product_tag","embeddable":true,"href":"https:\/\/factory.sale\/et\/wp-json\/wp\/v2\/product_tag?post=58725"}],"curies":[{"name":"wp","href":"https:\/\/api.w.org\/{rel}","templated":true}]}}