{"id":58555,"date":"2023-12-29T08:29:13","date_gmt":"2023-12-29T08:33:49","guid":{"rendered":"https:\/\/factory.sale\/?post_type=product&#038;p=58555"},"modified":"2024-06-26T21:56:05","modified_gmt":"2024-06-26T21:56:05","slug":"saunaahju-ukse-klaas-suur","status":"publish","type":"product","link":"https:\/\/factory.sale\/et\/toode\/saunaahju-ukse-klaas-suur\/","title":{"rendered":"Saunaahju ukse klaas, suur"},"content":{"rendered":"<p><strong>Tootekood:<\/strong> 20500030<\/p>\n<p>&nbsp;<\/p>\n<p>Asendusklaas saunaahju kolde uksele<\/p>\n<p>Stoveman 16,20,24 mudelile.<\/p>\n<p>&nbsp;<\/p>\n<p><strong>Tehnilised andmed:<\/strong><\/p>\n<ul>\n<li>Pakendi m\u00f5\u00f5tmed: 21 \u00d7 21 cm (P\/L\/K)<\/li>\n<li>Kaal: 1 kg<\/li>\n<\/ul>\n","protected":false},"excerpt":{"rendered":"<p>Asendusklaas saunaahju kolde uksele<\/p>\n<p>Stoveman 16,20,24 mudelile.<\/p>\n","protected":false},"featured_media":58553,"comment_status":"open","ping_status":"closed","template":"","meta":{"_acf_changed":false},"factory":[],"free-shipment":[],"product_brand":[],"product_cat":[1028,784],"product_tag":[811],"class_list":{"0":"post-58555","1":"product","2":"type-product","3":"status-publish","4":"has-post-thumbnail","6":"product_cat-saunatarvikud","7":"product_cat-sanitaartehnika","8":"product_tag-sauna-et","10":"first","11":"instock","12":"sale","13":"taxable","14":"shipping-taxable","15":"purchasable","16":"product-type-simple"},"acf":[],"_links":{"self":[{"href":"https:\/\/factory.sale\/et\/wp-json\/wp\/v2\/product\/58555","targetHints":{"allow":["GET"]}}],"collection":[{"href":"https:\/\/factory.sale\/et\/wp-json\/wp\/v2\/product"}],"about":[{"href":"https:\/\/factory.sale\/et\/wp-json\/wp\/v2\/types\/product"}],"replies":[{"embeddable":true,"href":"https:\/\/factory.sale\/et\/wp-json\/wp\/v2\/comments?post=58555"}],"wp:featuredmedia":[{"embeddable":true,"href":"https:\/\/factory.sale\/et\/wp-json\/wp\/v2\/media\/58553"}],"wp:attachment":[{"href":"https:\/\/factory.sale\/et\/wp-json\/wp\/v2\/media?parent=58555"}],"wp:term":[{"taxonomy":"factory","embeddable":true,"href":"https:\/\/factory.sale\/et\/wp-json\/wp\/v2\/factory?post=58555"},{"taxonomy":"free-shipment","embeddable":true,"href":"https:\/\/factory.sale\/et\/wp-json\/wp\/v2\/free-shipment?post=58555"},{"taxonomy":"product_brand","embeddable":true,"href":"https:\/\/factory.sale\/et\/wp-json\/wp\/v2\/product_brand?post=58555"},{"taxonomy":"product_cat","embeddable":true,"href":"https:\/\/factory.sale\/et\/wp-json\/wp\/v2\/product_cat?post=58555"},{"taxonomy":"product_tag","embeddable":true,"href":"https:\/\/factory.sale\/et\/wp-json\/wp\/v2\/product_tag?post=58555"}],"curies":[{"name":"wp","href":"https:\/\/api.w.org\/{rel}","templated":true}]}}