{"id":58542,"date":"2023-12-29T08:13:36","date_gmt":"2023-12-29T08:17:02","guid":{"rendered":"https:\/\/factory.sale\/?post_type=product&#038;p=58542"},"modified":"2024-06-26T10:46:15","modified_gmt":"2024-06-26T10:46:15","slug":"puuderiiul","status":"publish","type":"product","link":"https:\/\/factory.sale\/et\/toode\/puuderiiul\/","title":{"rendered":"Puuderiiul"},"content":{"rendered":"<p><strong>Tootekood:<\/strong> 12130210<\/p>\n<p>&nbsp;<\/p>\n<p>Stoveman puuderiiul on valmistatud k\u00e4sit\u00f6\u00f6na, nelikanttorust puude ladustamiseks.<\/p>\n<p>&nbsp;<\/p>\n<p><strong>Tehnilised andmed:<\/strong><\/p>\n<ul>\n<li>Pakendi m\u00f5\u00f5tmed: 25 \u00d7 53 \u00d7 150 cm (P\/L\/K)<\/li>\n<li>Kaal: 6 kg<\/li>\n<\/ul>\n","protected":false},"excerpt":{"rendered":"<p>Stoveman puuderiiul on valmistatud k\u00e4sit\u00f6\u00f6na, nelikanttorust puude ladustamiseks.<\/p>\n","protected":false},"featured_media":58540,"comment_status":"open","ping_status":"closed","template":"","meta":{"_acf_changed":false},"factory":[],"free-shipment":[],"product_brand":[],"product_cat":[2269,784],"product_tag":[],"class_list":{"0":"post-58542","1":"product","2":"type-product","3":"status-publish","4":"has-post-thumbnail","6":"product_cat-saunamoobel","7":"product_cat-sanitaartehnika","9":"first","10":"instock","11":"sale","12":"taxable","13":"shipping-taxable","14":"purchasable","15":"product-type-simple"},"acf":[],"_links":{"self":[{"href":"https:\/\/factory.sale\/et\/wp-json\/wp\/v2\/product\/58542","targetHints":{"allow":["GET"]}}],"collection":[{"href":"https:\/\/factory.sale\/et\/wp-json\/wp\/v2\/product"}],"about":[{"href":"https:\/\/factory.sale\/et\/wp-json\/wp\/v2\/types\/product"}],"replies":[{"embeddable":true,"href":"https:\/\/factory.sale\/et\/wp-json\/wp\/v2\/comments?post=58542"}],"wp:featuredmedia":[{"embeddable":true,"href":"https:\/\/factory.sale\/et\/wp-json\/wp\/v2\/media\/58540"}],"wp:attachment":[{"href":"https:\/\/factory.sale\/et\/wp-json\/wp\/v2\/media?parent=58542"}],"wp:term":[{"taxonomy":"factory","embeddable":true,"href":"https:\/\/factory.sale\/et\/wp-json\/wp\/v2\/factory?post=58542"},{"taxonomy":"free-shipment","embeddable":true,"href":"https:\/\/factory.sale\/et\/wp-json\/wp\/v2\/free-shipment?post=58542"},{"taxonomy":"product_brand","embeddable":true,"href":"https:\/\/factory.sale\/et\/wp-json\/wp\/v2\/product_brand?post=58542"},{"taxonomy":"product_cat","embeddable":true,"href":"https:\/\/factory.sale\/et\/wp-json\/wp\/v2\/product_cat?post=58542"},{"taxonomy":"product_tag","embeddable":true,"href":"https:\/\/factory.sale\/et\/wp-json\/wp\/v2\/product_tag?post=58542"}],"curies":[{"name":"wp","href":"https:\/\/api.w.org\/{rel}","templated":true}]}}