{"id":58532,"date":"2023-12-29T07:50:05","date_gmt":"2023-12-29T07:55:03","guid":{"rendered":"https:\/\/factory.sale\/?post_type=product&#038;p=58532"},"modified":"2024-06-26T08:24:41","modified_gmt":"2024-06-26T08:24:41","slug":"puuderiiul-vaike","status":"publish","type":"product","link":"https:\/\/factory.sale\/et\/toode\/puuderiiul-vaike\/","title":{"rendered":"Puuderiiul v\u00e4ike"},"content":{"rendered":"<p><strong>Tootekood:<\/strong> 12130211<\/p>\n<p>&nbsp;<\/p>\n<p>Stoveman puuderiiul on valmistatud k\u00e4sit\u00f6\u00f6na, nelikanttorust puude ladustamiseks.<\/p>\n<p>&nbsp;<\/p>\n<p>&nbsp;<\/p>\n<p><strong>Tehnilised andmed:<\/strong><\/p>\n<ul>\n<li>Pakendi m\u00f5\u00f5tmed: 25 \u00d7 53 \u00d7 100 cm (P\/L\/K)<\/li>\n<li>Kaal: 5 kg<\/li>\n<\/ul>\n","protected":false},"excerpt":{"rendered":"<p>Stoveman puuderiiul on valmistatud k\u00e4sit\u00f6\u00f6na, nelikanttorust puude ladustamiseks.<\/p>\n","protected":false},"featured_media":58530,"comment_status":"open","ping_status":"closed","template":"","meta":{"_acf_changed":false},"factory":[],"free-shipment":[],"product_brand":[],"product_cat":[2268,767],"product_tag":[809],"class_list":{"0":"post-58532","1":"product","2":"type-product","3":"status-publish","4":"has-post-thumbnail","6":"product_cat-sauna-furniture-2","7":"product_cat-sanitary-ware","8":"product_tag-sauna","10":"first","11":"instock","12":"sale","13":"taxable","14":"shipping-taxable","15":"purchasable","16":"product-type-simple"},"acf":[],"_links":{"self":[{"href":"https:\/\/factory.sale\/et\/wp-json\/wp\/v2\/product\/58532","targetHints":{"allow":["GET"]}}],"collection":[{"href":"https:\/\/factory.sale\/et\/wp-json\/wp\/v2\/product"}],"about":[{"href":"https:\/\/factory.sale\/et\/wp-json\/wp\/v2\/types\/product"}],"replies":[{"embeddable":true,"href":"https:\/\/factory.sale\/et\/wp-json\/wp\/v2\/comments?post=58532"}],"wp:featuredmedia":[{"embeddable":true,"href":"https:\/\/factory.sale\/et\/wp-json\/wp\/v2\/media\/58530"}],"wp:attachment":[{"href":"https:\/\/factory.sale\/et\/wp-json\/wp\/v2\/media?parent=58532"}],"wp:term":[{"taxonomy":"factory","embeddable":true,"href":"https:\/\/factory.sale\/et\/wp-json\/wp\/v2\/factory?post=58532"},{"taxonomy":"free-shipment","embeddable":true,"href":"https:\/\/factory.sale\/et\/wp-json\/wp\/v2\/free-shipment?post=58532"},{"taxonomy":"product_brand","embeddable":true,"href":"https:\/\/factory.sale\/et\/wp-json\/wp\/v2\/product_brand?post=58532"},{"taxonomy":"product_cat","embeddable":true,"href":"https:\/\/factory.sale\/et\/wp-json\/wp\/v2\/product_cat?post=58532"},{"taxonomy":"product_tag","embeddable":true,"href":"https:\/\/factory.sale\/et\/wp-json\/wp\/v2\/product_tag?post=58532"}],"curies":[{"name":"wp","href":"https:\/\/api.w.org\/{rel}","templated":true}]}}