{"id":58253,"date":"2023-12-28T09:36:24","date_gmt":"2023-12-28T09:37:57","guid":{"rendered":"https:\/\/factory.sale\/?post_type=product&#038;p=58253"},"modified":"2024-06-26T11:31:59","modified_gmt":"2024-06-26T11:31:59","slug":"puude-hoidik","status":"publish","type":"product","link":"https:\/\/factory.sale\/et\/toode\/puude-hoidik\/","title":{"rendered":"Puude hoidik"},"content":{"rendered":"<p><strong>Tootekood:<\/strong> 12130231<\/p>\n<p>&nbsp;<\/p>\n<p>Kaminapuude hoidja on lisaks oma praktilisusele ka suurep\u00e4rane disainielement teie kodus, mis sobib nii modernsesse kui ka retro stiilis interj\u00f6\u00f6ri.<\/p>\n<p>&nbsp;<\/p>\n<p><strong>\u00dcldandmed:<\/strong><\/p>\n<ul>\n<li>Pakendi m\u00f5\u00f5tmed: 25 \u00d7 46 \u00d7 101 cm (P\/L\/K)<\/li>\n<li>Kaal: 27 kg<\/li>\n<\/ul>\n","protected":false},"excerpt":{"rendered":"<p>Kaminapuude hoidja on lisaks oma praktilisusele ka suurep\u00e4rane disainielement teie kodus, mis sobib nii modernsesse kui ka retro stiilis interj\u00f6\u00f6ri.<\/p>\n","protected":false},"featured_media":58251,"comment_status":"open","ping_status":"closed","template":"","meta":{"_acf_changed":false},"factory":[],"free-shipment":[],"product_brand":[],"product_cat":[1028,784],"product_tag":[301],"class_list":{"0":"post-58253","1":"product","2":"type-product","3":"status-publish","4":"has-post-thumbnail","6":"product_cat-saunatarvikud","7":"product_cat-sanitaartehnika","8":"product_tag-wood-et-2","10":"first","11":"instock","12":"sale","13":"taxable","14":"shipping-taxable","15":"purchasable","16":"product-type-simple"},"acf":[],"_links":{"self":[{"href":"https:\/\/factory.sale\/et\/wp-json\/wp\/v2\/product\/58253","targetHints":{"allow":["GET"]}}],"collection":[{"href":"https:\/\/factory.sale\/et\/wp-json\/wp\/v2\/product"}],"about":[{"href":"https:\/\/factory.sale\/et\/wp-json\/wp\/v2\/types\/product"}],"replies":[{"embeddable":true,"href":"https:\/\/factory.sale\/et\/wp-json\/wp\/v2\/comments?post=58253"}],"wp:featuredmedia":[{"embeddable":true,"href":"https:\/\/factory.sale\/et\/wp-json\/wp\/v2\/media\/58251"}],"wp:attachment":[{"href":"https:\/\/factory.sale\/et\/wp-json\/wp\/v2\/media?parent=58253"}],"wp:term":[{"taxonomy":"factory","embeddable":true,"href":"https:\/\/factory.sale\/et\/wp-json\/wp\/v2\/factory?post=58253"},{"taxonomy":"free-shipment","embeddable":true,"href":"https:\/\/factory.sale\/et\/wp-json\/wp\/v2\/free-shipment?post=58253"},{"taxonomy":"product_brand","embeddable":true,"href":"https:\/\/factory.sale\/et\/wp-json\/wp\/v2\/product_brand?post=58253"},{"taxonomy":"product_cat","embeddable":true,"href":"https:\/\/factory.sale\/et\/wp-json\/wp\/v2\/product_cat?post=58253"},{"taxonomy":"product_tag","embeddable":true,"href":"https:\/\/factory.sale\/et\/wp-json\/wp\/v2\/product_tag?post=58253"}],"curies":[{"name":"wp","href":"https:\/\/api.w.org\/{rel}","templated":true}]}}