{"id":58221,"date":"2023-12-28T08:57:50","date_gmt":"2023-12-28T09:03:18","guid":{"rendered":"https:\/\/factory.sale\/?post_type=product&#038;p=58221"},"modified":"2024-06-26T19:57:45","modified_gmt":"2024-06-26T19:57:45","slug":"kodukomposter-230-l-saastev","status":"publish","type":"product","link":"https:\/\/factory.sale\/et\/toode\/kodukomposter-230-l-saastev\/","title":{"rendered":"Kodukomposter Kekkil\u00e4 230 L Kest\u00e4v\u00e4+"},"content":{"rendered":"<p><strong>Kvaliteetne uuendatud soojaisolatsiooniga kodukomposter<\/strong><\/p>\n<p>Kekkil\u00e4 Kodukomposter 230 L Kest\u00e4v\u00e4+ on kvaliteetne ja kahjurikindel termokomposter, mis vastab j\u00e4\u00e4tmem\u00e4\u00e4ruse n\u00f5uetele.<br \/>\nKodukomposter on puhta disainiga ja \u00fcmar kuju jaotab soojust \u00fchtlaselt aastaringseks kompostimiseks.<br \/>\nKodukomposter on ergonoomiline. T\u00e4nu suurele kaanele ja \u00e4ravooluluugile on seda lihtne t\u00e4ita ja t\u00fchjendada.<br \/>\nToode on valmistatud taaskasutatud plastist (PE) ja sellel on turul k\u00f5ige paksem soojusisolatsioon (PS).<br \/>\nUuendatud disain: k\u00f5vast plastist termokate ja suur t\u00fchjendusluuk, t\u00f5hus kaheklapiline ventilatsioon, kaane lukustusriiv ja tugihing muudavad kompostri kasutamise lihtsaks ja tagavad \u00f5hutiheda konstruktsiooni.<br \/>\nUV-kaitsega raam ja paks isolatsioon sees muudavad toote funktsionaalseks ja kauakestvaks. Kaanel ja \u00e4ravooluluugil on m\u00f5lemal ventilatsioon.<br \/>\nT\u00e4nu p\u00f5hja kallutamisele juhitakse vedelikud kompostrist v\u00e4lja \u00fche filtri kaudu.<br \/>\nAnname Kodukompostrile 25-aastase raami garantii \u2013 \u00e4rge unustage toodet registreerida.<br \/>\nMaterjal: taaskasutatud plastik (PE), plastik (PE + EPS)<\/p>\n<p>&nbsp;<\/p>\n<p><strong>Tehniline informatsioon:<\/strong><\/p>\n<ul>\n<li>V\u00e4rvus: tumehall<\/li>\n<li>Toote m\u00f5\u00f5dud: 710 x 710 x 1090 mm<\/li>\n<li>Toote kaal: 18 kg<\/li>\n<li>Maht: 230 l<\/li>\n<li>EAN: 6433000355254<\/li>\n<\/ul>\n<p><strong>Pakett sisaldab:<\/strong> tuulutusklapp, korpus, kaas, \u00e4ravooluluuk, luugid (2tk), imbvedeliku \u00fchendus \u2013 filter, voolik.<\/p>\n<p>&nbsp;<\/p>\n<p><strong>Toote keskkonnavastutuse tegurid<\/strong><\/p>\n<p>V\u00e4hendage oma s\u00fcsiniku jalaj\u00e4lge, valides bioj\u00e4\u00e4tmete kompostimise.<br \/>\nSorteerige bioj\u00e4\u00e4tmeid, et parandada ringlussev\u00f5ttu ja j\u00e4\u00e4tmeliikide ringlussev\u00f5ttu<br \/>\nBioj\u00e4\u00e4tmeid kompostides aitad kaasa ringmajandusele.<br \/>\nSoomes valmistatud tooted on m\u00f5eldud vastupidavaks ja pika garantiiajaga.<br \/>\nToote valmistamisel on kasutatud taaskasutatud plastikut.<br \/>\nKekkil\u00e4 toodetele on saadaval lai valik varuosi.<\/p>\n<p>&nbsp;<\/p>\n<p><strong>Alusta bioj\u00e4\u00e4tmete kompostimisega juba t\u00e4na<\/strong><\/p>\n<p>Tutvuge oma valla j\u00e4\u00e4tmehoolduseeskirjaga, mis v\u00f5ib kohati erineda. Uurige, mida on vaja teie piirkonnas kompostimiseks.<br \/>\nValige endale sobiv mudel, soovitame Kekkil\u00e4 Home kompostrit v\u00f5i Kekkil\u00e4 Thermal kompostrit. Kvaliteetse kompostri ostmine on investeering, mis tasub end kiiresti \u00e4ra.<br \/>\nKui teie piirkonnas n\u00f5utakse, koostage kompostimise deklaratsioon. Tavaliselt leiate vormi omavalitsuse veebisaidilt.<br \/>\nValige kompostri jaoks sobiv koht, mis ei j\u00e4\u00e4ks liiga l\u00e4hedal krundi piirile. Juurdep\u00e4\u00e4s on oluline, seega asetage komposter juurdep\u00e4\u00e4suteede \u00e4\u00e4rde.<br \/>\nK\u00f5ige olulisem on keskenduda oma uue kompostriga j\u00e4\u00e4tmete taaskasutamisele ja oma mulla tootmisele. T\u00e4itke komposter regulaarselt ja \u00e4rge unustage kasutada vahekihina Kompostiturvast, mis on imav segu, mis hoiab komposti \u00f5hulise ja l\u00f5hnavana.<\/p>\n<p>&nbsp;<\/p>\n<p><strong>Termokaane avamine ja sulgemine<\/strong><\/p>\n<p>Kodukompostri kaane lukustusriiv ja tugihinged muudavad selle kasutamise lihtsaks ja tagavad \u00f5hutiheda konstruktsiooni. Lukustusriiv on h\u00f5lpsasti avatav kummist osa t\u00f5mmates ja tugihing vabastatakse seda kergelt edasi-tagasi liigutades. Kaane saab t\u00e4idiseks mugavalt asetada hoidiku servale. P\u00e4rast kompostri t\u00e4itmist bioj\u00e4\u00e4tmete ja kompostimassiga asetatakse tugih\u00fclss kaane t\u00f5stmise ja langetamise teel paika. Lukustusriiv on h\u00e4sti suletud ja kompostimine v\u00f5ib j\u00e4tkuda veelgi kiiremas tempos, kui mikroorganismidel on selle lagundamiseks piisavalt t\u00f6\u00f6d.<\/p>\n<p>&nbsp;<\/p>\n<p><strong>T\u00fchjendusluugi avamine ja sulgemine<\/strong><\/p>\n<p>T\u00fchjendusluuki on lihtne avada t\u00e4nu mugavatele lukustusriividele. T\u00e4nu suurele avausele on komposti lihtne t\u00f5sta n\u00e4iteks aiak\u00e4russe. Kuna komposteeritav mass on kompostri \u00fclemises osas, saab kompostrit igal ajal t\u00fchjendada. Sulgege kaas ja laske massil omal j\u00f5ul p\u00f5hja vajuda.<\/p>\n<p>&nbsp;<\/p>\n<p><strong>Kompostri t\u00e4itmine<\/strong><\/p>\n<p>Kompostri kasutamine on lihtne. P\u00f5hja asetatakse 5 cm paksune kiht hakkepuitu, peenikesi oksi v\u00f5i Kekkil\u00e4 kooremult\u0161i. Lisa olmej\u00e4\u00e4tmeid kompostrisse regulaarselt, paar korda n\u00e4dalas. Laota olmej\u00e4\u00e4tmed \u00fchtlaselt laiali ning lisa alati puistematerjali (nt Kekkil\u00e4 komposti ja k\u00e4imlaturvast) 30-50% olmej\u00e4\u00e4tmete kogusest.<br \/>\nKompostri toimimise seisukohalt on oluline k\u00f6\u00f6gij\u00e4\u00e4tmete regulaarne lisamine ja \u00f5ige niiskustaseme hoidmine. Niiskuse tase on \u00f5ige siis, kui saad peot\u00e4iest kompostist paar tilka vett v\u00e4lja pigistada. Kui kompost on liiga kuiv, tuleb seda kasta. Kui kompost on liiga m\u00e4rg, tuleb puistematerjal be lisas. Lisaks k\u00f6\u00f6gij\u00e4\u00e4tmetele sobib komposter ka aiaj\u00e4\u00e4tmete ja kuivk\u00e4imlaj\u00e4\u00e4tmete j\u00e4relkompostimiseks. J\u00e4relkompostimise k\u00e4igus tuleks k\u00e4imlaj\u00e4\u00e4tmed katta puistematerjaliga.<br \/>\nKomposti tuleks segada ja keerata iga kahe n\u00e4dala tagant sobiva segamispulgaga, et \u00f5hk kompostist l\u00e4bi p\u00e4\u00e4seks. Kord kuus tuleks p\u00f5hja lisada komposti<\/p>\n","protected":false},"excerpt":{"rendered":"<p>Suurep\u00e4rane termokomposter olmej\u00e4\u00e4tmete aastaringseks kompostimiseks. Kodukompostri suur kaas ja t\u00fchjendusluuk tagavad kasutusmugavuse. Toote valmistamisel on kasutatud taaskasutatud plastikut.<\/p>\n<ul>\n<li>Vastab olmej\u00e4\u00e4tmete kompostimiseks sobiva kompostri n\u00f5uetele<\/li>\n<li>Turu paksem soojusisolatsioon ja t\u00f5hus kahe ventiiliga ventilatsioon<\/li>\n<li>Uuendatud, veelgi parem mudel \u2013 anname tootele 25-aastase raamigarantii<\/li>\n<\/ul>\n<p><img loading=\"lazy\" decoding=\"async\" class=\"alignnone wp-image-27956\" src=\"https:\/\/factory.sale\/wp-content\/uploads\/2023\/05\/made-in-finland-300x240.png\" alt=\"\" width=\"208\" height=\"166\" srcset=\"https:\/\/factory.sale\/wp-content\/uploads\/2023\/05\/made-in-finland-300x240.png 300w, https:\/\/factory.sale\/wp-content\/uploads\/2023\/05\/made-in-finland-150x120.png 150w, https:\/\/factory.sale\/wp-content\/uploads\/2023\/05\/made-in-finland-600x480.png 600w, https:\/\/factory.sale\/wp-content\/uploads\/2023\/05\/made-in-finland.png 750w\" sizes=\"auto, (max-width: 208px) 100vw, 208px\" \/><\/p>\n<p>&nbsp;<\/p>\n","protected":false},"featured_media":58211,"comment_status":"open","ping_status":"closed","template":"","meta":{"_acf_changed":false},"factory":[],"free-shipment":[],"product_brand":[],"product_cat":[924,2733],"product_tag":[],"class_list":{"0":"post-58221","1":"product","2":"type-product","3":"status-publish","4":"has-post-thumbnail","6":"product_cat-aiatooted","7":"product_cat-kompostrid","9":"first","10":"instock","11":"sale","12":"taxable","13":"shipping-taxable","14":"purchasable","15":"product-type-simple"},"acf":[],"_links":{"self":[{"href":"https:\/\/factory.sale\/et\/wp-json\/wp\/v2\/product\/58221","targetHints":{"allow":["GET"]}}],"collection":[{"href":"https:\/\/factory.sale\/et\/wp-json\/wp\/v2\/product"}],"about":[{"href":"https:\/\/factory.sale\/et\/wp-json\/wp\/v2\/types\/product"}],"replies":[{"embeddable":true,"href":"https:\/\/factory.sale\/et\/wp-json\/wp\/v2\/comments?post=58221"}],"wp:featuredmedia":[{"embeddable":true,"href":"https:\/\/factory.sale\/et\/wp-json\/wp\/v2\/media\/58211"}],"wp:attachment":[{"href":"https:\/\/factory.sale\/et\/wp-json\/wp\/v2\/media?parent=58221"}],"wp:term":[{"taxonomy":"factory","embeddable":true,"href":"https:\/\/factory.sale\/et\/wp-json\/wp\/v2\/factory?post=58221"},{"taxonomy":"free-shipment","embeddable":true,"href":"https:\/\/factory.sale\/et\/wp-json\/wp\/v2\/free-shipment?post=58221"},{"taxonomy":"product_brand","embeddable":true,"href":"https:\/\/factory.sale\/et\/wp-json\/wp\/v2\/product_brand?post=58221"},{"taxonomy":"product_cat","embeddable":true,"href":"https:\/\/factory.sale\/et\/wp-json\/wp\/v2\/product_cat?post=58221"},{"taxonomy":"product_tag","embeddable":true,"href":"https:\/\/factory.sale\/et\/wp-json\/wp\/v2\/product_tag?post=58221"}],"curies":[{"name":"wp","href":"https:\/\/api.w.org\/{rel}","templated":true}]}}