{"id":56180,"date":"2023-12-20T15:47:32","date_gmt":"2023-12-20T15:49:27","guid":{"rendered":"https:\/\/factory.sale\/?post_type=product&#038;p=56180"},"modified":"2024-06-27T18:24:12","modified_gmt":"2024-06-27T18:24:12","slug":"kadakapuidust-paneel-50x100-cm-raamiga","status":"publish","type":"product","link":"https:\/\/factory.sale\/et\/toode\/kadakapuidust-paneel-50x100-cm-raamiga\/","title":{"rendered":"Kadakapuidust paneel 50\u00d7100 cm raamiga"},"content":{"rendered":"<p><strong>Tootekood: 13290079<\/strong><\/p>\n<p>&nbsp;<\/p>\n<p>Kadakapuidust paneel on dekoratiivelement mis on m\u00f5eldud ennek\u00f5ike leiliruumi seinale kuid v\u00f5ib kasutada ka tubades seinakaunistusena.<\/p>\n<p>Paneel on valmistatud niiskuskindlast vineerist ja kadakat\u00fcvest l\u00f5igatud seibidest.<\/p>\n<p>Kuna puut\u00fcved on k\u00f5ik erineva kuju ja v\u00e4limusega siis on iga paneel kordumatu ja ainulaadse mustriga.<\/p>\n<p>Lisaks omap\u00e4rasele mustrile eraldab ta ka meeldivat l\u00f5hna.<\/p>\n<p>&nbsp;<\/p>\n<p><strong>\u00dcldandmed:<\/strong><\/p>\n<ul>\n<li>Pakendi m\u00f5\u00f5tmed: 50 \u00d7 100 \u00d7 1.5 cm (P\/L\/K)<\/li>\n<li>Kaal: 6.1 kg<\/li>\n<\/ul>\n","protected":false},"excerpt":{"rendered":"<p>Kadakapuidust paneel on dekoratiivelement mis on m\u00f5eldud ennek\u00f5ike leiliruumi seinale kuid v\u00f5ib kasutada ka tubades seinakaunistusena.\u00a0Paneel on valmistatud niiskuskindlast vineerist ja kadakat\u00fcvest l\u00f5igatud seibidest.<\/p>\n<p>&nbsp;<\/p>\n","protected":false},"featured_media":56178,"comment_status":"open","ping_status":"closed","template":"","meta":{"_acf_changed":false},"factory":[],"free-shipment":[],"product_brand":[],"product_cat":[2268,767],"product_tag":[809],"class_list":{"0":"post-56180","1":"product","2":"type-product","3":"status-publish","4":"has-post-thumbnail","6":"product_cat-sauna-furniture-2","7":"product_cat-sanitary-ware","8":"product_tag-sauna","10":"first","11":"instock","12":"sale","13":"taxable","14":"shipping-taxable","15":"purchasable","16":"product-type-simple"},"acf":[],"_links":{"self":[{"href":"https:\/\/factory.sale\/et\/wp-json\/wp\/v2\/product\/56180","targetHints":{"allow":["GET"]}}],"collection":[{"href":"https:\/\/factory.sale\/et\/wp-json\/wp\/v2\/product"}],"about":[{"href":"https:\/\/factory.sale\/et\/wp-json\/wp\/v2\/types\/product"}],"replies":[{"embeddable":true,"href":"https:\/\/factory.sale\/et\/wp-json\/wp\/v2\/comments?post=56180"}],"wp:featuredmedia":[{"embeddable":true,"href":"https:\/\/factory.sale\/et\/wp-json\/wp\/v2\/media\/56178"}],"wp:attachment":[{"href":"https:\/\/factory.sale\/et\/wp-json\/wp\/v2\/media?parent=56180"}],"wp:term":[{"taxonomy":"factory","embeddable":true,"href":"https:\/\/factory.sale\/et\/wp-json\/wp\/v2\/factory?post=56180"},{"taxonomy":"free-shipment","embeddable":true,"href":"https:\/\/factory.sale\/et\/wp-json\/wp\/v2\/free-shipment?post=56180"},{"taxonomy":"product_brand","embeddable":true,"href":"https:\/\/factory.sale\/et\/wp-json\/wp\/v2\/product_brand?post=56180"},{"taxonomy":"product_cat","embeddable":true,"href":"https:\/\/factory.sale\/et\/wp-json\/wp\/v2\/product_cat?post=56180"},{"taxonomy":"product_tag","embeddable":true,"href":"https:\/\/factory.sale\/et\/wp-json\/wp\/v2\/product_tag?post=56180"}],"curies":[{"name":"wp","href":"https:\/\/api.w.org\/{rel}","templated":true}]}}